{"id":73701,"date":"2026-01-24T07:13:37","date_gmt":"2026-01-24T07:13:37","guid":{"rendered":"https:\/\/staging.dyrsan.fr\/?post_type=product&#038;p=73701"},"modified":"2026-04-03T17:50:11","modified_gmt":"2026-04-03T17:50:11","slug":"bijou-pour-maillot-de-bain-en-metal-dore-a-perles-colorees","status":"publish","type":"product","link":"https:\/\/staging.dyrsan.fr\/es\/shop\/bijou-pour-maillot-de-bain-en-metal-dore-a-perles-colorees\/","title":{"rendered":"Joya de ba\u00f1o en metal dorado con cuentas de colores"},"content":{"rendered":"<p>Bijou pour maillot de bain en m\u00e9tal dor\u00e9 \u00e0 perles color\u00e9es con\u00e7u pour sublimer les maillots de bain, bikinis et cr\u00e9ations textiles haut de gamme. L\u00e9ger et \u00e9l\u00e9gant, il apporte une touche bijou raffin\u00e9e et estivale tout en garantissant une bonne tenue lors de l\u2019utilisation en milieu aquatique.<\/p>\n<p>&nbsp;<\/p>\n<p><strong>Especificaciones t\u00e9cnicas:<\/strong><br \/>\nR\u00e9f\u00e9rence : DY0088<br \/>\nType : Pendentif d\u00e9coratif pour maillot de bain<br \/>\nMaterial(es): Metal<br \/>\nColor: dorado<br \/>\n\u00c9l\u00e9ments d\u00e9coratifs : Perles color\u00e9es &amp; cha\u00eene<br \/>\nTaille : 6 cm \u00d7 1 cm<br \/>\nPoids : 0,003 kg<\/p>","protected":false},"excerpt":{"rendered":"<p>Bijou pour maillot de bain en m\u00e9tal dor\u00e9 \u00e0 perles color\u00e9es con\u00e7u pour sublimer les maillots de bain, bikinis et cr\u00e9ations textiles haut de gamme. L\u00e9ger et \u00e9l\u00e9gant, il apporte une touche bijou raffin\u00e9e et estivale tout en garantissant une bonne tenue lors de l\u2019utilisation en milieu aquatique.<\/p>\n<p>&nbsp;<\/p>\n<p><strong>Especificaciones t\u00e9cnicas:<\/strong><br \/>\nR\u00e9f\u00e9rence : DY0088<br \/>\nType : Pendentif d\u00e9coratif pour maillot de bain<br \/>\nMaterial(es): Metal<br \/>\nColor: dorado<br \/>\n\u00c9l\u00e9ments d\u00e9coratifs : Perles color\u00e9es &amp; cha\u00eene<br \/>\nTaille : 6 cm \u00d7 1 cm<br \/>\nPoids : 0,003 kg<\/p>","protected":false},"featured_media":72884,"comment_status":"open","ping_status":"closed","template":"","meta":[],"product_brand":[370],"product_cat":[140,434,467],"product_tag":[],"class_list":{"0":"post-73701","1":"product","2":"type-product","3":"status-publish","4":"has-post-thumbnail","6":"product_brand-dyrsan","7":"product_cat-accessoires","8":"product_cat-chaines","9":"product_cat-charms","10":"prix-sur-demande-enabled","12":"first","13":"instock","14":"taxable","15":"shipping-taxable","16":"product-type-simple"},"_links":{"self":[{"href":"https:\/\/staging.dyrsan.fr\/es\/wp-json\/wp\/v2\/product\/73701","targetHints":{"allow":["GET"]}}],"collection":[{"href":"https:\/\/staging.dyrsan.fr\/es\/wp-json\/wp\/v2\/product"}],"about":[{"href":"https:\/\/staging.dyrsan.fr\/es\/wp-json\/wp\/v2\/types\/product"}],"replies":[{"embeddable":true,"href":"https:\/\/staging.dyrsan.fr\/es\/wp-json\/wp\/v2\/comments?post=73701"}],"version-history":[{"count":4,"href":"https:\/\/staging.dyrsan.fr\/es\/wp-json\/wp\/v2\/product\/73701\/revisions"}],"predecessor-version":[{"id":73802,"href":"https:\/\/staging.dyrsan.fr\/es\/wp-json\/wp\/v2\/product\/73701\/revisions\/73802"}],"wp:featuredmedia":[{"embeddable":true,"href":"https:\/\/staging.dyrsan.fr\/es\/wp-json\/wp\/v2\/media\/72884"}],"wp:attachment":[{"href":"https:\/\/staging.dyrsan.fr\/es\/wp-json\/wp\/v2\/media?parent=73701"}],"wp:term":[{"taxonomy":"product_brand","embeddable":true,"href":"https:\/\/staging.dyrsan.fr\/es\/wp-json\/wp\/v2\/product_brand?post=73701"},{"taxonomy":"product_cat","embeddable":true,"href":"https:\/\/staging.dyrsan.fr\/es\/wp-json\/wp\/v2\/product_cat?post=73701"},{"taxonomy":"product_tag","embeddable":true,"href":"https:\/\/staging.dyrsan.fr\/es\/wp-json\/wp\/v2\/product_tag?post=73701"}],"curies":[{"name":"wp","href":"https:\/\/api.w.org\/{rel}","templated":true}]}}