{"id":73699,"date":"2026-01-24T07:16:35","date_gmt":"2026-01-24T07:16:35","guid":{"rendered":"https:\/\/staging.dyrsan.fr\/?post_type=product&#038;p=73699"},"modified":"2026-04-03T17:50:09","modified_gmt":"2026-04-03T17:50:09","slug":"bijou-pour-maillot-de-bain-a-coquillage-et-perles-en-metal-dore","status":"publish","type":"product","link":"https:\/\/staging.dyrsan.fr\/es\/shop\/bijou-pour-maillot-de-bain-a-coquillage-et-perles-en-metal-dore\/","title":{"rendered":"Bisuter\u00eda de ba\u00f1o con cuentas de concha y metal dorado"},"content":{"rendered":"<p>Bijou pour maillot de bain \u00e0 coquillage et perles en m\u00e9tal dor\u00e9\u00a0est con\u00e7u pour sublimer les maillots de bain et cr\u00e9ations textiles haut de gamme. \u00c9l\u00e9ment ornemental \u00e9l\u00e9gant, il apporte une touche marine raffin\u00e9e et une finition bijou aux mod\u00e8les swimwear et accessoires estivaux.<\/p>\n<p>&nbsp;<\/p>\n<p><strong>Especificaciones t\u00e9cnicas:<\/strong><br \/>\nR\u00e9f\u00e9rence : DY0109<br \/>\nType : Bijou d\u00e9coratif pour maillot de bain<br \/>\nMaterial(es): Metal<br \/>\nColor: dorado<br \/>\n\u00c9l\u00e9ments d\u00e9coratifs : Coquillage &amp; perles<br \/>\nTaille : 5 cm \u00d7 1 cm<br \/>\nPoids : 0,003 kg<\/p>","protected":false},"excerpt":{"rendered":"<p>Bijou pour maillot de bain \u00e0 coquillage et perles en m\u00e9tal dor\u00e9\u00a0est con\u00e7u pour sublimer les maillots de bain et cr\u00e9ations textiles haut de gamme. \u00c9l\u00e9ment ornemental \u00e9l\u00e9gant, il apporte une touche marine raffin\u00e9e et une finition bijou aux mod\u00e8les swimwear et accessoires estivaux.<\/p>\n<p>&nbsp;<\/p>\n<p><strong>Especificaciones t\u00e9cnicas:<\/strong><br \/>\nR\u00e9f\u00e9rence : DY0109<br \/>\nType : Bijou d\u00e9coratif pour maillot de bain<br \/>\nMaterial(es): Metal<br \/>\nColor: dorado<br \/>\n\u00c9l\u00e9ments d\u00e9coratifs : Coquillage &amp; perles<br \/>\nTaille : 5 cm \u00d7 1 cm<br \/>\nPoids : 0,003 kg<\/p>","protected":false},"featured_media":72886,"comment_status":"open","ping_status":"closed","template":"","meta":[],"product_brand":[370],"product_cat":[140,434,467],"product_tag":[],"class_list":{"0":"post-73699","1":"product","2":"type-product","3":"status-publish","4":"has-post-thumbnail","6":"product_brand-dyrsan","7":"product_cat-accessoires","8":"product_cat-chaines","9":"product_cat-charms","10":"prix-sur-demande-enabled","12":"first","13":"instock","14":"taxable","15":"shipping-taxable","16":"product-type-simple"},"_links":{"self":[{"href":"https:\/\/staging.dyrsan.fr\/es\/wp-json\/wp\/v2\/product\/73699","targetHints":{"allow":["GET"]}}],"collection":[{"href":"https:\/\/staging.dyrsan.fr\/es\/wp-json\/wp\/v2\/product"}],"about":[{"href":"https:\/\/staging.dyrsan.fr\/es\/wp-json\/wp\/v2\/types\/product"}],"replies":[{"embeddable":true,"href":"https:\/\/staging.dyrsan.fr\/es\/wp-json\/wp\/v2\/comments?post=73699"}],"version-history":[{"count":3,"href":"https:\/\/staging.dyrsan.fr\/es\/wp-json\/wp\/v2\/product\/73699\/revisions"}],"predecessor-version":[{"id":73804,"href":"https:\/\/staging.dyrsan.fr\/es\/wp-json\/wp\/v2\/product\/73699\/revisions\/73804"}],"wp:featuredmedia":[{"embeddable":true,"href":"https:\/\/staging.dyrsan.fr\/es\/wp-json\/wp\/v2\/media\/72886"}],"wp:attachment":[{"href":"https:\/\/staging.dyrsan.fr\/es\/wp-json\/wp\/v2\/media?parent=73699"}],"wp:term":[{"taxonomy":"product_brand","embeddable":true,"href":"https:\/\/staging.dyrsan.fr\/es\/wp-json\/wp\/v2\/product_brand?post=73699"},{"taxonomy":"product_cat","embeddable":true,"href":"https:\/\/staging.dyrsan.fr\/es\/wp-json\/wp\/v2\/product_cat?post=73699"},{"taxonomy":"product_tag","embeddable":true,"href":"https:\/\/staging.dyrsan.fr\/es\/wp-json\/wp\/v2\/product_tag?post=73699"}],"curies":[{"name":"wp","href":"https:\/\/api.w.org\/{rel}","templated":true}]}}