{"id":73693,"date":"2026-01-23T14:40:47","date_gmt":"2026-01-23T14:40:47","guid":{"rendered":"https:\/\/staging.dyrsan.fr\/?post_type=product&#038;p=73693"},"modified":"2026-04-03T17:50:19","modified_gmt":"2026-04-03T17:50:19","slug":"separateur-ondule-metal-argente-avec-embouts-nylon","status":"publish","type":"product","link":"https:\/\/staging.dyrsan.fr\/es\/shop\/separateur-ondule-metal-argente-avec-embouts-nylon\/","title":{"rendered":"Separador ondulado de metal plateado con tapas de nylon en los extremos"},"content":{"rendered":"<p>S\u00e9parateur ondul\u00e9 m\u00e9tal argent\u00e9 avec embouts nylon, con\u00e7u pour la confection de soutien-gorge, maillots de bain, bikinis et robes. Sa forme ondul\u00e9e ergonomique permet le passage et le maintien des bretelles tout en garantissant une finition moderne, discr\u00e8te et durable.<\/p>\n<p>&nbsp;<\/p>\n<p><strong>Especificaciones t\u00e9cnicas:<\/strong><br \/>\nMaterial(es): Metal<br \/>\nColor: plata<br \/>\nForme : Ondul\u00e9e<br \/>\nTaille : 11,5 \u00d7 5 cm<br \/>\nPoids : 0,014 kg<\/p>","protected":false},"excerpt":{"rendered":"<p>S\u00e9parateur ondul\u00e9 m\u00e9tal argent\u00e9 avec embouts nylon, con\u00e7u pour la confection de soutien-gorge, maillots de bain, bikinis et robes. Sa forme ondul\u00e9e ergonomique permet le passage et le maintien des bretelles tout en garantissant une finition moderne, discr\u00e8te et durable.<\/p>\n<p>&nbsp;<\/p>\n<p><strong>Especificaciones t\u00e9cnicas:<\/strong><br \/>\nMaterial(es): Metal<br \/>\nColor: plata<br \/>\nForme : Ondul\u00e9e<br \/>\nTaille : 11,5 \u00d7 5 cm<br \/>\nPoids : 0,014 kg<\/p>","protected":false},"featured_media":72896,"comment_status":"open","ping_status":"closed","template":"","meta":[],"product_brand":[370],"product_cat":[140,156],"product_tag":[],"class_list":{"0":"post-73693","1":"product","2":"type-product","3":"status-publish","4":"has-post-thumbnail","6":"product_brand-dyrsan","7":"product_cat-accessoires","8":"product_cat-separateurs","10":"first","11":"instock","12":"sold-individually","13":"taxable","14":"shipping-taxable","15":"purchasable","16":"product-type-simple"},"_links":{"self":[{"href":"https:\/\/staging.dyrsan.fr\/es\/wp-json\/wp\/v2\/product\/73693","targetHints":{"allow":["GET"]}}],"collection":[{"href":"https:\/\/staging.dyrsan.fr\/es\/wp-json\/wp\/v2\/product"}],"about":[{"href":"https:\/\/staging.dyrsan.fr\/es\/wp-json\/wp\/v2\/types\/product"}],"replies":[{"embeddable":true,"href":"https:\/\/staging.dyrsan.fr\/es\/wp-json\/wp\/v2\/comments?post=73693"}],"version-history":[{"count":8,"href":"https:\/\/staging.dyrsan.fr\/es\/wp-json\/wp\/v2\/product\/73693\/revisions"}],"predecessor-version":[{"id":73752,"href":"https:\/\/staging.dyrsan.fr\/es\/wp-json\/wp\/v2\/product\/73693\/revisions\/73752"}],"wp:featuredmedia":[{"embeddable":true,"href":"https:\/\/staging.dyrsan.fr\/es\/wp-json\/wp\/v2\/media\/72896"}],"wp:attachment":[{"href":"https:\/\/staging.dyrsan.fr\/es\/wp-json\/wp\/v2\/media?parent=73693"}],"wp:term":[{"taxonomy":"product_brand","embeddable":true,"href":"https:\/\/staging.dyrsan.fr\/es\/wp-json\/wp\/v2\/product_brand?post=73693"},{"taxonomy":"product_cat","embeddable":true,"href":"https:\/\/staging.dyrsan.fr\/es\/wp-json\/wp\/v2\/product_cat?post=73693"},{"taxonomy":"product_tag","embeddable":true,"href":"https:\/\/staging.dyrsan.fr\/es\/wp-json\/wp\/v2\/product_tag?post=73693"}],"curies":[{"name":"wp","href":"https:\/\/api.w.org\/{rel}","templated":true}]}}