{"id":73627,"date":"2026-03-07T14:03:27","date_gmt":"2026-03-07T14:03:27","guid":{"rendered":"https:\/\/staging.dyrsan.fr\/?post_type=product&#038;p=73627"},"modified":"2026-04-14T10:23:51","modified_gmt":"2026-04-14T10:23:51","slug":"connecteur-decoratif-en-forme-de-serpent-en-metal-dore","status":"publish","type":"product","link":"https:\/\/staging.dyrsan.fr\/es\/shop\/connecteur-decoratif-en-forme-de-serpent-en-metal-dore\/","title":{"rendered":"Conector decorativo en forma de serpiente de metal dorado"},"content":{"rendered":"<p>Este conector decorativo en forma de serpiente de metal chapado en oro est\u00e1 dise\u00f1ado para creaciones textiles y accesorios de alta gama. Elemento de joyer\u00eda con una fuerte identidad visual, sirve para unir dos partes de una prenda o traje de ba\u00f1o al tiempo que a\u00f1ade un toque elegante y original inspirado en el mundo de la joyer\u00eda.<\/p>\n<p>&nbsp;<\/p>\n<p><strong>Especificaciones t\u00e9cnicas:<\/strong><br \/>\nN\u00famero de cat\u00e1logo : DY5632<br \/>\nTipo : Conector decorativo<br \/>\nMotivo : Serpiente<br \/>\nMaterial(es): Metal<br \/>\nColor: dorado<br \/>\nTama\u00f1o: 5 cm \u00d7 2 cm<br \/>\nPeso: 0,007 kg<\/p>","protected":false},"excerpt":{"rendered":"<p>Este conector decorativo en forma de serpiente de metal chapado en oro est\u00e1 dise\u00f1ado para creaciones textiles y accesorios de alta gama. Elemento de joyer\u00eda con una fuerte identidad visual, sirve para unir dos partes de una prenda o traje de ba\u00f1o al tiempo que a\u00f1ade un toque elegante y original inspirado en el mundo de la joyer\u00eda.<\/p>\n<p>&nbsp;<\/p>\n<p><strong>Especificaciones t\u00e9cnicas:<\/strong><br \/>\nN\u00famero de cat\u00e1logo : DY5632<br \/>\nTipo : Conector decorativo<br \/>\nMotivo : Serpiente<br \/>\nMaterial(es): Metal<br \/>\nColor: dorado<br \/>\nTama\u00f1o: 5 cm \u00d7 2 cm<br \/>\nPeso: 0,007 kg<\/p>","protected":false},"featured_media":72785,"comment_status":"open","ping_status":"closed","template":"","meta":[],"product_brand":[370],"product_cat":[140,149],"product_tag":[],"class_list":{"0":"post-73627","1":"product","2":"type-product","3":"status-publish","4":"has-post-thumbnail","6":"product_brand-dyrsan","7":"product_cat-accessoires","8":"product_cat-connecteurs","10":"first","11":"instock","12":"taxable","13":"shipping-taxable","14":"purchasable","15":"product-type-simple"},"_links":{"self":[{"href":"https:\/\/staging.dyrsan.fr\/es\/wp-json\/wp\/v2\/product\/73627","targetHints":{"allow":["GET"]}}],"collection":[{"href":"https:\/\/staging.dyrsan.fr\/es\/wp-json\/wp\/v2\/product"}],"about":[{"href":"https:\/\/staging.dyrsan.fr\/es\/wp-json\/wp\/v2\/types\/product"}],"replies":[{"embeddable":true,"href":"https:\/\/staging.dyrsan.fr\/es\/wp-json\/wp\/v2\/comments?post=73627"}],"version-history":[{"count":2,"href":"https:\/\/staging.dyrsan.fr\/es\/wp-json\/wp\/v2\/product\/73627\/revisions"}],"predecessor-version":[{"id":73870,"href":"https:\/\/staging.dyrsan.fr\/es\/wp-json\/wp\/v2\/product\/73627\/revisions\/73870"}],"wp:featuredmedia":[{"embeddable":true,"href":"https:\/\/staging.dyrsan.fr\/es\/wp-json\/wp\/v2\/media\/72785"}],"wp:attachment":[{"href":"https:\/\/staging.dyrsan.fr\/es\/wp-json\/wp\/v2\/media?parent=73627"}],"wp:term":[{"taxonomy":"product_brand","embeddable":true,"href":"https:\/\/staging.dyrsan.fr\/es\/wp-json\/wp\/v2\/product_brand?post=73627"},{"taxonomy":"product_cat","embeddable":true,"href":"https:\/\/staging.dyrsan.fr\/es\/wp-json\/wp\/v2\/product_cat?post=73627"},{"taxonomy":"product_tag","embeddable":true,"href":"https:\/\/staging.dyrsan.fr\/es\/wp-json\/wp\/v2\/product_tag?post=73627"}],"curies":[{"name":"wp","href":"https:\/\/api.w.org\/{rel}","templated":true}]}}