{"id":73622,"date":"2026-03-07T14:05:20","date_gmt":"2026-03-07T14:05:20","guid":{"rendered":"https:\/\/staging.dyrsan.fr\/?post_type=product&#038;p=73622"},"modified":"2026-04-14T09:41:50","modified_gmt":"2026-04-14T09:41:50","slug":"separateur-en-metal-argente-en-forme-de-u","status":"publish","type":"product","link":"https:\/\/staging.dyrsan.fr\/es\/shop\/separateur-en-metal-argente-en-forme-de-u\/","title":{"rendered":"Separador met\u00e1lico plateado en forma de U"},"content":{"rendered":"<p>S\u00e9parateur en m\u00e9tal argent\u00e9 en forme de U\u00a0con\u00e7u pour le passage et le maintien de liens, cordons ou bretelles dans les cr\u00e9ations textiles et accessoires. L\u00e9ger, discret et r\u00e9sistant, il s\u2019int\u00e8gre parfaitement aux maillots de bain, lingerie et v\u00eatements techniques n\u00e9cessitant un accessoire fiable et durable.<\/p>\n<p>&nbsp;<\/p>\n<p><strong>Especificaciones t\u00e9cnicas:<\/strong><br \/>\nR\u00e9f\u00e9rence : DYS2103043<br \/>\nType : S\u00e9parateur<br \/>\nMaterial(es): Metal<br \/>\nColor: plata<br \/>\nForma: U<br \/>\nTaille : 5,5 cm \u00d7 2,5 cm<br \/>\nPoids : 0,002 kg<\/p>","protected":false},"excerpt":{"rendered":"<p>S\u00e9parateur en m\u00e9tal argent\u00e9 en forme de U\u00a0con\u00e7u pour le passage et le maintien de liens, cordons ou bretelles dans les cr\u00e9ations textiles et accessoires. L\u00e9ger, discret et r\u00e9sistant, il s\u2019int\u00e8gre parfaitement aux maillots de bain, lingerie et v\u00eatements techniques n\u00e9cessitant un accessoire fiable et durable.<\/p>\n<p>&nbsp;<\/p>\n<p><strong>Especificaciones t\u00e9cnicas:<\/strong><br \/>\nR\u00e9f\u00e9rence : DYS2103043<br \/>\nType : S\u00e9parateur<br \/>\nMaterial(es): Metal<br \/>\nColor: plata<br \/>\nForma: U<br \/>\nTaille : 5,5 cm \u00d7 2,5 cm<br \/>\nPoids : 0,002 kg<\/p>","protected":false},"featured_media":72912,"comment_status":"open","ping_status":"closed","template":"","meta":[],"product_brand":[370],"product_cat":[140,458,156],"product_tag":[],"class_list":{"0":"post-73622","1":"product","2":"type-product","3":"status-publish","4":"has-post-thumbnail","6":"product_brand-dyrsan","7":"product_cat-accessoires","8":"product_cat-dernieres-pieces","9":"product_cat-separateurs","11":"first","12":"instock","13":"sold-individually","14":"taxable","15":"shipping-taxable","16":"purchasable","17":"product-type-simple"},"_links":{"self":[{"href":"https:\/\/staging.dyrsan.fr\/es\/wp-json\/wp\/v2\/product\/73622","targetHints":{"allow":["GET"]}}],"collection":[{"href":"https:\/\/staging.dyrsan.fr\/es\/wp-json\/wp\/v2\/product"}],"about":[{"href":"https:\/\/staging.dyrsan.fr\/es\/wp-json\/wp\/v2\/types\/product"}],"replies":[{"embeddable":true,"href":"https:\/\/staging.dyrsan.fr\/es\/wp-json\/wp\/v2\/comments?post=73622"}],"version-history":[{"count":3,"href":"https:\/\/staging.dyrsan.fr\/es\/wp-json\/wp\/v2\/product\/73622\/revisions"}],"predecessor-version":[{"id":74882,"href":"https:\/\/staging.dyrsan.fr\/es\/wp-json\/wp\/v2\/product\/73622\/revisions\/74882"}],"wp:featuredmedia":[{"embeddable":true,"href":"https:\/\/staging.dyrsan.fr\/es\/wp-json\/wp\/v2\/media\/72912"}],"wp:attachment":[{"href":"https:\/\/staging.dyrsan.fr\/es\/wp-json\/wp\/v2\/media?parent=73622"}],"wp:term":[{"taxonomy":"product_brand","embeddable":true,"href":"https:\/\/staging.dyrsan.fr\/es\/wp-json\/wp\/v2\/product_brand?post=73622"},{"taxonomy":"product_cat","embeddable":true,"href":"https:\/\/staging.dyrsan.fr\/es\/wp-json\/wp\/v2\/product_cat?post=73622"},{"taxonomy":"product_tag","embeddable":true,"href":"https:\/\/staging.dyrsan.fr\/es\/wp-json\/wp\/v2\/product_tag?post=73622"}],"curies":[{"name":"wp","href":"https:\/\/api.w.org\/{rel}","templated":true}]}}