{"id":70765,"date":"2025-12-12T18:54:34","date_gmt":"2025-12-12T18:54:34","guid":{"rendered":"https:\/\/staging.dyrsan.fr\/?post_type=product&#038;p=70765"},"modified":"2026-04-03T17:50:35","modified_gmt":"2026-04-03T17:50:35","slug":"chaine-bijou-en-metal-dore-avec-pendentif-rond","status":"publish","type":"product","link":"https:\/\/staging.dyrsan.fr\/es\/shop\/chaine-bijou-en-metal-dore-avec-pendentif-rond\/","title":{"rendered":"Cadena de joyer\u00eda chapada en oro con colgante redondo"},"content":{"rendered":"<p>Cette cha\u00eene bijou en m\u00e9tal dor\u00e9 avec pendentif rond est un \u00e9l\u00e9ment d\u00e9coratif con\u00e7u pour apporter une finition \u00e9l\u00e9gante aux cr\u00e9ations baln\u00e9aires. Son pendentif d\u00e9coratif suspendu \u00e0 une cha\u00eene fine offre un rendu bijou soign\u00e9 et lumineux.<\/p>\n<p>&nbsp;<\/p>\n<p><strong>Especificaciones t\u00e9cnicas:<\/strong><\/p>\n<p>N\u00famero de cat\u00e1logo : DY6783<br \/>\nMaterial(es): Metal<br \/>\nColor: dorado<br \/>\nTaille : 7 cm x 7 mm<br \/>\nPeso : 1g<\/p>","protected":false},"excerpt":{"rendered":"<p>Cette cha\u00eene bijou en m\u00e9tal dor\u00e9 avec pendentif rond est un \u00e9l\u00e9ment d\u00e9coratif con\u00e7u pour apporter une finition \u00e9l\u00e9gante aux cr\u00e9ations baln\u00e9aires. Son pendentif d\u00e9coratif suspendu \u00e0 une cha\u00eene fine offre un rendu bijou soign\u00e9 et lumineux.<\/p>\n<p>&nbsp;<\/p>\n<p><strong>Especificaciones t\u00e9cnicas:<\/strong><\/p>\n<p>N\u00famero de cat\u00e1logo : DY6783<br \/>\nMaterial(es): Metal<br \/>\nColor: dorado<br \/>\nTaille : 7 cm x 7 mm<br \/>\nPeso : 1g<\/p>","protected":false},"featured_media":70766,"comment_status":"open","ping_status":"closed","template":"","meta":[],"product_brand":[370],"product_cat":[140,467],"product_tag":[],"class_list":{"0":"post-70765","1":"product","2":"type-product","3":"status-publish","4":"has-post-thumbnail","6":"product_brand-dyrsan","7":"product_cat-accessoires","8":"product_cat-charms","10":"first","11":"instock","12":"sold-individually","13":"taxable","14":"shipping-taxable","15":"purchasable","16":"product-type-simple"},"_links":{"self":[{"href":"https:\/\/staging.dyrsan.fr\/es\/wp-json\/wp\/v2\/product\/70765","targetHints":{"allow":["GET"]}}],"collection":[{"href":"https:\/\/staging.dyrsan.fr\/es\/wp-json\/wp\/v2\/product"}],"about":[{"href":"https:\/\/staging.dyrsan.fr\/es\/wp-json\/wp\/v2\/types\/product"}],"replies":[{"embeddable":true,"href":"https:\/\/staging.dyrsan.fr\/es\/wp-json\/wp\/v2\/comments?post=70765"}],"version-history":[{"count":4,"href":"https:\/\/staging.dyrsan.fr\/es\/wp-json\/wp\/v2\/product\/70765\/revisions"}],"predecessor-version":[{"id":72927,"href":"https:\/\/staging.dyrsan.fr\/es\/wp-json\/wp\/v2\/product\/70765\/revisions\/72927"}],"wp:featuredmedia":[{"embeddable":true,"href":"https:\/\/staging.dyrsan.fr\/es\/wp-json\/wp\/v2\/media\/70766"}],"wp:attachment":[{"href":"https:\/\/staging.dyrsan.fr\/es\/wp-json\/wp\/v2\/media?parent=70765"}],"wp:term":[{"taxonomy":"product_brand","embeddable":true,"href":"https:\/\/staging.dyrsan.fr\/es\/wp-json\/wp\/v2\/product_brand?post=70765"},{"taxonomy":"product_cat","embeddable":true,"href":"https:\/\/staging.dyrsan.fr\/es\/wp-json\/wp\/v2\/product_cat?post=70765"},{"taxonomy":"product_tag","embeddable":true,"href":"https:\/\/staging.dyrsan.fr\/es\/wp-json\/wp\/v2\/product_tag?post=70765"}],"curies":[{"name":"wp","href":"https:\/\/api.w.org\/{rel}","templated":true}]}}