{"id":70708,"date":"2025-12-12T14:03:06","date_gmt":"2025-12-12T14:03:06","guid":{"rendered":"https:\/\/staging.dyrsan.fr\/?post_type=product&#038;p=70708"},"modified":"2026-04-14T10:24:23","modified_gmt":"2026-04-14T10:24:23","slug":"fermoir-metallique-rectangulaire-dore","status":"publish","type":"product","link":"https:\/\/staging.dyrsan.fr\/es\/shop\/fermoir-metallique-rectangulaire-dore\/","title":{"rendered":"Cierre met\u00e1lico rectangular dorado"},"content":{"rendered":"<p>Ce fermoir m\u00e9tallique rectangulaire dor\u00e9 assure une fermeture fiable et \u00e9l\u00e9gante pour les cr\u00e9ations baln\u00e9aires. Son format compact avec passants int\u00e9gr\u00e9s offre une finition nette et professionnelle.<\/p>\n<p>&nbsp;<\/p>\n<p><strong>Especificaciones t\u00e9cnicas:<\/strong><\/p>\n<p>Referencia : DY142<br \/>\nMaterial(es): Metal<br \/>\nColor: dorado<br \/>\nTaille : 1,5 cm x 1,5 cm<br \/>\nPoids : 2g<\/p>","protected":false},"excerpt":{"rendered":"<p>Ce fermoir m\u00e9tallique rectangulaire dor\u00e9 assure une fermeture fiable et \u00e9l\u00e9gante pour les cr\u00e9ations baln\u00e9aires. Son format compact avec passants int\u00e9gr\u00e9s offre une finition nette et professionnelle.<\/p>\n<p>&nbsp;<\/p>\n<p><strong>Especificaciones t\u00e9cnicas:<\/strong><\/p>\n<p>Referencia : DY142<br \/>\nMaterial(es): Metal<br \/>\nColor: dorado<br \/>\nTaille : 1,5 cm x 1,5 cm<br \/>\nPoids : 2g<\/p>","protected":false},"featured_media":70719,"comment_status":"open","ping_status":"closed","template":"","meta":[],"product_brand":[370],"product_cat":[140,147],"product_tag":[],"class_list":{"0":"post-70708","1":"product","2":"type-product","3":"status-publish","4":"has-post-thumbnail","6":"product_brand-dyrsan","7":"product_cat-accessoires","8":"product_cat-fermoirs","10":"first","11":"instock","12":"sold-individually","13":"taxable","14":"shipping-taxable","15":"purchasable","16":"product-type-simple"},"_links":{"self":[{"href":"https:\/\/staging.dyrsan.fr\/es\/wp-json\/wp\/v2\/product\/70708","targetHints":{"allow":["GET"]}}],"collection":[{"href":"https:\/\/staging.dyrsan.fr\/es\/wp-json\/wp\/v2\/product"}],"about":[{"href":"https:\/\/staging.dyrsan.fr\/es\/wp-json\/wp\/v2\/types\/product"}],"replies":[{"embeddable":true,"href":"https:\/\/staging.dyrsan.fr\/es\/wp-json\/wp\/v2\/comments?post=70708"}],"version-history":[{"count":6,"href":"https:\/\/staging.dyrsan.fr\/es\/wp-json\/wp\/v2\/product\/70708\/revisions"}],"predecessor-version":[{"id":72933,"href":"https:\/\/staging.dyrsan.fr\/es\/wp-json\/wp\/v2\/product\/70708\/revisions\/72933"}],"wp:featuredmedia":[{"embeddable":true,"href":"https:\/\/staging.dyrsan.fr\/es\/wp-json\/wp\/v2\/media\/70719"}],"wp:attachment":[{"href":"https:\/\/staging.dyrsan.fr\/es\/wp-json\/wp\/v2\/media?parent=70708"}],"wp:term":[{"taxonomy":"product_brand","embeddable":true,"href":"https:\/\/staging.dyrsan.fr\/es\/wp-json\/wp\/v2\/product_brand?post=70708"},{"taxonomy":"product_cat","embeddable":true,"href":"https:\/\/staging.dyrsan.fr\/es\/wp-json\/wp\/v2\/product_cat?post=70708"},{"taxonomy":"product_tag","embeddable":true,"href":"https:\/\/staging.dyrsan.fr\/es\/wp-json\/wp\/v2\/product_tag?post=70708"}],"curies":[{"name":"wp","href":"https:\/\/api.w.org\/{rel}","templated":true}]}}