{"id":70707,"date":"2025-12-12T14:00:03","date_gmt":"2025-12-12T14:00:03","guid":{"rendered":"https:\/\/staging.dyrsan.fr\/?post_type=product&#038;p=70707"},"modified":"2026-04-03T17:50:47","modified_gmt":"2026-04-03T17:50:47","slug":"chaine-decorative-a-maillons-larges-en-metal-dore","status":"publish","type":"product","link":"https:\/\/staging.dyrsan.fr\/es\/shop\/chaine-decorative-a-maillons-larges-en-metal-dore\/","title":{"rendered":"Cadena decorativa de grandes eslabones en metal dorado"},"content":{"rendered":"<p>Cette cha\u00eene d\u00e9corative \u00e0 maillons larges en m\u00e9tal dor\u00e9 est un \u00e9l\u00e9ment ornemental au rendu contemporain et haut de gamme. Son design massif et lisse apporte une finition \u00e9l\u00e9gante aux cr\u00e9ations textiles et accessoires.<\/p>\n<p>&nbsp;<\/p>\n<p><strong>Especificaciones t\u00e9cnicas:<\/strong><\/p>\n<p>R\u00e9f\u00e9rence : DY005A<br \/>\nMaterial(es): Metal<br \/>\nColor: dorado<br \/>\nTaille : 9 cm x 2 mm<br \/>\nPoids : 43g<\/p>","protected":false},"excerpt":{"rendered":"<p>Cette cha\u00eene d\u00e9corative \u00e0 maillons larges en m\u00e9tal dor\u00e9 est un \u00e9l\u00e9ment ornemental au rendu contemporain et haut de gamme. Son design massif et lisse apporte une finition \u00e9l\u00e9gante aux cr\u00e9ations textiles et accessoires.<\/p>\n<p>&nbsp;<\/p>\n<p><strong>Especificaciones t\u00e9cnicas:<\/strong><\/p>\n<p>R\u00e9f\u00e9rence : DY005A<br \/>\nMaterial(es): Metal<br \/>\nColor: dorado<br \/>\nTaille : 9 cm x 2 mm<br \/>\nPoids : 43g<\/p>","protected":false},"featured_media":70713,"comment_status":"open","ping_status":"closed","template":"","meta":[],"product_brand":[370],"product_cat":[140,434],"product_tag":[],"class_list":{"0":"post-70707","1":"product","2":"type-product","3":"status-publish","4":"has-post-thumbnail","6":"product_brand-dyrsan","7":"product_cat-accessoires","8":"product_cat-chaines","10":"first","11":"instock","12":"sold-individually","13":"taxable","14":"shipping-taxable","15":"purchasable","16":"product-type-simple"},"_links":{"self":[{"href":"https:\/\/staging.dyrsan.fr\/es\/wp-json\/wp\/v2\/product\/70707","targetHints":{"allow":["GET"]}}],"collection":[{"href":"https:\/\/staging.dyrsan.fr\/es\/wp-json\/wp\/v2\/product"}],"about":[{"href":"https:\/\/staging.dyrsan.fr\/es\/wp-json\/wp\/v2\/types\/product"}],"replies":[{"embeddable":true,"href":"https:\/\/staging.dyrsan.fr\/es\/wp-json\/wp\/v2\/comments?post=70707"}],"version-history":[{"count":5,"href":"https:\/\/staging.dyrsan.fr\/es\/wp-json\/wp\/v2\/product\/70707\/revisions"}],"predecessor-version":[{"id":72934,"href":"https:\/\/staging.dyrsan.fr\/es\/wp-json\/wp\/v2\/product\/70707\/revisions\/72934"}],"wp:featuredmedia":[{"embeddable":true,"href":"https:\/\/staging.dyrsan.fr\/es\/wp-json\/wp\/v2\/media\/70713"}],"wp:attachment":[{"href":"https:\/\/staging.dyrsan.fr\/es\/wp-json\/wp\/v2\/media?parent=70707"}],"wp:term":[{"taxonomy":"product_brand","embeddable":true,"href":"https:\/\/staging.dyrsan.fr\/es\/wp-json\/wp\/v2\/product_brand?post=70707"},{"taxonomy":"product_cat","embeddable":true,"href":"https:\/\/staging.dyrsan.fr\/es\/wp-json\/wp\/v2\/product_cat?post=70707"},{"taxonomy":"product_tag","embeddable":true,"href":"https:\/\/staging.dyrsan.fr\/es\/wp-json\/wp\/v2\/product_tag?post=70707"}],"curies":[{"name":"wp","href":"https:\/\/api.w.org\/{rel}","templated":true}]}}