{"id":70613,"date":"2025-12-09T10:27:56","date_gmt":"2025-12-09T10:27:56","guid":{"rendered":"https:\/\/staging.dyrsan.fr\/?post_type=product&#038;p=70613"},"modified":"2026-04-14T09:43:46","modified_gmt":"2026-04-14T09:43:46","slug":"chaine-decorative-en-metal-dore-a-breloques","status":"publish","type":"product","link":"https:\/\/staging.dyrsan.fr\/es\/shop\/chaine-decorative-en-metal-dore-a-breloques\/","title":{"rendered":"Cadena decorativa chapada en oro con colgantes"},"content":{"rendered":"<p>Esta cadena decorativa de metal dorado con colgantes es ideal para realzar trajes de ba\u00f1o, bikinis y prendas de vestir. Sus dijes esf\u00e9ricos a\u00f1aden un acabado elegante y refinado a las creaciones textiles y de ba\u00f1o.<\/p>\n<p>&nbsp;<\/p>\n<p><strong>Especificaciones t\u00e9cnicas:<\/strong><\/p>\n<p>N\u00famero de cat\u00e1logo : DY5082<br \/>\nMaterial(es): Metal<br \/>\nColor: dorado<br \/>\nTama\u00f1o: 26 cm \u00d7 1 mm<br \/>\nPeso : 10 g<\/p>","protected":false},"excerpt":{"rendered":"<p>Esta cadena decorativa de metal dorado con colgantes es ideal para realzar trajes de ba\u00f1o, bikinis y prendas de vestir. Sus dijes esf\u00e9ricos a\u00f1aden un acabado elegante y refinado a las creaciones textiles y de ba\u00f1o.<\/p>\n<p>&nbsp;<\/p>\n<p><strong>Especificaciones t\u00e9cnicas:<\/strong><\/p>\n<p>N\u00famero de cat\u00e1logo : DY5082<br \/>\nMaterial(es): Metal<br \/>\nColor: dorado<br \/>\nTama\u00f1o: 26 cm \u00d7 1 mm<br \/>\nPeso : 10 g<\/p>","protected":false},"featured_media":69938,"comment_status":"open","ping_status":"closed","template":"","meta":[],"product_brand":[370],"product_cat":[140,434,458],"product_tag":[],"class_list":{"0":"post-70613","1":"product","2":"type-product","3":"status-publish","4":"has-post-thumbnail","6":"product_brand-dyrsan","7":"product_cat-accessoires","8":"product_cat-chaines","9":"product_cat-dernieres-pieces","11":"first","12":"instock","13":"sold-individually","14":"taxable","15":"shipping-taxable","16":"purchasable","17":"product-type-simple"},"_links":{"self":[{"href":"https:\/\/staging.dyrsan.fr\/es\/wp-json\/wp\/v2\/product\/70613","targetHints":{"allow":["GET"]}}],"collection":[{"href":"https:\/\/staging.dyrsan.fr\/es\/wp-json\/wp\/v2\/product"}],"about":[{"href":"https:\/\/staging.dyrsan.fr\/es\/wp-json\/wp\/v2\/types\/product"}],"replies":[{"embeddable":true,"href":"https:\/\/staging.dyrsan.fr\/es\/wp-json\/wp\/v2\/comments?post=70613"}],"version-history":[{"count":9,"href":"https:\/\/staging.dyrsan.fr\/es\/wp-json\/wp\/v2\/product\/70613\/revisions"}],"predecessor-version":[{"id":73136,"href":"https:\/\/staging.dyrsan.fr\/es\/wp-json\/wp\/v2\/product\/70613\/revisions\/73136"}],"wp:featuredmedia":[{"embeddable":true,"href":"https:\/\/staging.dyrsan.fr\/es\/wp-json\/wp\/v2\/media\/69938"}],"wp:attachment":[{"href":"https:\/\/staging.dyrsan.fr\/es\/wp-json\/wp\/v2\/media?parent=70613"}],"wp:term":[{"taxonomy":"product_brand","embeddable":true,"href":"https:\/\/staging.dyrsan.fr\/es\/wp-json\/wp\/v2\/product_brand?post=70613"},{"taxonomy":"product_cat","embeddable":true,"href":"https:\/\/staging.dyrsan.fr\/es\/wp-json\/wp\/v2\/product_cat?post=70613"},{"taxonomy":"product_tag","embeddable":true,"href":"https:\/\/staging.dyrsan.fr\/es\/wp-json\/wp\/v2\/product_tag?post=70613"}],"curies":[{"name":"wp","href":"https:\/\/api.w.org\/{rel}","templated":true}]}}