{"id":70205,"date":"2025-11-08T15:59:57","date_gmt":"2025-11-08T15:59:57","guid":{"rendered":"https:\/\/staging.dyrsan.fr\/?post_type=product&#038;p=70205"},"modified":"2026-04-03T14:00:52","modified_gmt":"2026-04-03T14:00:52","slug":"tissu-en-microfibre-brun-extensible-certifie","status":"publish","type":"product","link":"https:\/\/staging.dyrsan.fr\/es\/shop\/tissu-en-microfibre-brun-extensible-certifie\/","title":{"rendered":"Tejido certificado de microfibra el\u00e1stica marr\u00f3n"},"content":{"rendered":"<p>Tejido certificado de microfibra el\u00e1stica marr\u00f3n, ligero y fluido. Este tejido de microfibra el\u00e1stica marr\u00f3n es adecuado para lencer\u00eda, trajes de ba\u00f1o y ropa t\u00e9cnica.<\/p>\n<p>&nbsp;<\/p>\n<p><strong>Especificaciones t\u00e9cnicas:<\/strong><br \/>\nReferencia : DY210OR-1<br \/>\nComposici\u00f3n: 87 % poli\u00e9ster, 13 % elast\u00e1n<br \/>\nPeso: 120 g\/m\u00b2.<br \/>\nAnchura: 150 cm<br \/>\nLongitud del rollo: 145 cm<br \/>\nColor: marr\u00f3n (personalizable con c\u00f3digo Pantone)<br \/>\nCertificaci\u00f3n: OEKO-TEX\u00ae Standard 100<br \/>\nAspecto: suave, fino y el\u00e1stico<br \/>\nCaracter\u00edsticas: flexible, transpirable, secado r\u00e1pido, el\u00e1stico en 4 direcciones<br \/>\nUso: lencer\u00eda, forro, trajes de ba\u00f1o, ropa deportiva, ropa de baile<\/p>\n<p>Cuidados: lavar a 30\u00b0C, no usar lej\u00eda, planchar suavemente<\/p>","protected":false},"excerpt":{"rendered":"<p>Tejido certificado de microfibra el\u00e1stica marr\u00f3n, ligero y fluido. Este tejido de microfibra el\u00e1stica marr\u00f3n es adecuado para lencer\u00eda, trajes de ba\u00f1o y ropa t\u00e9cnica.<\/p>\n<p>&nbsp;<\/p>\n<p><strong>Especificaciones t\u00e9cnicas:<\/strong><br \/>\nReferencia : DY210OR-1<br \/>\nComposici\u00f3n: 87 % poli\u00e9ster, 13 % elast\u00e1n<br \/>\nPeso: 120 g\/m\u00b2.<br \/>\nAnchura: 150 cm<br \/>\nLongitud del rollo: 145 cm<br \/>\nColor: marr\u00f3n (personalizable con c\u00f3digo Pantone)<br \/>\nCertificaci\u00f3n: OEKO-TEX\u00ae Standard 100<br \/>\nAspecto: suave, fino y el\u00e1stico<br \/>\nCaracter\u00edsticas: flexible, transpirable, secado r\u00e1pido, el\u00e1stico en 4 direcciones<br \/>\nUso: lencer\u00eda, forro, trajes de ba\u00f1o, ropa deportiva, ropa de baile<\/p>\n<p>Cuidados: lavar a 30\u00b0C, no usar lej\u00eda, planchar suavemente<\/p>","protected":false},"featured_media":69931,"comment_status":"open","ping_status":"closed","template":"","meta":[],"product_brand":[370],"product_cat":[150,458,178,253],"product_tag":[466,154],"class_list":{"0":"post-70205","1":"product","2":"type-product","3":"status-publish","4":"has-post-thumbnail","6":"product_brand-dyrsan","7":"product_cat-tissus","8":"product_cat-dernieres-pieces","9":"product_cat-tissus-microfibres","10":"product_cat-tissus-pour-doublures","11":"product_tag-lycra","12":"product_tag-tissus-maillot-de-bain","14":"first","15":"instock","16":"taxable","17":"shipping-taxable","18":"purchasable","19":"product-type-simple"},"_links":{"self":[{"href":"https:\/\/staging.dyrsan.fr\/es\/wp-json\/wp\/v2\/product\/70205","targetHints":{"allow":["GET"]}}],"collection":[{"href":"https:\/\/staging.dyrsan.fr\/es\/wp-json\/wp\/v2\/product"}],"about":[{"href":"https:\/\/staging.dyrsan.fr\/es\/wp-json\/wp\/v2\/types\/product"}],"replies":[{"embeddable":true,"href":"https:\/\/staging.dyrsan.fr\/es\/wp-json\/wp\/v2\/comments?post=70205"}],"version-history":[{"count":11,"href":"https:\/\/staging.dyrsan.fr\/es\/wp-json\/wp\/v2\/product\/70205\/revisions"}],"predecessor-version":[{"id":73222,"href":"https:\/\/staging.dyrsan.fr\/es\/wp-json\/wp\/v2\/product\/70205\/revisions\/73222"}],"wp:featuredmedia":[{"embeddable":true,"href":"https:\/\/staging.dyrsan.fr\/es\/wp-json\/wp\/v2\/media\/69931"}],"wp:attachment":[{"href":"https:\/\/staging.dyrsan.fr\/es\/wp-json\/wp\/v2\/media?parent=70205"}],"wp:term":[{"taxonomy":"product_brand","embeddable":true,"href":"https:\/\/staging.dyrsan.fr\/es\/wp-json\/wp\/v2\/product_brand?post=70205"},{"taxonomy":"product_cat","embeddable":true,"href":"https:\/\/staging.dyrsan.fr\/es\/wp-json\/wp\/v2\/product_cat?post=70205"},{"taxonomy":"product_tag","embeddable":true,"href":"https:\/\/staging.dyrsan.fr\/es\/wp-json\/wp\/v2\/product_tag?post=70205"}],"curies":[{"name":"wp","href":"https:\/\/api.w.org\/{rel}","templated":true}]}}