{"id":70201,"date":"2025-11-08T15:45:21","date_gmt":"2025-11-08T15:45:21","guid":{"rendered":"https:\/\/staging.dyrsan.fr\/?post_type=product&#038;p=70201"},"modified":"2026-04-03T14:00:44","modified_gmt":"2026-04-03T14:00:44","slug":"tissu-lycra-mat-couleur-orange-intense-extensible","status":"publish","type":"product","link":"https:\/\/staging.dyrsan.fr\/es\/shop\/tissu-lycra-mat-couleur-orange-intense-extensible\/","title":{"rendered":"Tejido de lycra mate en naranja intenso stretch"},"content":{"rendered":"<p>Tejido mate de licra el\u00e1stica de color naranja intenso, perfecto para crear trajes de ba\u00f1o, lencer\u00eda o ropa de baile. Su textura suave y su opacidad garantizan un ajuste impecable y una comodidad superior, ideal para modelos de alta gama.<\/p>\n<p>&nbsp;<\/p>\n<p><strong>Especificaciones t\u00e9cnicas:<\/strong><br \/>\nReferencia : DY210OR<br \/>\nComposici\u00f3n: 82 % poliamida, 18 % elast\u00e1n<br \/>\nPeso: 200 g\/m\u00b2.<br \/>\nAnchura: 150 cm<br \/>\nColor: Calabaza apagada (naranja intenso y luminoso)<br \/>\nAspecto : Superficie lisa, acabado mate, tacto suave y denso<br \/>\nPropiedades: el\u00e1stico en 4 direcciones, transpirable, secado r\u00e1pido, excelente opacidad<br \/>\nAplicaciones: Ropa de ba\u00f1o, lencer\u00eda, ropa t\u00e9cnica y deportiva.<\/p>\n<p><b><img class=\"alignnone wp-image-67583\" src=\"https:\/\/staging.dyrsan.fr\/wp-content\/uploads\/2025\/08\/instru-1.jpeg\" alt=\"\" width=\"153\" height=\"42\" loading=\"lazy\" decoding=\"async\" title=\"\" srcset=\"https:\/\/staging.dyrsan.fr\/wp-content\/uploads\/2025\/08\/instru-1.jpeg 698w, https:\/\/staging.dyrsan.fr\/wp-content\/uploads\/2025\/08\/instru-1-18x5.jpeg 18w\" sizes=\"auto, (max-width: 153px) 100vw, 153px\" \/><\/b><\/p>\n<p><strong>Se venden en unidades de 50 cm de longitud<\/strong>\u00a0(Para pedir 1m seleccione 2 unidades)<\/p>","protected":false},"excerpt":{"rendered":"<p>Tejido mate de licra el\u00e1stica de color naranja intenso, perfecto para crear trajes de ba\u00f1o, lencer\u00eda o ropa de baile. Su textura suave y su opacidad garantizan un ajuste impecable y una comodidad superior, ideal para modelos de alta gama.<\/p>\n<p>&nbsp;<\/p>\n<p><strong>Especificaciones t\u00e9cnicas:<\/strong><br \/>\nReferencia : DY210OR<br \/>\nComposici\u00f3n: 82 % poliamida, 18 % elast\u00e1n<br \/>\nPeso: 200 g\/m\u00b2.<br \/>\nAnchura: 150 cm<br \/>\nColor: Calabaza apagada (naranja intenso y luminoso)<br \/>\nAspecto : Superficie lisa, acabado mate, tacto suave y denso<br \/>\nPropiedades: el\u00e1stico en 4 direcciones, transpirable, secado r\u00e1pido, excelente opacidad<br \/>\nAplicaciones: Ropa de ba\u00f1o, lencer\u00eda, ropa t\u00e9cnica y deportiva.<\/p>\n<p><b><img loading=\"lazy\" decoding=\"async\" class=\"alignnone wp-image-67583\" src=\"https:\/\/staging.dyrsan.fr\/wp-content\/uploads\/2025\/08\/instru-1.jpeg\" alt=\"\" width=\"153\" height=\"42\" srcset=\"https:\/\/staging.dyrsan.fr\/wp-content\/uploads\/2025\/08\/instru-1.jpeg 698w, https:\/\/staging.dyrsan.fr\/wp-content\/uploads\/2025\/08\/instru-1-18x5.jpeg 18w\" sizes=\"auto, (max-width: 153px) 100vw, 153px\" \/><\/b><\/p>\n<p><strong>Se venden en unidades de 50 cm de longitud<\/strong>\u00a0(Para pedir 1m seleccione 2 unidades)<\/p>","protected":false},"featured_media":69928,"comment_status":"open","ping_status":"closed","template":"","meta":[],"product_brand":[370],"product_cat":[150,458,151],"product_tag":[466,154],"class_list":{"0":"post-70201","1":"product","2":"type-product","3":"status-publish","4":"has-post-thumbnail","6":"product_brand-dyrsan","7":"product_cat-tissus","8":"product_cat-dernieres-pieces","9":"product_cat-tissus-lycra-extensibles","10":"product_tag-lycra","11":"product_tag-tissus-maillot-de-bain","13":"first","14":"instock","15":"sale","16":"taxable","17":"shipping-taxable","18":"purchasable","19":"product-type-simple"},"_links":{"self":[{"href":"https:\/\/staging.dyrsan.fr\/es\/wp-json\/wp\/v2\/product\/70201","targetHints":{"allow":["GET"]}}],"collection":[{"href":"https:\/\/staging.dyrsan.fr\/es\/wp-json\/wp\/v2\/product"}],"about":[{"href":"https:\/\/staging.dyrsan.fr\/es\/wp-json\/wp\/v2\/types\/product"}],"replies":[{"embeddable":true,"href":"https:\/\/staging.dyrsan.fr\/es\/wp-json\/wp\/v2\/comments?post=70201"}],"version-history":[{"count":9,"href":"https:\/\/staging.dyrsan.fr\/es\/wp-json\/wp\/v2\/product\/70201\/revisions"}],"predecessor-version":[{"id":73225,"href":"https:\/\/staging.dyrsan.fr\/es\/wp-json\/wp\/v2\/product\/70201\/revisions\/73225"}],"wp:featuredmedia":[{"embeddable":true,"href":"https:\/\/staging.dyrsan.fr\/es\/wp-json\/wp\/v2\/media\/69928"}],"wp:attachment":[{"href":"https:\/\/staging.dyrsan.fr\/es\/wp-json\/wp\/v2\/media?parent=70201"}],"wp:term":[{"taxonomy":"product_brand","embeddable":true,"href":"https:\/\/staging.dyrsan.fr\/es\/wp-json\/wp\/v2\/product_brand?post=70201"},{"taxonomy":"product_cat","embeddable":true,"href":"https:\/\/staging.dyrsan.fr\/es\/wp-json\/wp\/v2\/product_cat?post=70201"},{"taxonomy":"product_tag","embeddable":true,"href":"https:\/\/staging.dyrsan.fr\/es\/wp-json\/wp\/v2\/product_tag?post=70201"}],"curies":[{"name":"wp","href":"https:\/\/api.w.org\/{rel}","templated":true}]}}