{"id":69952,"date":"2025-11-06T14:57:58","date_gmt":"2025-11-06T14:57:58","guid":{"rendered":"https:\/\/staging.dyrsan.fr\/?post_type=product&#038;p=69952"},"modified":"2026-04-14T09:44:38","modified_gmt":"2026-04-14T09:44:38","slug":"tissu-lycra-marron-brillant-extensible","status":"publish","type":"product","link":"https:\/\/staging.dyrsan.fr\/es\/shop\/tissu-lycra-marron-brillant-extensible\/","title":{"rendered":"Tejido el\u00e1stico de lycra marr\u00f3n brillante de alta calidad"},"content":{"rendered":"<p>Tejido de lycra el\u00e1stica marr\u00f3n brillante de alta calidad, ideal para trajes de ba\u00f1o y ropa deportiva. Grueso y resistente, combina comodidad, sujeci\u00f3n y opacidad perfecta para dise\u00f1os elegantes y duraderos.<\/p>\n<p>&nbsp;<\/p>\n<p><strong>Especificaciones t\u00e9cnicas:<\/strong><br \/>\nReferencia : DY200DB<br \/>\nComposici\u00f3n: 80 % poliamida, 20 % elast\u00e1n<br \/>\nPeso: 200 g\/m\u00b2.<br \/>\nAnchura: 152 cm<br \/>\nColor: Marr\u00f3n brillante<br \/>\nAspecto : Liso, opaco, estirable en 4 direcciones<br \/>\nPropiedades: c\u00f3modo, transpirable, de secado r\u00e1pido, excelente elasticidad y resistencia<br \/>\nUso: Ba\u00f1adores, lencer\u00eda, ropa deportiva de alta gama<\/p>\n<p><b><img class=\"alignnone wp-image-67583\" src=\"https:\/\/staging.dyrsan.fr\/wp-content\/uploads\/2025\/08\/instru-1.jpeg\" alt=\"\" width=\"153\" height=\"42\" loading=\"lazy\" decoding=\"async\" title=\"\" srcset=\"https:\/\/staging.dyrsan.fr\/wp-content\/uploads\/2025\/08\/instru-1.jpeg 698w, https:\/\/staging.dyrsan.fr\/wp-content\/uploads\/2025\/08\/instru-1-18x5.jpeg 18w\" sizes=\"auto, (max-width: 153px) 100vw, 153px\" \/><\/b><\/p>\n<p><strong>Se venden en unidades de 50 cm de longitud<\/strong> (Para pedir 1m seleccione 2 unidades)<\/p>","protected":false},"excerpt":{"rendered":"<p>Tejido de lycra el\u00e1stica marr\u00f3n brillante de alta calidad, ideal para trajes de ba\u00f1o y ropa deportiva. Grueso y resistente, combina comodidad, sujeci\u00f3n y opacidad perfecta para dise\u00f1os elegantes y duraderos.<\/p>\n<p>&nbsp;<\/p>\n<p><strong>Especificaciones t\u00e9cnicas:<\/strong><br \/>\nReferencia : DY200DB<br \/>\nComposici\u00f3n: 80 % poliamida, 20 % elast\u00e1n<br \/>\nPeso: 200 g\/m\u00b2.<br \/>\nAnchura: 152 cm<br \/>\nColor: Marr\u00f3n brillante<br \/>\nAspecto : Liso, opaco, estirable en 4 direcciones<br \/>\nPropiedades: c\u00f3modo, transpirable, de secado r\u00e1pido, excelente elasticidad y resistencia<br \/>\nUso: Ba\u00f1adores, lencer\u00eda, ropa deportiva de alta gama<\/p>\n<p><b><img loading=\"lazy\" decoding=\"async\" class=\"alignnone wp-image-67583\" src=\"https:\/\/staging.dyrsan.fr\/wp-content\/uploads\/2025\/08\/instru-1.jpeg\" alt=\"\" width=\"153\" height=\"42\" srcset=\"https:\/\/staging.dyrsan.fr\/wp-content\/uploads\/2025\/08\/instru-1.jpeg 698w, https:\/\/staging.dyrsan.fr\/wp-content\/uploads\/2025\/08\/instru-1-18x5.jpeg 18w\" sizes=\"auto, (max-width: 153px) 100vw, 153px\" \/><\/b><\/p>\n<p><strong>Se venden en unidades de 50 cm de longitud<\/strong> (Para pedir 1m seleccione 2 unidades)<\/p>","protected":false},"featured_media":69903,"comment_status":"open","ping_status":"closed","template":"","meta":[],"product_brand":[370],"product_cat":[150,458,151],"product_tag":[466,154],"class_list":{"0":"post-69952","1":"product","2":"type-product","3":"status-publish","4":"has-post-thumbnail","6":"product_brand-dyrsan","7":"product_cat-tissus","8":"product_cat-dernieres-pieces","9":"product_cat-tissus-lycra-extensibles","10":"product_tag-lycra","11":"product_tag-tissus-maillot-de-bain","13":"first","14":"instock","15":"sale","16":"taxable","17":"shipping-taxable","18":"purchasable","19":"product-type-simple"},"_links":{"self":[{"href":"https:\/\/staging.dyrsan.fr\/es\/wp-json\/wp\/v2\/product\/69952","targetHints":{"allow":["GET"]}}],"collection":[{"href":"https:\/\/staging.dyrsan.fr\/es\/wp-json\/wp\/v2\/product"}],"about":[{"href":"https:\/\/staging.dyrsan.fr\/es\/wp-json\/wp\/v2\/types\/product"}],"replies":[{"embeddable":true,"href":"https:\/\/staging.dyrsan.fr\/es\/wp-json\/wp\/v2\/comments?post=69952"}],"version-history":[{"count":10,"href":"https:\/\/staging.dyrsan.fr\/es\/wp-json\/wp\/v2\/product\/69952\/revisions"}],"predecessor-version":[{"id":74418,"href":"https:\/\/staging.dyrsan.fr\/es\/wp-json\/wp\/v2\/product\/69952\/revisions\/74418"}],"wp:featuredmedia":[{"embeddable":true,"href":"https:\/\/staging.dyrsan.fr\/es\/wp-json\/wp\/v2\/media\/69903"}],"wp:attachment":[{"href":"https:\/\/staging.dyrsan.fr\/es\/wp-json\/wp\/v2\/media?parent=69952"}],"wp:term":[{"taxonomy":"product_brand","embeddable":true,"href":"https:\/\/staging.dyrsan.fr\/es\/wp-json\/wp\/v2\/product_brand?post=69952"},{"taxonomy":"product_cat","embeddable":true,"href":"https:\/\/staging.dyrsan.fr\/es\/wp-json\/wp\/v2\/product_cat?post=69952"},{"taxonomy":"product_tag","embeddable":true,"href":"https:\/\/staging.dyrsan.fr\/es\/wp-json\/wp\/v2\/product_tag?post=69952"}],"curies":[{"name":"wp","href":"https:\/\/api.w.org\/{rel}","templated":true}]}}