{"id":69852,"date":"2025-11-04T12:41:03","date_gmt":"2025-11-04T12:41:03","guid":{"rendered":"https:\/\/staging.dyrsan.fr\/?post_type=product&#038;p=69852"},"modified":"2026-04-14T09:44:45","modified_gmt":"2026-04-14T09:44:45","slug":"chaine-en-metal-dore-avec-cristal","status":"publish","type":"product","link":"https:\/\/staging.dyrsan.fr\/es\/shop\/chaine-en-metal-dore-avec-cristal\/","title":{"rendered":"Cadena de metal dorado con cristal"},"content":{"rendered":"<p>Esta cadena de metal dorado con cristal est\u00e1 dise\u00f1ada para el acabado de trajes de ba\u00f1o y lencer\u00eda. Ofrece un acabado luminoso y una excelente sujeci\u00f3n en tejidos t\u00e9cnicos.<\/p>\n<p>&nbsp;<\/p>\n<p><strong>Especificaciones t\u00e9cnicas:<\/strong><br \/>\nN\u00famero de cat\u00e1logo : DY5257<br \/>\nMaterial(es): metal y cristal<br \/>\nColor: dorado<br \/>\nTama\u00f1o: 6 \u00d7 1,3 cm<br \/>\nPeso: 3,29 g<\/p>\n<p>&nbsp;<\/p>\n<p><strong>Propiedades t\u00e9cnicas:<\/strong><br \/>\nResistente a la corrosi\u00f3n<br \/>\nResistente al agua de mar y a la transpiraci\u00f3n<br \/>\nNo decolora<br \/>\nSin bordes afilados (no irrita al entrar en contacto con la piel)<br \/>\nLarga duraci\u00f3n, incluso cosido o expuesto al sol<br \/>\nIdeal para trajes de ba\u00f1o t\u00e9cnicos y tejidos de lencer\u00eda fina<\/p>","protected":false},"excerpt":{"rendered":"<p>Esta cadena de metal dorado con cristal est\u00e1 dise\u00f1ada para el acabado de trajes de ba\u00f1o y lencer\u00eda. Ofrece un acabado luminoso y una excelente sujeci\u00f3n en tejidos t\u00e9cnicos.<\/p>\n<p>&nbsp;<\/p>\n<p><strong>Especificaciones t\u00e9cnicas:<\/strong><\/p>\n<p>N\u00famero de cat\u00e1logo : DY5257<br \/>\nMaterial(es): metal y cristal<br \/>\nColor: dorado<br \/>\nTama\u00f1o: 6 \u00d7 1,3 cm<br \/>\nPeso: 3,29 g<\/p>\n<p>&nbsp;<\/p>\n<p><strong>Propiedades t\u00e9cnicas:<\/strong><br \/>\nResistente a la corrosi\u00f3n<br \/>\nResistente al agua de mar y a la transpiraci\u00f3n<br \/>\nNo decolora<br \/>\nSin bordes afilados (no irrita al entrar en contacto con la piel)<br \/>\nLarga duraci\u00f3n, incluso cosido o expuesto al sol<br \/>\nIdeal para trajes de ba\u00f1o t\u00e9cnicos y tejidos de lencer\u00eda fina<\/p>","protected":false},"featured_media":69738,"comment_status":"open","ping_status":"closed","template":"","meta":[],"product_brand":[],"product_cat":[140,434,458],"product_tag":[381,382],"class_list":{"0":"post-69852","1":"product","2":"type-product","3":"status-publish","4":"has-post-thumbnail","6":"product_cat-accessoires","7":"product_cat-chaines","8":"product_cat-dernieres-pieces","9":"product_tag-chaine","10":"product_tag-chaine-connecteur","12":"first","13":"instock","14":"sold-individually","15":"taxable","16":"shipping-taxable","17":"purchasable","18":"product-type-simple"},"_links":{"self":[{"href":"https:\/\/staging.dyrsan.fr\/es\/wp-json\/wp\/v2\/product\/69852","targetHints":{"allow":["GET"]}}],"collection":[{"href":"https:\/\/staging.dyrsan.fr\/es\/wp-json\/wp\/v2\/product"}],"about":[{"href":"https:\/\/staging.dyrsan.fr\/es\/wp-json\/wp\/v2\/types\/product"}],"replies":[{"embeddable":true,"href":"https:\/\/staging.dyrsan.fr\/es\/wp-json\/wp\/v2\/comments?post=69852"}],"version-history":[{"count":7,"href":"https:\/\/staging.dyrsan.fr\/es\/wp-json\/wp\/v2\/product\/69852\/revisions"}],"predecessor-version":[{"id":72940,"href":"https:\/\/staging.dyrsan.fr\/es\/wp-json\/wp\/v2\/product\/69852\/revisions\/72940"}],"wp:featuredmedia":[{"embeddable":true,"href":"https:\/\/staging.dyrsan.fr\/es\/wp-json\/wp\/v2\/media\/69738"}],"wp:attachment":[{"href":"https:\/\/staging.dyrsan.fr\/es\/wp-json\/wp\/v2\/media?parent=69852"}],"wp:term":[{"taxonomy":"product_brand","embeddable":true,"href":"https:\/\/staging.dyrsan.fr\/es\/wp-json\/wp\/v2\/product_brand?post=69852"},{"taxonomy":"product_cat","embeddable":true,"href":"https:\/\/staging.dyrsan.fr\/es\/wp-json\/wp\/v2\/product_cat?post=69852"},{"taxonomy":"product_tag","embeddable":true,"href":"https:\/\/staging.dyrsan.fr\/es\/wp-json\/wp\/v2\/product_tag?post=69852"}],"curies":[{"name":"wp","href":"https:\/\/api.w.org\/{rel}","templated":true}]}}