{"id":68998,"date":"2025-11-07T17:23:57","date_gmt":"2025-11-07T17:23:57","guid":{"rendered":"https:\/\/staging.dyrsan.fr\/?post_type=product&#038;p=68998"},"modified":"2026-04-14T10:17:41","modified_gmt":"2026-04-14T10:17:41","slug":"tissu-bain-violet-polyester-elasthanne-gaufre","status":"publish","type":"product","link":"https:\/\/staging.dyrsan.fr\/es\/shop\/tissu-bain-violet-polyester-elasthanne-gaufre\/","title":{"rendered":"Tejido de ba\u00f1o en relieve de poli\u00e9ster elastano morado"},"content":{"rendered":"<p>Tejido para trajes de ba\u00f1o en relieve de poli\u00e9ster elastano de color morado, 155 cm de ancho y 235 g\/m\u00b2 de peso. Su textura delicadamente ondulada le confiere un acabado refinado y el\u00e1stico, ideal para trajes de ba\u00f1o y ba\u00f1adores entallados.<\/p>\n<p>&nbsp;<\/p>\n<p><strong>Especificaciones t\u00e9cnicas:<\/strong><br \/>\nN\u00famero de cat\u00e1logo : DY80027<br \/>\nCategor\u00eda: Tejidos de ba\u00f1o<br \/>\nComposici\u00f3n: 89 % poli\u00e9ster - 11 % elast\u00e1n<br \/>\nAnchura: 155 cm<br \/>\nPeso: 235 g\/m\u00b2.<br \/>\nAspecto : En relieve, el\u00e1stico<br \/>\nCouleur : Violet profond (personnalisable selon le code Pantone)<\/p>\n<p>Uso: Ba\u00f1adores, ropa de ba\u00f1o, ropa el\u00e1stica<\/p>","protected":false},"excerpt":{"rendered":"<p>Tejido para trajes de ba\u00f1o en relieve de poli\u00e9ster elastano de color morado, 155 cm de ancho y 235 g\/m\u00b2 de peso. Su textura delicadamente ondulada le confiere un acabado refinado y el\u00e1stico, ideal para trajes de ba\u00f1o y ba\u00f1adores entallados.<\/p>\n<p>&nbsp;<\/p>\n<p><strong>Especificaciones t\u00e9cnicas:<\/strong><br \/>\nN\u00famero de cat\u00e1logo : DY80027<br \/>\nCategor\u00eda: Tejidos de ba\u00f1o<br \/>\nComposici\u00f3n: 89 % poli\u00e9ster - 11 % elast\u00e1n<br \/>\nAnchura: 155 cm<br \/>\nPeso: 235 g\/m\u00b2.<br \/>\nAspecto : En relieve, el\u00e1stico<br \/>\nCouleur : Violet profond (personnalisable selon le code Pantone)<\/p>\n<p>Uso: Ba\u00f1adores, ropa de ba\u00f1o, ropa el\u00e1stica<\/p>\n<div id=\"simple-translate\" class=\"simple-translate-system-theme\">\n<div>\n<div class=\"simple-translate-button isShow\" style=\"background-image: url('chrome-extension:\/\/cllnohpbfenopiakdcjmjcbaeapmkcdl\/icons\/512.png'); height: 22px; width: 22px; top: 111px; left: 178px;\"><\/div>\n<div class=\"simple-translate-panel\" style=\"width: 300px; height: 200px; top: 0px; left: 0px; font-size: 13px;\">\n<div class=\"simple-translate-result-wrapper\" style=\"overflow: hidden;\">\n<div class=\"simple-translate-move\" draggable=\"true\"><\/div>\n<div class=\"simple-translate-result-contents\">\n<p class=\"simple-translate-result\" dir=\"auto\">\n<p class=\"simple-translate-candidate\" dir=\"auto\">\n<\/div>\n<\/div>\n<\/div>\n<\/div>\n<\/div>","protected":false},"featured_media":68883,"comment_status":"open","ping_status":"closed","template":"","meta":[],"product_brand":[370],"product_cat":[455,150,151],"product_tag":[],"class_list":{"0":"post-68998","1":"product","2":"type-product","3":"status-publish","4":"has-post-thumbnail","6":"product_brand-dyrsan","7":"product_cat-tissus-maillots-de-bain","8":"product_cat-tissus","9":"product_cat-tissus-lycra-extensibles","11":"first","12":"instock","13":"taxable","14":"shipping-taxable","15":"purchasable","16":"product-type-simple"},"_links":{"self":[{"href":"https:\/\/staging.dyrsan.fr\/es\/wp-json\/wp\/v2\/product\/68998","targetHints":{"allow":["GET"]}}],"collection":[{"href":"https:\/\/staging.dyrsan.fr\/es\/wp-json\/wp\/v2\/product"}],"about":[{"href":"https:\/\/staging.dyrsan.fr\/es\/wp-json\/wp\/v2\/types\/product"}],"replies":[{"embeddable":true,"href":"https:\/\/staging.dyrsan.fr\/es\/wp-json\/wp\/v2\/comments?post=68998"}],"version-history":[{"count":11,"href":"https:\/\/staging.dyrsan.fr\/es\/wp-json\/wp\/v2\/product\/68998\/revisions"}],"predecessor-version":[{"id":74930,"href":"https:\/\/staging.dyrsan.fr\/es\/wp-json\/wp\/v2\/product\/68998\/revisions\/74930"}],"wp:featuredmedia":[{"embeddable":true,"href":"https:\/\/staging.dyrsan.fr\/es\/wp-json\/wp\/v2\/media\/68883"}],"wp:attachment":[{"href":"https:\/\/staging.dyrsan.fr\/es\/wp-json\/wp\/v2\/media?parent=68998"}],"wp:term":[{"taxonomy":"product_brand","embeddable":true,"href":"https:\/\/staging.dyrsan.fr\/es\/wp-json\/wp\/v2\/product_brand?post=68998"},{"taxonomy":"product_cat","embeddable":true,"href":"https:\/\/staging.dyrsan.fr\/es\/wp-json\/wp\/v2\/product_cat?post=68998"},{"taxonomy":"product_tag","embeddable":true,"href":"https:\/\/staging.dyrsan.fr\/es\/wp-json\/wp\/v2\/product_tag?post=68998"}],"curies":[{"name":"wp","href":"https:\/\/api.w.org\/{rel}","templated":true}]}}