{"id":68929,"date":"2025-10-08T12:33:59","date_gmt":"2025-10-08T12:33:59","guid":{"rendered":"https:\/\/staging.dyrsan.fr\/?post_type=product&#038;p=68929"},"modified":"2026-03-18T09:56:10","modified_gmt":"2026-03-18T09:56:10","slug":"tissu-jacquard-rose-metallise-nylon-spandex","status":"publish","type":"product","link":"https:\/\/staging.dyrsan.fr\/es\/shop\/tissu-jacquard-rose-metallise-nylon-spandex\/","title":{"rendered":"Tejido jacquard de nailon y elastano rosa metalizado"},"content":{"rendered":"<p>Elegante tejido jacquard rosa metalizado de nailon y elastano, con una textura suave y ligeramente el\u00e1stica. Ideal para prendas de vestir, trajes de ba\u00f1o refinados, trajes de noche u originales piezas de efecto satinado. Su composici\u00f3n combina comodidad, brillo y resistencia.<\/p>\n<p>&nbsp;<\/p>\n<p><strong>Especificaciones t\u00e9cnicas:<\/strong><br \/>\nN\u00famero de cat\u00e1logo : DY98276<br \/>\nAnchura: 150 cm<br \/>\nPeso: 170 g\/m\u00b2.<br \/>\nComposici\u00f3n: 13 % met\u00e1lico, 72 % nailon, 15 % elastano<br \/>\nColor: rosa<\/p>\n<div id=\"simple-translate\" class=\"simple-translate-system-theme\">\n<div>\n<div class=\"simple-translate-button isShow\" style=\"background-image: url('chrome-extension:\/\/cllnohpbfenopiakdcjmjcbaeapmkcdl\/icons\/512.png'); height: 22px; width: 22px; top: 190px; left: 186px;\"><\/div>\n<div class=\"simple-translate-panel\" style=\"width: 300px; height: 200px; top: 0px; left: 0px; font-size: 13px;\">\n<div class=\"simple-translate-result-wrapper\" style=\"overflow: hidden;\">\n<div class=\"simple-translate-move\" draggable=\"true\"><\/div>\n<div class=\"simple-translate-result-contents\">\n<p class=\"simple-translate-result\" dir=\"auto\">\n<p class=\"simple-translate-candidate\" dir=\"auto\">\n<\/div>\n<\/div>\n<\/div>\n<\/div>\n<\/div>","protected":false},"excerpt":{"rendered":"<p>Elegante tejido jacquard rosa metalizado de nailon y elastano, con una textura suave y ligeramente el\u00e1stica. Ideal para prendas de vestir, trajes de ba\u00f1o refinados, trajes de noche u originales piezas de efecto satinado. Su composici\u00f3n combina comodidad, brillo y resistencia.<\/p>\n<p>&nbsp;<\/p>\n<p><strong>Especificaciones t\u00e9cnicas:<\/strong><br \/>\nN\u00famero de cat\u00e1logo : DY98276<br \/>\nAnchura: 150 cm<br \/>\nPeso: 170 g\/m\u00b2.<br \/>\nComposici\u00f3n: 13 % met\u00e1lico, 72 % nailon, 15 % elastano<br \/>\nColor: rosa<\/p>","protected":false},"featured_media":68841,"comment_status":"open","ping_status":"closed","template":"","meta":[],"product_brand":[370],"product_cat":[150,193,180],"product_tag":[],"class_list":{"0":"post-68929","1":"product","2":"type-product","3":"status-publish","4":"has-post-thumbnail","6":"product_brand-dyrsan","7":"product_cat-tissus","8":"product_cat-tissus-lurex-brillants","9":"product_cat-tissus-mailles-jacquard","11":"first","12":"instock","13":"taxable","14":"shipping-taxable","15":"purchasable","16":"product-type-simple"},"_links":{"self":[{"href":"https:\/\/staging.dyrsan.fr\/es\/wp-json\/wp\/v2\/product\/68929","targetHints":{"allow":["GET"]}}],"collection":[{"href":"https:\/\/staging.dyrsan.fr\/es\/wp-json\/wp\/v2\/product"}],"about":[{"href":"https:\/\/staging.dyrsan.fr\/es\/wp-json\/wp\/v2\/types\/product"}],"replies":[{"embeddable":true,"href":"https:\/\/staging.dyrsan.fr\/es\/wp-json\/wp\/v2\/comments?post=68929"}],"version-history":[{"count":9,"href":"https:\/\/staging.dyrsan.fr\/es\/wp-json\/wp\/v2\/product\/68929\/revisions"}],"predecessor-version":[{"id":74924,"href":"https:\/\/staging.dyrsan.fr\/es\/wp-json\/wp\/v2\/product\/68929\/revisions\/74924"}],"wp:featuredmedia":[{"embeddable":true,"href":"https:\/\/staging.dyrsan.fr\/es\/wp-json\/wp\/v2\/media\/68841"}],"wp:attachment":[{"href":"https:\/\/staging.dyrsan.fr\/es\/wp-json\/wp\/v2\/media?parent=68929"}],"wp:term":[{"taxonomy":"product_brand","embeddable":true,"href":"https:\/\/staging.dyrsan.fr\/es\/wp-json\/wp\/v2\/product_brand?post=68929"},{"taxonomy":"product_cat","embeddable":true,"href":"https:\/\/staging.dyrsan.fr\/es\/wp-json\/wp\/v2\/product_cat?post=68929"},{"taxonomy":"product_tag","embeddable":true,"href":"https:\/\/staging.dyrsan.fr\/es\/wp-json\/wp\/v2\/product_tag?post=68929"}],"curies":[{"name":"wp","href":"https:\/\/api.w.org\/{rel}","templated":true}]}}