{"id":68012,"date":"2025-09-14T14:03:01","date_gmt":"2025-09-14T14:03:01","guid":{"rendered":"https:\/\/staging.dyrsan.fr\/?post_type=product&#038;p=68012"},"modified":"2026-04-03T17:51:00","modified_gmt":"2026-04-03T17:51:00","slug":"passant-en-metal-gris-acier-en-forme-detoile","status":"publish","type":"product","link":"https:\/\/staging.dyrsan.fr\/es\/shop\/passant-en-metal-gris-acier-en-forme-detoile\/","title":{"rendered":"Lazo de metal gris acero en forma de estrella"},"content":{"rendered":"<p>Ce passant en m\u00e9tal gris acier en forme d\u2019\u00e9toile est un \u00e9l\u00e9ment fonctionnel et d\u00e9coratif pour l\u2019assemblage textile. Il assure une finition solide et durable pour les cr\u00e9ations n\u00e9cessitant une excellente tenue dans le temps.<\/p>\n<p>&nbsp;<\/p>\n<p><strong>Especificaciones t\u00e9cnicas:<\/strong><\/p>\n<p>R\u00e9f\u00e9rence : DY5653<br \/>\nMaterial(es): Metal<br \/>\nCouleur : gris<br \/>\nTaille : 47 \u00d7 16 mm<br \/>\nPoids : 11,6 g<\/p>\n<p>&nbsp;<\/p>\n<p><strong>Propiedades t\u00e9cnicas:<\/strong><\/p>\n<p>Resistente a la corrosi\u00f3n<br \/>\nResistente al agua de mar y a la transpiraci\u00f3n<br \/>\nNo decolora<br \/>\nSin bordes afilados (no irrita)<br \/>\nGran durabilidad (incluso cosido o expuesto al sol)<\/p>\n<p>Se vende en paquetes de 100 \/ Entrega en 15-20 d\u00edas<\/p>","protected":false},"excerpt":{"rendered":"<p>Ce passant en m\u00e9tal gris acier en forme d\u2019\u00e9toile est un \u00e9l\u00e9ment fonctionnel et d\u00e9coratif pour l\u2019assemblage textile. Il assure une finition solide et durable pour les cr\u00e9ations n\u00e9cessitant une excellente tenue dans le temps.<\/p>\n<p>&nbsp;<\/p>\n<p><strong>Especificaciones t\u00e9cnicas:<\/strong><\/p>\n<p>R\u00e9f\u00e9rence : DY5653<br \/>\nMaterial(es): Metal<br \/>\nCouleur : gris<br \/>\nTaille : 47 \u00d7 16 mm<br \/>\nPoids : 11,6 g<\/p>\n<p>&nbsp;<\/p>\n<p><strong>Propiedades t\u00e9cnicas:<\/strong><\/p>\n<p>Resistente a la corrosi\u00f3n<br \/>\nResistente al agua de mar y a la transpiraci\u00f3n<br \/>\nNo decolora<br \/>\nSin bordes afilados (no irrita)<br \/>\nGran durabilidad (incluso cosido o expuesto al sol)<\/p>\n<p>Se vende en paquetes de 100 \/ Entrega en 15-20 d\u00edas<\/p>","protected":false},"featured_media":67973,"comment_status":"closed","ping_status":"closed","template":"","meta":[],"product_brand":[370],"product_cat":[140,212],"product_tag":[374],"class_list":{"0":"post-68012","1":"product","2":"type-product","3":"status-publish","4":"has-post-thumbnail","6":"product_brand-dyrsan","7":"product_cat-accessoires","8":"product_cat-passants","9":"product_tag-passant","10":"product_shipping_class-1-a-2kg","12":"first","13":"instock","14":"taxable","15":"shipping-taxable","16":"purchasable","17":"product-type-simple"},"_links":{"self":[{"href":"https:\/\/staging.dyrsan.fr\/es\/wp-json\/wp\/v2\/product\/68012","targetHints":{"allow":["GET"]}}],"collection":[{"href":"https:\/\/staging.dyrsan.fr\/es\/wp-json\/wp\/v2\/product"}],"about":[{"href":"https:\/\/staging.dyrsan.fr\/es\/wp-json\/wp\/v2\/types\/product"}],"replies":[{"embeddable":true,"href":"https:\/\/staging.dyrsan.fr\/es\/wp-json\/wp\/v2\/comments?post=68012"}],"version-history":[{"count":11,"href":"https:\/\/staging.dyrsan.fr\/es\/wp-json\/wp\/v2\/product\/68012\/revisions"}],"predecessor-version":[{"id":76326,"href":"https:\/\/staging.dyrsan.fr\/es\/wp-json\/wp\/v2\/product\/68012\/revisions\/76326"}],"wp:featuredmedia":[{"embeddable":true,"href":"https:\/\/staging.dyrsan.fr\/es\/wp-json\/wp\/v2\/media\/67973"}],"wp:attachment":[{"href":"https:\/\/staging.dyrsan.fr\/es\/wp-json\/wp\/v2\/media?parent=68012"}],"wp:term":[{"taxonomy":"product_brand","embeddable":true,"href":"https:\/\/staging.dyrsan.fr\/es\/wp-json\/wp\/v2\/product_brand?post=68012"},{"taxonomy":"product_cat","embeddable":true,"href":"https:\/\/staging.dyrsan.fr\/es\/wp-json\/wp\/v2\/product_cat?post=68012"},{"taxonomy":"product_tag","embeddable":true,"href":"https:\/\/staging.dyrsan.fr\/es\/wp-json\/wp\/v2\/product_tag?post=68012"}],"curies":[{"name":"wp","href":"https:\/\/api.w.org\/{rel}","templated":true}]}}