{"id":67999,"date":"2025-09-14T13:26:48","date_gmt":"2025-09-14T13:26:48","guid":{"rendered":"https:\/\/staging.dyrsan.fr\/?post_type=product&#038;p=67999"},"modified":"2026-04-03T17:51:07","modified_gmt":"2026-04-03T17:51:07","slug":"passant-en-metal-argente","status":"publish","type":"product","link":"https:\/\/staging.dyrsan.fr\/es\/shop\/passant-en-metal-argente\/","title":{"rendered":"Lazo de metal plateado"},"content":{"rendered":"<p>Ce passant en m\u00e9tal argent\u00e9 est un \u00e9l\u00e9ment fonctionnel destin\u00e9 \u00e0 l\u2019assemblage et \u00e0 la finition des cr\u00e9ations textiles. Sa conception robuste assure une tenue durable, adapt\u00e9e aux usages expos\u00e9s \u00e0 l\u2019eau et au soleil.<\/p>\n<p>&nbsp;<\/p>\n<p><strong>Especificaciones t\u00e9cnicas:<\/strong><\/p>\n<p>R\u00e9f\u00e9rence : DY8715-1<br \/>\nMaterial(es): Metal<br \/>\nColor: plata<br \/>\nTaille\u00a0 : 60&#215;28 mm<br \/>\nPoids : 18,6 g<\/p>\n<p><strong>Propiedades t\u00e9cnicas:<\/strong><br \/>\nResistente a la corrosi\u00f3n<br \/>\nResistente al agua de mar y a la transpiraci\u00f3n<br \/>\nNo decolora<br \/>\nSin bordes afilados (no irrita)<br \/>\nGran durabilidad (incluso cosido o expuesto al sol)<\/p>\n<p>Se vende en paquetes de 100 \/ Entrega en 15-20 d\u00edas<\/p>","protected":false},"excerpt":{"rendered":"<p>Ce passant en m\u00e9tal argent\u00e9 est un \u00e9l\u00e9ment fonctionnel destin\u00e9 \u00e0 l\u2019assemblage et \u00e0 la finition des cr\u00e9ations textiles. Sa conception robuste assure une tenue durable, adapt\u00e9e aux usages expos\u00e9s \u00e0 l\u2019eau et au soleil.<\/p>\n<p>&nbsp;<\/p>\n<p><strong>Especificaciones t\u00e9cnicas:<\/strong><\/p>\n<p>R\u00e9f\u00e9rence : DY8715-1<br \/>\nMaterial(es): Metal<br \/>\nColor: plata<br \/>\nTaille\u00a0 : 60&#215;28 mm<br \/>\nPoids : 18,6 g<\/p>\n<p>&nbsp;<\/p>\n<p><strong>Propiedades t\u00e9cnicas:<\/strong><br \/>\nResistente a la corrosi\u00f3n<br \/>\nResistente al agua de mar y a la transpiraci\u00f3n<br \/>\nNo decolora<br \/>\nSin bordes afilados (no irrita)<br \/>\nGran durabilidad (incluso cosido o expuesto al sol)<\/p>\n<p>Se vende en paquetes de 100 \/ Entrega en 15-20 d\u00edas<\/p>","protected":false},"featured_media":67968,"comment_status":"closed","ping_status":"closed","template":"","meta":[],"product_brand":[],"product_cat":[212,140],"product_tag":[379,380],"class_list":{"0":"post-67999","1":"product","2":"type-product","3":"status-publish","4":"has-post-thumbnail","6":"product_cat-passants","7":"product_cat-accessoires","8":"product_tag-broche","9":"product_tag-epingle","10":"product_shipping_class-1-a-2kg","12":"first","13":"instock","14":"taxable","15":"shipping-taxable","16":"purchasable","17":"product-type-simple"},"_links":{"self":[{"href":"https:\/\/staging.dyrsan.fr\/es\/wp-json\/wp\/v2\/product\/67999","targetHints":{"allow":["GET"]}}],"collection":[{"href":"https:\/\/staging.dyrsan.fr\/es\/wp-json\/wp\/v2\/product"}],"about":[{"href":"https:\/\/staging.dyrsan.fr\/es\/wp-json\/wp\/v2\/types\/product"}],"replies":[{"embeddable":true,"href":"https:\/\/staging.dyrsan.fr\/es\/wp-json\/wp\/v2\/comments?post=67999"}],"version-history":[{"count":11,"href":"https:\/\/staging.dyrsan.fr\/es\/wp-json\/wp\/v2\/product\/67999\/revisions"}],"predecessor-version":[{"id":76329,"href":"https:\/\/staging.dyrsan.fr\/es\/wp-json\/wp\/v2\/product\/67999\/revisions\/76329"}],"wp:featuredmedia":[{"embeddable":true,"href":"https:\/\/staging.dyrsan.fr\/es\/wp-json\/wp\/v2\/media\/67968"}],"wp:attachment":[{"href":"https:\/\/staging.dyrsan.fr\/es\/wp-json\/wp\/v2\/media?parent=67999"}],"wp:term":[{"taxonomy":"product_brand","embeddable":true,"href":"https:\/\/staging.dyrsan.fr\/es\/wp-json\/wp\/v2\/product_brand?post=67999"},{"taxonomy":"product_cat","embeddable":true,"href":"https:\/\/staging.dyrsan.fr\/es\/wp-json\/wp\/v2\/product_cat?post=67999"},{"taxonomy":"product_tag","embeddable":true,"href":"https:\/\/staging.dyrsan.fr\/es\/wp-json\/wp\/v2\/product_tag?post=67999"}],"curies":[{"name":"wp","href":"https:\/\/api.w.org\/{rel}","templated":true}]}}