{"id":65710,"date":"2025-08-29T20:32:34","date_gmt":"2025-08-29T20:32:34","guid":{"rendered":"https:\/\/www.2027.staging.dyrsan.fr\/?post_type=product&#038;p=65710"},"modified":"2026-04-14T10:22:03","modified_gmt":"2026-04-14T10:22:03","slug":"grand-passant-rond-en-metal-argente-a-structure-en-relief","status":"publish","type":"product","link":"https:\/\/staging.dyrsan.fr\/es\/shop\/grand-passant-rond-en-metal-argente-a-structure-en-relief\/","title":{"rendered":"Medall\u00f3n redondo en relieve de metal dorado"},"content":{"rendered":"<p>Medall\u00f3n redondo en relieve de metal dorado - pieza de ensamblaje decorativa y funcional para la cintura del bikini, traje de ba\u00f1o, pareo, accesorio de declaraci\u00f3n. Dise\u00f1o de disco redondo grande con relieve escult\u00f3rico abstracto. Acabado meticuloso que garantiza un uso duradero, incluso en ambientes marinos.<\/p>\n<p>&nbsp;<\/p>\n<p><strong>Especificaciones t\u00e9cnicas :<\/strong><\/p>\n<p>N\u00famero de cat\u00e1logo : DY5671<br \/>\nMaterial(es): Metal (aleaci\u00f3n de zinc)<br \/>\nColor: dorado<br \/>\nDimensiones: 70 mm (di\u00e1metro) \u00d7 30 mm<br \/>\nPeso : 41.4g<\/p>\n<p>&nbsp;<\/p>\n<p><strong>Caracter\u00edsticas t\u00e9cnicas :<\/strong><br \/>\nResistente a la corrosi\u00f3n<br \/>\nResistente al agua de mar y a la transpiraci\u00f3n<br \/>\nNo decolora<br \/>\nSin bordes afilados (no irrita)<br \/>\nGran durabilidad (incluso cosido o expuesto al sol)<\/p>\n<p>Se vende en paquetes de 100 \/ Entrega en 15-20 d\u00edas<\/p>","protected":false},"excerpt":{"rendered":"<p>Medall\u00f3n redondo en relieve de metal dorado - pieza de ensamblaje decorativa y funcional para la cintura del bikini, traje de ba\u00f1o, pareo, accesorio de declaraci\u00f3n. Dise\u00f1o de disco redondo grande con relieve escult\u00f3rico abstracto. Acabado meticuloso que garantiza un uso duradero, incluso en ambientes marinos.<\/p>","protected":false},"featured_media":61657,"comment_status":"closed","ping_status":"closed","template":"","meta":[],"product_brand":[],"product_cat":[140,230],"product_tag":[170,374],"class_list":{"0":"post-65710","1":"product","2":"type-product","3":"status-publish","4":"has-post-thumbnail","6":"product_cat-accessoires","7":"product_cat-broches","8":"product_tag-boucle-maillot-de-bain","9":"product_tag-passant","10":"product_shipping_class-1-a-2kg","12":"first","13":"instock","14":"taxable","15":"shipping-taxable","16":"purchasable","17":"product-type-simple"},"_links":{"self":[{"href":"https:\/\/staging.dyrsan.fr\/es\/wp-json\/wp\/v2\/product\/65710","targetHints":{"allow":["GET"]}}],"collection":[{"href":"https:\/\/staging.dyrsan.fr\/es\/wp-json\/wp\/v2\/product"}],"about":[{"href":"https:\/\/staging.dyrsan.fr\/es\/wp-json\/wp\/v2\/types\/product"}],"replies":[{"embeddable":true,"href":"https:\/\/staging.dyrsan.fr\/es\/wp-json\/wp\/v2\/comments?post=65710"}],"version-history":[{"count":7,"href":"https:\/\/staging.dyrsan.fr\/es\/wp-json\/wp\/v2\/product\/65710\/revisions"}],"predecessor-version":[{"id":76352,"href":"https:\/\/staging.dyrsan.fr\/es\/wp-json\/wp\/v2\/product\/65710\/revisions\/76352"}],"wp:featuredmedia":[{"embeddable":true,"href":"https:\/\/staging.dyrsan.fr\/es\/wp-json\/wp\/v2\/media\/61657"}],"wp:attachment":[{"href":"https:\/\/staging.dyrsan.fr\/es\/wp-json\/wp\/v2\/media?parent=65710"}],"wp:term":[{"taxonomy":"product_brand","embeddable":true,"href":"https:\/\/staging.dyrsan.fr\/es\/wp-json\/wp\/v2\/product_brand?post=65710"},{"taxonomy":"product_cat","embeddable":true,"href":"https:\/\/staging.dyrsan.fr\/es\/wp-json\/wp\/v2\/product_cat?post=65710"},{"taxonomy":"product_tag","embeddable":true,"href":"https:\/\/staging.dyrsan.fr\/es\/wp-json\/wp\/v2\/product_tag?post=65710"}],"curies":[{"name":"wp","href":"https:\/\/api.w.org\/{rel}","templated":true}]}}