{"id":65702,"date":"2025-08-29T20:32:33","date_gmt":"2025-08-29T20:32:33","guid":{"rendered":"https:\/\/www.2027.staging.dyrsan.fr\/?post_type=product&#038;p=65702"},"modified":"2026-04-14T10:22:08","modified_gmt":"2026-04-14T10:22:08","slug":"grand-connecteur-en-metal-argente-de-forme-originale","status":"publish","type":"product","link":"https:\/\/staging.dyrsan.fr\/es\/shop\/grand-connecteur-en-metal-argente-de-forme-originale\/","title":{"rendered":"Conector met\u00e1lico dorado"},"content":{"rendered":"<p>Connecteur en m\u00e9tal dor\u00e9 \u2014 pi\u00e8ce d&rsquo;assemblage d\u00e9corative et fonctionnelle pour maillot de bain, lingerie, v\u00eatement drap\u00e9.  Finition soign\u00e9e garantissant une tenue durable, y compris en milieu baln\u00e9aire.<\/p>\n<p>&nbsp;<\/p>\n<p><strong>Especificaciones t\u00e9cnicas :<\/strong><\/p>\n<p>R\u00e9f\u00e9rence : DY5721<br \/>\nMaterial(es): Metal (aleaci\u00f3n de zinc)<br \/>\nColor: dorado<\/p>\n<p>&nbsp;<\/p>\n<p><strong>Caracter\u00edsticas t\u00e9cnicas :<\/strong><br \/>\nResistente a la corrosi\u00f3n<br \/>\nResistente al agua de mar y a la transpiraci\u00f3n<br \/>\nNo decolora<br \/>\nSin bordes afilados (no irrita)<br \/>\nGran durabilidad (incluso cosido o expuesto al sol)<\/p>\n<p>Se vende en paquetes de 100 \/ Entrega en 15-20 d\u00edas<\/p>","protected":false},"excerpt":{"rendered":"<p>Connecteur en m\u00e9tal dor\u00e9 \u2014 pi\u00e8ce d&rsquo;assemblage d\u00e9corative et fonctionnelle pour maillot de bain, lingerie, v\u00eatement drap\u00e9.  Finition soign\u00e9e garantissant une tenue durable, y compris en milieu baln\u00e9aire.<\/p>","protected":false},"featured_media":61621,"comment_status":"closed","ping_status":"closed","template":"","meta":[],"product_brand":[],"product_cat":[140,149],"product_tag":[],"class_list":{"0":"post-65702","1":"product","2":"type-product","3":"status-publish","4":"has-post-thumbnail","6":"product_cat-accessoires","7":"product_cat-connecteurs","8":"product_shipping_class-1-a-2kg","10":"first","11":"instock","12":"taxable","13":"shipping-taxable","14":"purchasable","15":"product-type-simple"},"_links":{"self":[{"href":"https:\/\/staging.dyrsan.fr\/es\/wp-json\/wp\/v2\/product\/65702","targetHints":{"allow":["GET"]}}],"collection":[{"href":"https:\/\/staging.dyrsan.fr\/es\/wp-json\/wp\/v2\/product"}],"about":[{"href":"https:\/\/staging.dyrsan.fr\/es\/wp-json\/wp\/v2\/types\/product"}],"replies":[{"embeddable":true,"href":"https:\/\/staging.dyrsan.fr\/es\/wp-json\/wp\/v2\/comments?post=65702"}],"version-history":[{"count":6,"href":"https:\/\/staging.dyrsan.fr\/es\/wp-json\/wp\/v2\/product\/65702\/revisions"}],"predecessor-version":[{"id":76359,"href":"https:\/\/staging.dyrsan.fr\/es\/wp-json\/wp\/v2\/product\/65702\/revisions\/76359"}],"wp:featuredmedia":[{"embeddable":true,"href":"https:\/\/staging.dyrsan.fr\/es\/wp-json\/wp\/v2\/media\/61621"}],"wp:attachment":[{"href":"https:\/\/staging.dyrsan.fr\/es\/wp-json\/wp\/v2\/media?parent=65702"}],"wp:term":[{"taxonomy":"product_brand","embeddable":true,"href":"https:\/\/staging.dyrsan.fr\/es\/wp-json\/wp\/v2\/product_brand?post=65702"},{"taxonomy":"product_cat","embeddable":true,"href":"https:\/\/staging.dyrsan.fr\/es\/wp-json\/wp\/v2\/product_cat?post=65702"},{"taxonomy":"product_tag","embeddable":true,"href":"https:\/\/staging.dyrsan.fr\/es\/wp-json\/wp\/v2\/product_tag?post=65702"}],"curies":[{"name":"wp","href":"https:\/\/api.w.org\/{rel}","templated":true}]}}