{"id":65699,"date":"2025-08-29T20:32:33","date_gmt":"2025-08-29T20:32:33","guid":{"rendered":"https:\/\/www.2027.staging.dyrsan.fr\/?post_type=product&#038;p=65699"},"modified":"2026-04-14T10:21:10","modified_gmt":"2026-04-14T10:21:10","slug":"boucle-connecteur-tressee-en-metal-dore","status":"publish","type":"product","link":"https:\/\/staging.dyrsan.fr\/es\/shop\/boucle-connecteur-tressee-en-metal-dore\/","title":{"rendered":"Hebilla de conexi\u00f3n trenzada de metal dorado"},"content":{"rendered":"<p>Cette boucle connecteur tress\u00e9e en m\u00e9tal dor\u00e9 est un \u00e9l\u00e9ment d\u2019assemblage d\u00e9coratif con\u00e7u pour les cr\u00e9ations textiles et baln\u00e9aires. Sa finition brillante et sa structure tress\u00e9e apportent une touche \u00e9l\u00e9gante et durable.<\/p>\n<p>&nbsp;<\/p>\n<p><strong>Especificaciones t\u00e9cnicas:<\/strong><\/p>\n<p>R\u00e9f\u00e9rence : DY002B<br \/>\nMaterial(es): Metal<br \/>\nColor: dorado<br \/>\nTama\u00f1o: 40 mm<br \/>\nPeso : 14 g<\/p>\n<p>&nbsp;<\/p>\n<p><strong>Propiedades t\u00e9cnicas:<\/strong><br \/>\nResistente a la corrosi\u00f3n<br \/>\nResistente al agua de mar y a la transpiraci\u00f3n<br \/>\nNo decolora<br \/>\nSin bordes afilados (no irrita)<br \/>\nGran durabilidad (incluso cosido o expuesto al sol)<\/p>\n<p>Se vende en paquetes de 100 \/ Entrega en 15-20 d\u00edas<\/p>","protected":false},"excerpt":{"rendered":"<p>Cette boucle connecteur tress\u00e9e en m\u00e9tal dor\u00e9 est un \u00e9l\u00e9ment d\u2019assemblage d\u00e9coratif con\u00e7u pour les cr\u00e9ations textiles et baln\u00e9aires. Sa finition brillante et sa structure tress\u00e9e apportent une touche \u00e9l\u00e9gante et durable.<\/p>\n<p>&nbsp;<\/p>\n<p><strong>Especificaciones t\u00e9cnicas:<\/strong><\/p>\n<p>R\u00e9f\u00e9rence : DY002B<br \/>\nMaterial(es): Metal<br \/>\nColor: dorado<br \/>\nTama\u00f1o: 40 mm<br \/>\nPeso : 14 g<\/p>\n<p>&nbsp;<\/p>\n<p><strong>Propiedades t\u00e9cnicas:<\/strong><br \/>\nResistente a la corrosi\u00f3n<br \/>\nResistente al agua de mar y a la transpiraci\u00f3n<br \/>\nNo decolora<br \/>\nSin bordes afilados (no irrita)<br \/>\nGran durabilidad (incluso cosido o expuesto al sol)<\/p>\n<p>Se vende en paquetes de 100 \/ Entrega en 15-20 d\u00edas<\/p>","protected":false},"featured_media":61605,"comment_status":"closed","ping_status":"closed","template":"","meta":[],"product_brand":[],"product_cat":[140,148],"product_tag":[453,384,157,170],"class_list":{"0":"post-65699","1":"product","2":"type-product","3":"status-publish","4":"has-post-thumbnail","6":"product_cat-accessoires","7":"product_cat-boucles","8":"product_tag-anneau","9":"product_tag-boucle","10":"product_tag-boucle-connecteur","11":"product_tag-boucle-maillot-de-bain","12":"product_shipping_class-1-a-2kg","14":"first","15":"instock","16":"taxable","17":"shipping-taxable","18":"purchasable","19":"product-type-simple"},"_links":{"self":[{"href":"https:\/\/staging.dyrsan.fr\/es\/wp-json\/wp\/v2\/product\/65699","targetHints":{"allow":["GET"]}}],"collection":[{"href":"https:\/\/staging.dyrsan.fr\/es\/wp-json\/wp\/v2\/product"}],"about":[{"href":"https:\/\/staging.dyrsan.fr\/es\/wp-json\/wp\/v2\/types\/product"}],"replies":[{"embeddable":true,"href":"https:\/\/staging.dyrsan.fr\/es\/wp-json\/wp\/v2\/comments?post=65699"}],"version-history":[{"count":7,"href":"https:\/\/staging.dyrsan.fr\/es\/wp-json\/wp\/v2\/product\/65699\/revisions"}],"predecessor-version":[{"id":76362,"href":"https:\/\/staging.dyrsan.fr\/es\/wp-json\/wp\/v2\/product\/65699\/revisions\/76362"}],"wp:featuredmedia":[{"embeddable":true,"href":"https:\/\/staging.dyrsan.fr\/es\/wp-json\/wp\/v2\/media\/61605"}],"wp:attachment":[{"href":"https:\/\/staging.dyrsan.fr\/es\/wp-json\/wp\/v2\/media?parent=65699"}],"wp:term":[{"taxonomy":"product_brand","embeddable":true,"href":"https:\/\/staging.dyrsan.fr\/es\/wp-json\/wp\/v2\/product_brand?post=65699"},{"taxonomy":"product_cat","embeddable":true,"href":"https:\/\/staging.dyrsan.fr\/es\/wp-json\/wp\/v2\/product_cat?post=65699"},{"taxonomy":"product_tag","embeddable":true,"href":"https:\/\/staging.dyrsan.fr\/es\/wp-json\/wp\/v2\/product_tag?post=65699"}],"curies":[{"name":"wp","href":"https:\/\/api.w.org\/{rel}","templated":true}]}}