{"id":65697,"date":"2025-08-29T20:32:33","date_gmt":"2025-08-29T20:32:33","guid":{"rendered":"https:\/\/www.2027.staging.dyrsan.fr\/?post_type=product&#038;p=65697"},"modified":"2026-04-14T10:21:04","modified_gmt":"2026-04-14T10:21:04","slug":"anneau-connecteur-torsade-en-metal-dore","status":"publish","type":"product","link":"https:\/\/staging.dyrsan.fr\/es\/shop\/anneau-connecteur-torsade-en-metal-dore\/","title":{"rendered":"Anillo conector de metal dorado trenzado"},"content":{"rendered":"<p>Este anillo conector retorcido de metal chapado en oro es un elemento de ensamblaje decorativo y funcional para creaciones textiles. Su acabado brillante y su dise\u00f1o trenzado garantizan un acabado elegante y duradero para trajes de ba\u00f1o y aplicaciones t\u00e9cnicas.<\/p>\n<p>&nbsp;<\/p>\n<p><strong>Especificaciones t\u00e9cnicas:<\/strong><\/p>\n<p>Referencia : DY002E<br \/>\nMaterial(es): Metal<br \/>\nColor: dorado<br \/>\nTama\u00f1o: 68 \u00d7 36 \u00d7 50 mm<br \/>\nPeso : 20 g<\/p>\n<p>&nbsp;<\/p>\n<p><strong>Propiedades t\u00e9cnicas:<\/strong><br \/>\nResistente a la corrosi\u00f3n<br \/>\nResistente al agua de mar y a la transpiraci\u00f3n<br \/>\nNo decolora<br \/>\nSin bordes afilados (no irrita)<br \/>\nGran durabilidad (incluso cosido o expuesto al sol)<\/p>\n<p>Se vende en paquetes de 100 \/ Entrega en 15-20 d\u00edas<\/p>","protected":false},"excerpt":{"rendered":"<p>Este anillo conector retorcido de metal chapado en oro es un elemento de ensamblaje decorativo y funcional para creaciones textiles. Su acabado brillante y su dise\u00f1o trenzado garantizan un acabado elegante y duradero para trajes de ba\u00f1o y aplicaciones t\u00e9cnicas.<\/p>\n<p>&nbsp;<\/p>\n<p><strong>Especificaciones t\u00e9cnicas:<\/strong><\/p>\n<p>Referencia : DY002E<br \/>\nMaterial(es): Metal<br \/>\nColor: dorado<br \/>\nTama\u00f1o: 68 \u00d7 36 \u00d7 50 mm<br \/>\nPeso : 20 g<\/p>\n<p>&nbsp;<\/p>\n<p><strong>Propiedades t\u00e9cnicas:<\/strong><br \/>\nResistente a la corrosi\u00f3n<br \/>\nResistente al agua de mar y a la transpiraci\u00f3n<br \/>\nNo decolora<br \/>\nSin bordes afilados (no irrita)<br \/>\nGran durabilidad (incluso cosido o expuesto al sol)<\/p>\n<p>Se vende en paquetes de 100 \/ Entrega en 15-20 d\u00edas<\/p>","protected":false},"featured_media":61590,"comment_status":"closed","ping_status":"closed","template":"","meta":[],"product_brand":[],"product_cat":[140,148,149],"product_tag":[453,384,157,170],"class_list":{"0":"post-65697","1":"product","2":"type-product","3":"status-publish","4":"has-post-thumbnail","6":"product_cat-accessoires","7":"product_cat-boucles","8":"product_cat-connecteurs","9":"product_tag-anneau","10":"product_tag-boucle","11":"product_tag-boucle-connecteur","12":"product_tag-boucle-maillot-de-bain","13":"product_shipping_class-1-a-2kg","15":"first","16":"instock","17":"taxable","18":"shipping-taxable","19":"purchasable","20":"product-type-simple"},"_links":{"self":[{"href":"https:\/\/staging.dyrsan.fr\/es\/wp-json\/wp\/v2\/product\/65697","targetHints":{"allow":["GET"]}}],"collection":[{"href":"https:\/\/staging.dyrsan.fr\/es\/wp-json\/wp\/v2\/product"}],"about":[{"href":"https:\/\/staging.dyrsan.fr\/es\/wp-json\/wp\/v2\/types\/product"}],"replies":[{"embeddable":true,"href":"https:\/\/staging.dyrsan.fr\/es\/wp-json\/wp\/v2\/comments?post=65697"}],"version-history":[{"count":7,"href":"https:\/\/staging.dyrsan.fr\/es\/wp-json\/wp\/v2\/product\/65697\/revisions"}],"predecessor-version":[{"id":76364,"href":"https:\/\/staging.dyrsan.fr\/es\/wp-json\/wp\/v2\/product\/65697\/revisions\/76364"}],"wp:featuredmedia":[{"embeddable":true,"href":"https:\/\/staging.dyrsan.fr\/es\/wp-json\/wp\/v2\/media\/61590"}],"wp:attachment":[{"href":"https:\/\/staging.dyrsan.fr\/es\/wp-json\/wp\/v2\/media?parent=65697"}],"wp:term":[{"taxonomy":"product_brand","embeddable":true,"href":"https:\/\/staging.dyrsan.fr\/es\/wp-json\/wp\/v2\/product_brand?post=65697"},{"taxonomy":"product_cat","embeddable":true,"href":"https:\/\/staging.dyrsan.fr\/es\/wp-json\/wp\/v2\/product_cat?post=65697"},{"taxonomy":"product_tag","embeddable":true,"href":"https:\/\/staging.dyrsan.fr\/es\/wp-json\/wp\/v2\/product_tag?post=65697"}],"curies":[{"name":"wp","href":"https:\/\/api.w.org\/{rel}","templated":true}]}}