{"id":65696,"date":"2025-08-29T20:32:33","date_gmt":"2025-08-29T20:32:33","guid":{"rendered":"https:\/\/www.2027.staging.dyrsan.fr\/?post_type=product&#038;p=65696"},"modified":"2026-04-14T10:21:02","modified_gmt":"2026-04-14T10:21:02","slug":"grand-anneau-connecteur-tresse-en-metal-dore","status":"publish","type":"product","link":"https:\/\/staging.dyrsan.fr\/es\/shop\/grand-anneau-connecteur-tresse-en-metal-dore\/","title":{"rendered":"Gran anillo conector trenzado de metal dorado"},"content":{"rendered":"<p>Ce grand anneau connecteur tress\u00e9 en m\u00e9tal dor\u00e9 est un \u00e9l\u00e9ment d\u2019assemblage d\u00e9coratif et fonctionnel pour les cr\u00e9ations textiles. Sa structure tress\u00e9e et sa finition brillante apportent une finition \u00e9l\u00e9gante et durable aux usages baln\u00e9aires et techniques.<\/p>\n<p>&nbsp;<\/p>\n<p><strong>Especificaciones t\u00e9cnicas:<\/strong><\/p>\n<p>R\u00e9f\u00e9rence : DY002G<br \/>\nMaterial(es): Metal<br \/>\nColor: dorado<br \/>\nTaille : 64 \u00d7 50 mm<br \/>\nPoids : 14,5 g<\/p>\n<p>&nbsp;<\/p>\n<p><strong>Propiedades t\u00e9cnicas:<\/strong><br \/>\nResistente a la corrosi\u00f3n<br \/>\nResistente al agua de mar y a la transpiraci\u00f3n<br \/>\nNo decolora<br \/>\nSin bordes afilados (no irrita)<br \/>\nGran durabilidad (incluso cosido o expuesto al sol)<\/p>\n<p>Se vende en paquetes de 100 \/ Entrega en 15-20 d\u00edas<\/p>","protected":false},"excerpt":{"rendered":"<p>Ce grand anneau connecteur tress\u00e9 en m\u00e9tal dor\u00e9 est un \u00e9l\u00e9ment d\u2019assemblage d\u00e9coratif et fonctionnel pour les cr\u00e9ations textiles. Sa structure tress\u00e9e et sa finition brillante apportent une finition \u00e9l\u00e9gante et durable aux usages baln\u00e9aires et techniques.<\/p>\n<p>&nbsp;<\/p>\n<p><strong>Especificaciones t\u00e9cnicas:<\/strong><\/p>\n<p>R\u00e9f\u00e9rence : DY002G<br \/>\nMaterial(es): Metal<br \/>\nColor: dorado<br \/>\nTaille : 64 \u00d7 50 mm<br \/>\nPoids : 14,5 g<\/p>\n<p>&nbsp;<\/p>\n<p><strong>Propiedades t\u00e9cnicas:<\/strong><br \/>\nResistente a la corrosi\u00f3n<br \/>\nResistente al agua de mar y a la transpiraci\u00f3n<br \/>\nNo decolora<br \/>\nSin bordes afilados (no irrita)<br \/>\nGran durabilidad (incluso cosido o expuesto al sol)<\/p>\n<p>Se vende en paquetes de 100 \/ Entrega en 15-20 d\u00edas<\/p>","protected":false},"featured_media":61588,"comment_status":"closed","ping_status":"closed","template":"","meta":[],"product_brand":[370],"product_cat":[140,148,149],"product_tag":[453,384,157,170],"class_list":{"0":"post-65696","1":"product","2":"type-product","3":"status-publish","4":"has-post-thumbnail","6":"product_brand-dyrsan","7":"product_cat-accessoires","8":"product_cat-boucles","9":"product_cat-connecteurs","10":"product_tag-anneau","11":"product_tag-boucle","12":"product_tag-boucle-connecteur","13":"product_tag-boucle-maillot-de-bain","14":"product_shipping_class-1-a-2kg","16":"first","17":"instock","18":"taxable","19":"shipping-taxable","20":"purchasable","21":"product-type-simple"},"_links":{"self":[{"href":"https:\/\/staging.dyrsan.fr\/es\/wp-json\/wp\/v2\/product\/65696","targetHints":{"allow":["GET"]}}],"collection":[{"href":"https:\/\/staging.dyrsan.fr\/es\/wp-json\/wp\/v2\/product"}],"about":[{"href":"https:\/\/staging.dyrsan.fr\/es\/wp-json\/wp\/v2\/types\/product"}],"replies":[{"embeddable":true,"href":"https:\/\/staging.dyrsan.fr\/es\/wp-json\/wp\/v2\/comments?post=65696"}],"version-history":[{"count":7,"href":"https:\/\/staging.dyrsan.fr\/es\/wp-json\/wp\/v2\/product\/65696\/revisions"}],"predecessor-version":[{"id":76365,"href":"https:\/\/staging.dyrsan.fr\/es\/wp-json\/wp\/v2\/product\/65696\/revisions\/76365"}],"wp:featuredmedia":[{"embeddable":true,"href":"https:\/\/staging.dyrsan.fr\/es\/wp-json\/wp\/v2\/media\/61588"}],"wp:attachment":[{"href":"https:\/\/staging.dyrsan.fr\/es\/wp-json\/wp\/v2\/media?parent=65696"}],"wp:term":[{"taxonomy":"product_brand","embeddable":true,"href":"https:\/\/staging.dyrsan.fr\/es\/wp-json\/wp\/v2\/product_brand?post=65696"},{"taxonomy":"product_cat","embeddable":true,"href":"https:\/\/staging.dyrsan.fr\/es\/wp-json\/wp\/v2\/product_cat?post=65696"},{"taxonomy":"product_tag","embeddable":true,"href":"https:\/\/staging.dyrsan.fr\/es\/wp-json\/wp\/v2\/product_tag?post=65696"}],"curies":[{"name":"wp","href":"https:\/\/api.w.org\/{rel}","templated":true}]}}