{"id":65663,"date":"2025-08-29T20:32:26","date_gmt":"2025-08-29T20:32:26","guid":{"rendered":"https:\/\/www.2027.staging.dyrsan.fr\/?post_type=product&#038;p=65663"},"modified":"2026-04-14T10:31:18","modified_gmt":"2026-04-14T10:31:18","slug":"grand-separateur-arrondi-en-metal-dore","status":"publish","type":"product","link":"https:\/\/staging.dyrsan.fr\/es\/shop\/grand-separateur-arrondi-en-metal-dore\/","title":{"rendered":"Gran separador redondeado de metal dorado"},"content":{"rendered":"<p>Este gran separador redondeado de metal dorado es un elemento funcional y decorativo para el montaje textil. Proporciona un acabado elegante, robusto y duradero a las creaciones expuestas al agua y a la luz solar.<\/p>\n<p>&nbsp;<\/p>\n<p><strong>Especificaciones t\u00e9cnicas:<\/strong><\/p>\n<p>N\u00famero de cat\u00e1logo : DY4827<br \/>\nMaterial(es): Metal<br \/>\nColor: dorado<br \/>\nTama\u00f1o: 13 \u00d7 5 \u00d7 1 cm<br \/>\nPeso: 27 g<\/p>\n<p>&nbsp;<\/p>\n<p><strong>Propiedades t\u00e9cnicas:<\/strong><br \/>\nResistente a la corrosi\u00f3n<br \/>\nResistente al agua de mar y a la transpiraci\u00f3n<br \/>\nNo decolora<br \/>\nSin bordes afilados (no irrita)<br \/>\nGran durabilidad (incluso cosido o expuesto al sol)<\/p>\n<p>Se vende en paquetes de 100 \/ Entrega en 15-20 d\u00edas<\/p>","protected":false},"excerpt":{"rendered":"<p>Este gran separador redondeado de metal dorado es un elemento funcional y decorativo para el montaje textil. Proporciona un acabado elegante, robusto y duradero a las creaciones expuestas al agua y a la luz solar.<\/p>\n<p>&nbsp;<\/p>\n<p><strong>Especificaciones t\u00e9cnicas:<\/strong><\/p>\n<p>N\u00famero de cat\u00e1logo : DY4827<br \/>\nMaterial(es): Metal<br \/>\nColor: dorado<br \/>\nTama\u00f1o: 13 \u00d7 5 \u00d7 1 cm<br \/>\nPeso: 27 g<\/p>\n<p>&nbsp;<\/p>\n<p><strong>Propiedades t\u00e9cnicas:<\/strong><br \/>\nResistente a la corrosi\u00f3n<br \/>\nResistente al agua de mar y a la transpiraci\u00f3n<br \/>\nNo decolora<br \/>\nSin bordes afilados (no irrita)<br \/>\nGran durabilidad (incluso cosido o expuesto al sol)<\/p>\n<p>Se vende en paquetes de 100 \/ Entrega en 15-20 d\u00edas<\/p>","protected":false},"featured_media":61569,"comment_status":"closed","ping_status":"closed","template":"","meta":[],"product_brand":[],"product_cat":[156,140],"product_tag":[157,373],"class_list":{"0":"post-65663","1":"product","2":"type-product","3":"status-publish","4":"has-post-thumbnail","6":"product_cat-separateurs","7":"product_cat-accessoires","8":"product_tag-boucle-connecteur","9":"product_tag-separateur","10":"product_shipping_class-1-a-2kg","12":"first","13":"instock","14":"taxable","15":"shipping-taxable","16":"purchasable","17":"product-type-simple"},"_links":{"self":[{"href":"https:\/\/staging.dyrsan.fr\/es\/wp-json\/wp\/v2\/product\/65663","targetHints":{"allow":["GET"]}}],"collection":[{"href":"https:\/\/staging.dyrsan.fr\/es\/wp-json\/wp\/v2\/product"}],"about":[{"href":"https:\/\/staging.dyrsan.fr\/es\/wp-json\/wp\/v2\/types\/product"}],"replies":[{"embeddable":true,"href":"https:\/\/staging.dyrsan.fr\/es\/wp-json\/wp\/v2\/comments?post=65663"}],"version-history":[{"count":6,"href":"https:\/\/staging.dyrsan.fr\/es\/wp-json\/wp\/v2\/product\/65663\/revisions"}],"predecessor-version":[{"id":76369,"href":"https:\/\/staging.dyrsan.fr\/es\/wp-json\/wp\/v2\/product\/65663\/revisions\/76369"}],"wp:featuredmedia":[{"embeddable":true,"href":"https:\/\/staging.dyrsan.fr\/es\/wp-json\/wp\/v2\/media\/61569"}],"wp:attachment":[{"href":"https:\/\/staging.dyrsan.fr\/es\/wp-json\/wp\/v2\/media?parent=65663"}],"wp:term":[{"taxonomy":"product_brand","embeddable":true,"href":"https:\/\/staging.dyrsan.fr\/es\/wp-json\/wp\/v2\/product_brand?post=65663"},{"taxonomy":"product_cat","embeddable":true,"href":"https:\/\/staging.dyrsan.fr\/es\/wp-json\/wp\/v2\/product_cat?post=65663"},{"taxonomy":"product_tag","embeddable":true,"href":"https:\/\/staging.dyrsan.fr\/es\/wp-json\/wp\/v2\/product_tag?post=65663"}],"curies":[{"name":"wp","href":"https:\/\/api.w.org\/{rel}","templated":true}]}}