{"id":65616,"date":"2025-08-29T20:32:19","date_gmt":"2025-08-29T20:32:19","guid":{"rendered":"https:\/\/www.2027.staging.dyrsan.fr\/?post_type=product&#038;p=65616"},"modified":"2026-04-14T10:30:45","modified_gmt":"2026-04-14T10:30:45","slug":"connecteur-en-metal-dore","status":"publish","type":"product","link":"https:\/\/staging.dyrsan.fr\/es\/shop\/connecteur-en-metal-dore\/","title":{"rendered":"Conector met\u00e1lico dorado"},"content":{"rendered":"<p>Ce connecteur en m\u00e9tal dor\u00e9 est con\u00e7u pour l\u2019assemblage des maillots de bain et des v\u00eatements. Il assure une liaison solide, \u00e9l\u00e9gante et durable, adapt\u00e9e aux textiles expos\u00e9s \u00e0 l\u2019eau et au soleil.<\/p>\n<p>&nbsp;<\/p>\n<p><strong>Especificaciones t\u00e9cnicas:<\/strong><\/p>\n<p>R\u00e9f\u00e9rence : DY9093<br \/>\nMaterial(es): Metal<br \/>\nColor: dorado<br \/>\nTaille : 90 \u00d7 41 mm<br \/>\nPoids : 30 g<\/p>\n<p>&nbsp;<\/p>\n<p><strong>Propiedades t\u00e9cnicas:<\/strong><br \/>\nResistente a la corrosi\u00f3n<br \/>\nResistente al agua de mar y a la transpiraci\u00f3n<br \/>\nNo decolora<br \/>\nSin bordes afilados (no irrita)<br \/>\nGran durabilidad (incluso cosido o expuesto al sol)<\/p>\n<p>Se vende en paquetes de 100 \/ Entrega en 15-20 d\u00edas<\/p>","protected":false},"excerpt":{"rendered":"<p>Ce connecteur en m\u00e9tal dor\u00e9 est con\u00e7u pour l\u2019assemblage des maillots de bain et des v\u00eatements. Il assure une liaison solide, \u00e9l\u00e9gante et durable, adapt\u00e9e aux textiles expos\u00e9s \u00e0 l\u2019eau et au soleil.<\/p>\n<p>&nbsp;<\/p>\n<p><strong>Especificaciones t\u00e9cnicas:<\/strong><\/p>\n<p>R\u00e9f\u00e9rence : DY9093<br \/>\nMaterial(es): Metal<br \/>\nColor: dorado<br \/>\nTaille : 90 \u00d7 41 mm<br \/>\nPoids : 30 g<\/p>\n<p>&nbsp;<\/p>\n<p><strong>Propiedades t\u00e9cnicas:<\/strong><br \/>\nResistente a la corrosi\u00f3n<br \/>\nResistente al agua de mar y a la transpiraci\u00f3n<br \/>\nNo decolora<br \/>\nSin bordes afilados (no irrita)<br \/>\nGran durabilidad (incluso cosido o expuesto al sol)<\/p>\n<p>Se vende en paquetes de 100 \/ Entrega en 15-20 d\u00edas<\/p>","protected":false},"featured_media":61459,"comment_status":"closed","ping_status":"closed","template":"","meta":[],"product_brand":[],"product_cat":[140,148,149],"product_tag":[170],"class_list":{"0":"post-65616","1":"product","2":"type-product","3":"status-publish","4":"has-post-thumbnail","6":"product_cat-accessoires","7":"product_cat-boucles","8":"product_cat-connecteurs","9":"product_tag-boucle-maillot-de-bain","10":"product_shipping_class-1-a-2kg","12":"first","13":"instock","14":"taxable","15":"shipping-taxable","16":"purchasable","17":"product-type-simple"},"_links":{"self":[{"href":"https:\/\/staging.dyrsan.fr\/es\/wp-json\/wp\/v2\/product\/65616","targetHints":{"allow":["GET"]}}],"collection":[{"href":"https:\/\/staging.dyrsan.fr\/es\/wp-json\/wp\/v2\/product"}],"about":[{"href":"https:\/\/staging.dyrsan.fr\/es\/wp-json\/wp\/v2\/types\/product"}],"replies":[{"embeddable":true,"href":"https:\/\/staging.dyrsan.fr\/es\/wp-json\/wp\/v2\/comments?post=65616"}],"version-history":[{"count":8,"href":"https:\/\/staging.dyrsan.fr\/es\/wp-json\/wp\/v2\/product\/65616\/revisions"}],"predecessor-version":[{"id":76376,"href":"https:\/\/staging.dyrsan.fr\/es\/wp-json\/wp\/v2\/product\/65616\/revisions\/76376"}],"wp:featuredmedia":[{"embeddable":true,"href":"https:\/\/staging.dyrsan.fr\/es\/wp-json\/wp\/v2\/media\/61459"}],"wp:attachment":[{"href":"https:\/\/staging.dyrsan.fr\/es\/wp-json\/wp\/v2\/media?parent=65616"}],"wp:term":[{"taxonomy":"product_brand","embeddable":true,"href":"https:\/\/staging.dyrsan.fr\/es\/wp-json\/wp\/v2\/product_brand?post=65616"},{"taxonomy":"product_cat","embeddable":true,"href":"https:\/\/staging.dyrsan.fr\/es\/wp-json\/wp\/v2\/product_cat?post=65616"},{"taxonomy":"product_tag","embeddable":true,"href":"https:\/\/staging.dyrsan.fr\/es\/wp-json\/wp\/v2\/product_tag?post=65616"}],"curies":[{"name":"wp","href":"https:\/\/api.w.org\/{rel}","templated":true}]}}