{"id":65613,"date":"2025-08-29T20:32:19","date_gmt":"2025-08-29T20:32:19","guid":{"rendered":"https:\/\/www.2027.staging.dyrsan.fr\/?post_type=product&#038;p=65613"},"modified":"2026-04-14T10:31:28","modified_gmt":"2026-04-14T10:31:28","slug":"crear-una-marca-de-lujo","status":"publish","type":"product","link":"https:\/\/staging.dyrsan.fr\/es\/shop\/crear-una-marca-de-lujo\/","title":{"rendered":"Lazo de concha"},"content":{"rendered":"<p>Ce passant en forme de coquille de conque en m\u00e9tal dor\u00e9 est con\u00e7u pour la confection de maillots de bain et de cr\u00e9ations baln\u00e9aires haut de gamme. \u00c0 la fois d\u00e9coratif et fonctionnel, il apporte une finition bijou \u00e9l\u00e9gante tout en assurant le passage et le maintien des liens ou bretelles. Son design inspir\u00e9 de l\u2019univers marin renforce l\u2019identit\u00e9 swimwear des cr\u00e9ations.<\/p>\n<p><strong>Especificaciones t\u00e9cnicas:<\/strong><\/p>\n<p>R\u00e9f\u00e9rence : DY5646<br \/>\nTipo : Bucle de ba\u00f1ador decorativo<br \/>\nMaterial(es): Metal<br \/>\nCouleur \/ Finition : Or brillant<br \/>\nForme : Coquille de conque<br \/>\nTaille : 8 \u00d7 6 \u00d7 1 cm<br \/>\nPoids : 40 g<br \/>\nUtilisation : Passage et maintien de liens ou bretelles<br \/>\nPresentaci\u00f3n : Vendido en paquetes de 100<br \/>\nDisponibilidad: Por encargo<br \/>\nEntrega: de 8 a 10 d\u00edas<\/p>\n<p>&nbsp;<\/p>\n<p><strong>Propiedades t\u00e9cnicas:<\/strong><br \/>\nResistente a la corrosi\u00f3n<br \/>\nResistente al agua de mar y a la transpiraci\u00f3n<br \/>\nNo decolora<br \/>\nSin bordes afilados (no irrita)<br \/>\nHaute tenue dans le temps, m\u00eame cousu ou expos\u00e9 au soleil<\/p>","protected":false},"excerpt":{"rendered":"<p>Ce passant en forme de coquille de conque en m\u00e9tal dor\u00e9 est con\u00e7u pour la confection de maillots de bain et de cr\u00e9ations baln\u00e9aires haut de gamme. \u00c0 la fois d\u00e9coratif et fonctionnel, il apporte une finition bijou \u00e9l\u00e9gante tout en assurant le passage et le maintien des liens ou bretelles. Son design inspir\u00e9 de l\u2019univers marin renforce l\u2019identit\u00e9 swimwear des cr\u00e9ations.<\/p>\n<p>&nbsp;<\/p>\n<p><strong>Especificaciones t\u00e9cnicas:<\/strong><\/p>\n<p>R\u00e9f\u00e9rence : DY5646<br \/>\nTipo : Bucle de ba\u00f1ador decorativo<br \/>\nMaterial(es): Metal<br \/>\nCouleur \/ Finition : Or brillant<br \/>\nForme : Coquille de conque<br \/>\nTaille : 8 \u00d7 6 \u00d7 1 cm<br \/>\nPoids : 40 g<br \/>\nUtilisation : Passage et maintien de liens ou bretelles<br \/>\nPresentaci\u00f3n : Vendido en paquetes de 100<br \/>\nDisponibilidad: Por encargo<br \/>\nEntrega: de 8 a 10 d\u00edas<\/p>\n<p>&nbsp;<\/p>\n<p><strong>Propiedades t\u00e9cnicas:<\/strong><br \/>\nResistente a la corrosi\u00f3n<br \/>\nResistente al agua de mar y a la transpiraci\u00f3n<br \/>\nNo decolora<br \/>\nSin bordes afilados (no irrita)<br \/>\nHaute tenue dans le temps, m\u00eame cousu ou expos\u00e9 au soleil<\/p>","protected":false},"featured_media":61443,"comment_status":"closed","ping_status":"closed","template":"","meta":[],"product_brand":[],"product_cat":[212,140],"product_tag":[170,374],"class_list":{"0":"post-65613","1":"product","2":"type-product","3":"status-publish","4":"has-post-thumbnail","6":"product_cat-passants","7":"product_cat-accessoires","8":"product_tag-boucle-maillot-de-bain","9":"product_tag-passant","10":"product_shipping_class-1-a-2kg","12":"first","13":"instock","14":"taxable","15":"shipping-taxable","16":"purchasable","17":"product-type-simple"},"_links":{"self":[{"href":"https:\/\/staging.dyrsan.fr\/es\/wp-json\/wp\/v2\/product\/65613","targetHints":{"allow":["GET"]}}],"collection":[{"href":"https:\/\/staging.dyrsan.fr\/es\/wp-json\/wp\/v2\/product"}],"about":[{"href":"https:\/\/staging.dyrsan.fr\/es\/wp-json\/wp\/v2\/types\/product"}],"replies":[{"embeddable":true,"href":"https:\/\/staging.dyrsan.fr\/es\/wp-json\/wp\/v2\/comments?post=65613"}],"version-history":[{"count":6,"href":"https:\/\/staging.dyrsan.fr\/es\/wp-json\/wp\/v2\/product\/65613\/revisions"}],"predecessor-version":[{"id":73618,"href":"https:\/\/staging.dyrsan.fr\/es\/wp-json\/wp\/v2\/product\/65613\/revisions\/73618"}],"wp:featuredmedia":[{"embeddable":true,"href":"https:\/\/staging.dyrsan.fr\/es\/wp-json\/wp\/v2\/media\/61443"}],"wp:attachment":[{"href":"https:\/\/staging.dyrsan.fr\/es\/wp-json\/wp\/v2\/media?parent=65613"}],"wp:term":[{"taxonomy":"product_brand","embeddable":true,"href":"https:\/\/staging.dyrsan.fr\/es\/wp-json\/wp\/v2\/product_brand?post=65613"},{"taxonomy":"product_cat","embeddable":true,"href":"https:\/\/staging.dyrsan.fr\/es\/wp-json\/wp\/v2\/product_cat?post=65613"},{"taxonomy":"product_tag","embeddable":true,"href":"https:\/\/staging.dyrsan.fr\/es\/wp-json\/wp\/v2\/product_tag?post=65613"}],"curies":[{"name":"wp","href":"https:\/\/api.w.org\/{rel}","templated":true}]}}