{"id":65558,"date":"2025-11-07T17:20:44","date_gmt":"2025-11-07T17:20:44","guid":{"rendered":"https:\/\/www.2027.staging.dyrsan.fr\/?post_type=product&#038;p=65558"},"modified":"2026-04-14T10:19:34","modified_gmt":"2026-04-14T10:19:34","slug":"jacquard-de-finas-rayas-negras","status":"publish","type":"product","link":"https:\/\/staging.dyrsan.fr\/es\/shop\/jacquard-de-finas-rayas-negras\/","title":{"rendered":"Jacquard de finas rayas negras"},"content":{"rendered":"<p>Jacquard certificado OEKO-TEX\u00ae con finas rayas negras, el\u00e1stico y estructurado. Este tejido jacquard de rayas finas ofrece una textura elegante y una buena sujeci\u00f3n, ideal para trajes de ba\u00f1o modernos y refinados.<\/p>\n<p>&nbsp;<\/p>\n<p><strong>Especificaciones t\u00e9cnicas:<\/strong><br \/>\nN\u00famero de cat\u00e1logo : DY2532<br \/>\nComposici\u00f3n: 90 % poli\u00e9ster, 10 % elast\u00e1n<br \/>\nPeso: 230 g\/m\u00b2.<br \/>\nAnchura: 152 cm<br \/>\nColor: negro (personalizable con c\u00f3digo Pantone)<br \/>\nCertificaci\u00f3n: OEKO-TEX<br \/>\nAspecto: jacquard con rayas finas, texturizado<br \/>\nCaracter\u00edsticas: el\u00e1stico, c\u00f3modo, ajuste estructurado<br \/>\nUso: ba\u00f1ador moderno y refinado<\/p>\n<p><b style=\"font-family: wash;font-size: 30px\"><img class=\"alignnone wp-image-67583\" src=\"https:\/\/staging.dyrsan.fr\/wp-content\/uploads\/2025\/08\/instru-1.jpeg\" alt=\"\" width=\"153\" height=\"42\" loading=\"lazy\" decoding=\"async\" title=\"\" srcset=\"https:\/\/staging.dyrsan.fr\/wp-content\/uploads\/2025\/08\/instru-1.jpeg 698w, https:\/\/staging.dyrsan.fr\/wp-content\/uploads\/2025\/08\/instru-1-18x5.jpeg 18w\" sizes=\"auto, (max-width: 153px) 100vw, 153px\" \/><\/b><\/p>","protected":false},"excerpt":{"rendered":"<p>Jacquard certificado OEKO-TEX\u00ae con finas rayas negras, el\u00e1stico y estructurado. Este tejido jacquard de rayas finas ofrece una textura elegante y una buena sujeci\u00f3n, ideal para trajes de ba\u00f1o modernos y refinados.<\/p>\n<p>&nbsp;<\/p>\n<p><strong>Especificaciones t\u00e9cnicas:<\/strong><br \/>\nN\u00famero de cat\u00e1logo : DY2532<br \/>\nComposici\u00f3n: 90 % poli\u00e9ster, 10 % elast\u00e1n<br \/>\nPeso: 230 g\/m\u00b2.<br \/>\nAnchura: 152 cm<br \/>\nColor: negro (personalizable con c\u00f3digo Pantone)<br \/>\nCertificaci\u00f3n: OEKO-TEX<br \/>\nAspecto: jacquard con rayas finas, texturizado<br \/>\nCaracter\u00edsticas: el\u00e1stico, c\u00f3modo, ajuste estructurado<br \/>\nUso: ba\u00f1ador moderno y refinado<\/p>\n<p><b style=\"font-family: wash;font-size: 30px\"><img loading=\"lazy\" decoding=\"async\" class=\"alignnone wp-image-67583\" src=\"https:\/\/staging.dyrsan.fr\/wp-content\/uploads\/2025\/08\/instru-1.jpeg\" alt=\"\" width=\"153\" height=\"42\" srcset=\"https:\/\/staging.dyrsan.fr\/wp-content\/uploads\/2025\/08\/instru-1.jpeg 698w, https:\/\/staging.dyrsan.fr\/wp-content\/uploads\/2025\/08\/instru-1-18x5.jpeg 18w\" sizes=\"auto, (max-width: 153px) 100vw, 153px\" \/><\/b><\/p>","protected":false},"featured_media":61344,"comment_status":"closed","ping_status":"closed","template":"","meta":[],"product_brand":[370],"product_cat":[150,180,213],"product_tag":[181,182],"class_list":{"0":"post-65558","1":"product","2":"type-product","3":"status-publish","4":"has-post-thumbnail","6":"product_brand-dyrsan","7":"product_cat-tissus","8":"product_cat-tissus-mailles-jacquard","9":"product_cat-tissus-textures","10":"product_tag-maille-jacquard","11":"product_tag-tissu-a-rayures","13":"first","14":"instock","15":"taxable","16":"shipping-taxable","17":"purchasable","18":"product-type-variable","19":"has-default-attributes"},"_links":{"self":[{"href":"https:\/\/staging.dyrsan.fr\/es\/wp-json\/wp\/v2\/product\/65558","targetHints":{"allow":["GET"]}}],"collection":[{"href":"https:\/\/staging.dyrsan.fr\/es\/wp-json\/wp\/v2\/product"}],"about":[{"href":"https:\/\/staging.dyrsan.fr\/es\/wp-json\/wp\/v2\/types\/product"}],"replies":[{"embeddable":true,"href":"https:\/\/staging.dyrsan.fr\/es\/wp-json\/wp\/v2\/comments?post=65558"}],"version-history":[{"count":6,"href":"https:\/\/staging.dyrsan.fr\/es\/wp-json\/wp\/v2\/product\/65558\/revisions"}],"predecessor-version":[{"id":73900,"href":"https:\/\/staging.dyrsan.fr\/es\/wp-json\/wp\/v2\/product\/65558\/revisions\/73900"}],"wp:featuredmedia":[{"embeddable":true,"href":"https:\/\/staging.dyrsan.fr\/es\/wp-json\/wp\/v2\/media\/61344"}],"wp:attachment":[{"href":"https:\/\/staging.dyrsan.fr\/es\/wp-json\/wp\/v2\/media?parent=65558"}],"wp:term":[{"taxonomy":"product_brand","embeddable":true,"href":"https:\/\/staging.dyrsan.fr\/es\/wp-json\/wp\/v2\/product_brand?post=65558"},{"taxonomy":"product_cat","embeddable":true,"href":"https:\/\/staging.dyrsan.fr\/es\/wp-json\/wp\/v2\/product_cat?post=65558"},{"taxonomy":"product_tag","embeddable":true,"href":"https:\/\/staging.dyrsan.fr\/es\/wp-json\/wp\/v2\/product_tag?post=65558"}],"curies":[{"name":"wp","href":"https:\/\/api.w.org\/{rel}","templated":true}]}}