{"id":65521,"date":"2025-09-07T17:20:48","date_gmt":"2025-09-07T17:20:48","guid":{"rendered":"https:\/\/www.2027.staging.dyrsan.fr\/?post_type=product&#038;p=65521"},"modified":"2026-04-14T10:18:28","modified_gmt":"2026-04-14T10:18:28","slug":"tissu-en-eponge-epais-en-relief-bleu","status":"publish","type":"product","link":"https:\/\/staging.dyrsan.fr\/es\/shop\/tissu-en-eponge-epais-en-relief-bleu\/","title":{"rendered":"Tejido de rizo grueso en relieve azul"},"content":{"rendered":"<p>Tissu en \u00e9ponge \u00e9pais en relief bleu, extensible et technique. Ce tissu \u00e9ponge \u00e9pais en relief est id\u00e9al pour les cr\u00e9ations de maillots de bain, v\u00eatements de plage et pi\u00e8ces confort, avec une texture structur\u00e9e et un fort grammage.<\/p>\n<p>&nbsp;<\/p>\n<p><strong>Especificaciones t\u00e9cnicas:<\/strong><br \/>\nR\u00e9f\u00e9rence : DY2512<br \/>\nComposition : 90 % nylon, 3 % \u00e9lasthanne<br \/>\nPoids : 550 g\/m\u00b2<br \/>\nLargeur : 70 cm<br \/>\nCouleur : bleu<br \/>\nAspect : \u00e9ponge \u00e9paisse textur\u00e9e en relief<br \/>\nPropri\u00e9t\u00e9s : extensible, doux, confortable, r\u00e9sistant<br \/>\nUtilisation : maillots de bain, beachwear, v\u00eatements d\u00e9tente, pi\u00e8ces mode textur\u00e9es<\/p>\n<p><b style=\"font-family: wash;font-size: 30px\"><img class=\"alignnone wp-image-67583\" src=\"https:\/\/staging.dyrsan.fr\/wp-content\/uploads\/2025\/08\/instru-1.jpeg\" alt=\"\" width=\"153\" height=\"42\" loading=\"lazy\" decoding=\"async\" title=\"\" srcset=\"https:\/\/staging.dyrsan.fr\/wp-content\/uploads\/2025\/08\/instru-1.jpeg 698w, https:\/\/staging.dyrsan.fr\/wp-content\/uploads\/2025\/08\/instru-1-18x5.jpeg 18w\" sizes=\"auto, (max-width: 153px) 100vw, 153px\" \/><\/b><\/p>","protected":false},"excerpt":{"rendered":"<p>Tissu en \u00e9ponge \u00e9pais en relief bleu, extensible et technique. Ce tissu \u00e9ponge \u00e9pais en relief est id\u00e9al pour les cr\u00e9ations de maillots de bain, v\u00eatements de plage et pi\u00e8ces confort, avec une texture structur\u00e9e et un fort grammage.<\/p>\n<p>&nbsp;<\/p>\n<p><strong>Especificaciones t\u00e9cnicas:<\/strong><br \/>\nR\u00e9f\u00e9rence : DY2512<br \/>\nComposition : 90 % nylon, 3 % \u00e9lasthanne<br \/>\nPoids : 550 g\/m\u00b2<br \/>\nLargeur : 70 cm<br \/>\nCouleur : bleu<br \/>\nAspect : \u00e9ponge \u00e9paisse textur\u00e9e en relief<br \/>\nPropri\u00e9t\u00e9s : extensible, doux, confortable, r\u00e9sistant<br \/>\nUtilisation : maillots de bain, beachwear, v\u00eatements d\u00e9tente, pi\u00e8ces mode textur\u00e9es<\/p>\n<p><b style=\"font-family: wash;font-size: 30px\"><img loading=\"lazy\" decoding=\"async\" class=\"alignnone wp-image-67583\" src=\"https:\/\/staging.dyrsan.fr\/wp-content\/uploads\/2025\/08\/instru-1.jpeg\" alt=\"\" width=\"153\" height=\"42\" srcset=\"https:\/\/staging.dyrsan.fr\/wp-content\/uploads\/2025\/08\/instru-1.jpeg 698w, https:\/\/staging.dyrsan.fr\/wp-content\/uploads\/2025\/08\/instru-1-18x5.jpeg 18w\" sizes=\"auto, (max-width: 153px) 100vw, 153px\" \/><\/b><\/p>","protected":false},"featured_media":61305,"comment_status":"closed","ping_status":"closed","template":"","meta":[],"product_brand":[370],"product_cat":[232,180,213],"product_tag":[181,188,189,154],"class_list":{"0":"post-65521","1":"product","2":"type-product","3":"status-publish","4":"has-post-thumbnail","6":"product_brand-dyrsan","7":"product_cat-tissus-eponges","8":"product_cat-tissus-mailles-jacquard","9":"product_cat-tissus-textures","10":"product_tag-maille-jacquard","11":"product_tag-tissu-maille-jacquard","12":"product_tag-tissu-texture","13":"product_tag-tissus-maillot-de-bain","15":"first","16":"instock","17":"taxable","18":"shipping-taxable","19":"purchasable","20":"product-type-variable"},"_links":{"self":[{"href":"https:\/\/staging.dyrsan.fr\/es\/wp-json\/wp\/v2\/product\/65521","targetHints":{"allow":["GET"]}}],"collection":[{"href":"https:\/\/staging.dyrsan.fr\/es\/wp-json\/wp\/v2\/product"}],"about":[{"href":"https:\/\/staging.dyrsan.fr\/es\/wp-json\/wp\/v2\/types\/product"}],"replies":[{"embeddable":true,"href":"https:\/\/staging.dyrsan.fr\/es\/wp-json\/wp\/v2\/comments?post=65521"}],"version-history":[{"count":7,"href":"https:\/\/staging.dyrsan.fr\/es\/wp-json\/wp\/v2\/product\/65521\/revisions"}],"predecessor-version":[{"id":73329,"href":"https:\/\/staging.dyrsan.fr\/es\/wp-json\/wp\/v2\/product\/65521\/revisions\/73329"}],"wp:featuredmedia":[{"embeddable":true,"href":"https:\/\/staging.dyrsan.fr\/es\/wp-json\/wp\/v2\/media\/61305"}],"wp:attachment":[{"href":"https:\/\/staging.dyrsan.fr\/es\/wp-json\/wp\/v2\/media?parent=65521"}],"wp:term":[{"taxonomy":"product_brand","embeddable":true,"href":"https:\/\/staging.dyrsan.fr\/es\/wp-json\/wp\/v2\/product_brand?post=65521"},{"taxonomy":"product_cat","embeddable":true,"href":"https:\/\/staging.dyrsan.fr\/es\/wp-json\/wp\/v2\/product_cat?post=65521"},{"taxonomy":"product_tag","embeddable":true,"href":"https:\/\/staging.dyrsan.fr\/es\/wp-json\/wp\/v2\/product_tag?post=65521"}],"curies":[{"name":"wp","href":"https:\/\/api.w.org\/{rel}","templated":true}]}}