{"id":65514,"date":"2025-08-29T20:31:59","date_gmt":"2025-08-29T20:31:59","guid":{"rendered":"https:\/\/www.2027.staging.dyrsan.fr\/?post_type=product&#038;p=65514"},"modified":"2026-04-03T17:53:46","modified_gmt":"2026-04-03T17:53:46","slug":"boucle-connecteur-en-metal-dore-50-mm","status":"publish","type":"product","link":"https:\/\/staging.dyrsan.fr\/es\/shop\/boucle-connecteur-en-metal-dore-50-mm\/","title":{"rendered":"Hebilla de conector met\u00e1lica dorada de 50 mm"},"content":{"rendered":"<p>Cette boucle connecteur en m\u00e9tal dor\u00e9 50 mm est sp\u00e9cialement con\u00e7ue pour la confection de bikinis et maillots de bain. R\u00e9sistante \u00e0 l\u2019eau de mer, \u00e0 la transpiration et au soleil, elle combine solidit\u00e9, confort et esth\u00e9tique pour offrir une finition \u00e9l\u00e9gante et durable aux cr\u00e9ations swimwear haut de gamme.<\/p>\n<p>&nbsp;<\/p>\n<p><strong>Especificaciones t\u00e9cnicas:<\/strong><br \/>\nR\u00e9f\u00e9rence : DY8088-68<br \/>\nType : Boucle connecteur pour bikini \/ maillot de bain<br \/>\nMaterial(es): Metal<br \/>\nColor: dorado<br \/>\nFinition(s) : Or brillant<br \/>\nTaille : 50 \u00d7 37 mm<br \/>\nPoids : 12 g<br \/>\nTraitement de surface : Polissage miroir<\/p>\n<p>&nbsp;<\/p>\n<p><strong>Propiedades t\u00e9cnicas:<\/strong><br \/>\n- Resistente a la corrosi\u00f3n<br \/>\n- Resistente al agua de mar y a la transpiraci\u00f3n<br \/>\n- No decolora<br \/>\n- Sin bordes afilados (no irrita)<br \/>\n\u2013 Haute tenue dans le temps, m\u00eame cousu ou expos\u00e9 au soleil<br \/>\nPresentaci\u00f3n : Vendido en paquetes de 100<br \/>\nDisponibilidad: Por encargo<br \/>\nEntrega: de 8 a 10 d\u00edas<\/p>","protected":false},"excerpt":{"rendered":"<p>Cette boucle connecteur en m\u00e9tal dor\u00e9 50 mm est sp\u00e9cialement con\u00e7ue pour la confection de bikinis et maillots de bain. R\u00e9sistante \u00e0 l\u2019eau de mer, \u00e0 la transpiration et au soleil, elle combine solidit\u00e9, confort et esth\u00e9tique pour offrir une finition \u00e9l\u00e9gante et durable aux cr\u00e9ations swimwear haut de gamme.<\/p>\n<p>&nbsp;<\/p>\n<p><strong>Especificaciones t\u00e9cnicas:<\/strong><br \/>\nR\u00e9f\u00e9rence : DY8088-68<br \/>\nType : Boucle connecteur pour bikini \/ maillot de bain<br \/>\nMaterial(es): Metal<br \/>\nColor: dorado<br \/>\nFinition(s) : Or brillant<br \/>\nTaille : 50 \u00d7 37 mm<br \/>\nPoids : 12 g<br \/>\nTraitement de surface : Polissage miroir<\/p>\n<p>&nbsp;<\/p>\n<p><strong>Propiedades t\u00e9cnicas:<\/strong><br \/>\n- Resistente a la corrosi\u00f3n<br \/>\n- Resistente al agua de mar y a la transpiraci\u00f3n<br \/>\n- No decolora<br \/>\n- Sin bordes afilados (no irrita)<br \/>\n\u2013 Haute tenue dans le temps, m\u00eame cousu ou expos\u00e9 au soleil<br \/>\nPresentaci\u00f3n : Vendido en paquetes de 100<br \/>\nDisponibilidad: Por encargo<br \/>\nEntrega: de 8 a 10 d\u00edas<\/p>","protected":false},"featured_media":61277,"comment_status":"closed","ping_status":"closed","template":"","meta":[],"product_brand":[],"product_cat":[140,148,149],"product_tag":[384,157,170],"class_list":{"0":"post-65514","1":"product","2":"type-product","3":"status-publish","4":"has-post-thumbnail","6":"product_cat-accessoires","7":"product_cat-boucles","8":"product_cat-connecteurs","9":"product_tag-boucle","10":"product_tag-boucle-connecteur","11":"product_tag-boucle-maillot-de-bain","12":"product_shipping_class-1-a-2kg","14":"first","15":"instock","16":"taxable","17":"shipping-taxable","18":"purchasable","19":"product-type-simple"},"_links":{"self":[{"href":"https:\/\/staging.dyrsan.fr\/es\/wp-json\/wp\/v2\/product\/65514","targetHints":{"allow":["GET"]}}],"collection":[{"href":"https:\/\/staging.dyrsan.fr\/es\/wp-json\/wp\/v2\/product"}],"about":[{"href":"https:\/\/staging.dyrsan.fr\/es\/wp-json\/wp\/v2\/types\/product"}],"replies":[{"embeddable":true,"href":"https:\/\/staging.dyrsan.fr\/es\/wp-json\/wp\/v2\/comments?post=65514"}],"version-history":[{"count":9,"href":"https:\/\/staging.dyrsan.fr\/es\/wp-json\/wp\/v2\/product\/65514\/revisions"}],"predecessor-version":[{"id":73620,"href":"https:\/\/staging.dyrsan.fr\/es\/wp-json\/wp\/v2\/product\/65514\/revisions\/73620"}],"wp:featuredmedia":[{"embeddable":true,"href":"https:\/\/staging.dyrsan.fr\/es\/wp-json\/wp\/v2\/media\/61277"}],"wp:attachment":[{"href":"https:\/\/staging.dyrsan.fr\/es\/wp-json\/wp\/v2\/media?parent=65514"}],"wp:term":[{"taxonomy":"product_brand","embeddable":true,"href":"https:\/\/staging.dyrsan.fr\/es\/wp-json\/wp\/v2\/product_brand?post=65514"},{"taxonomy":"product_cat","embeddable":true,"href":"https:\/\/staging.dyrsan.fr\/es\/wp-json\/wp\/v2\/product_cat?post=65514"},{"taxonomy":"product_tag","embeddable":true,"href":"https:\/\/staging.dyrsan.fr\/es\/wp-json\/wp\/v2\/product_tag?post=65514"}],"curies":[{"name":"wp","href":"https:\/\/api.w.org\/{rel}","templated":true}]}}