{"id":65512,"date":"2025-08-29T20:31:59","date_gmt":"2025-08-29T20:31:59","guid":{"rendered":"https:\/\/www.2027.staging.dyrsan.fr\/?post_type=product&#038;p=65512"},"modified":"2026-04-14T10:31:05","modified_gmt":"2026-04-14T10:31:05","slug":"broche-decorative-fleur-doree","status":"publish","type":"product","link":"https:\/\/staging.dyrsan.fr\/es\/shop\/broche-decorative-fleur-doree\/","title":{"rendered":"Broche flor de oro"},"content":{"rendered":"<p>Cette broche d\u00e9corative fleur dor\u00e9e est un accessoire \u00e9l\u00e9gant au design organique et textur\u00e9. R\u00e9alis\u00e9e en m\u00e9tal dor\u00e9, elle apporte une touche lumineuse et raffin\u00e9e aux v\u00eatements, accessoires et cr\u00e9ations couture, id\u00e9ale pour sublimer des pi\u00e8ces haut de gamme.<\/p>\n<p>&nbsp;<\/p>\n<p><strong>Especificaciones t\u00e9cnicas:<\/strong><\/p>\n<p>R\u00e9f\u00e9rence : DY5040<br \/>\nMaterial(es): Metal<br \/>\nColor: dorado<br \/>\nFinition : dor\u00e9 brillant textur\u00e9<\/p>","protected":false},"excerpt":{"rendered":"<p>Cette broche d\u00e9corative fleur dor\u00e9e est un accessoire \u00e9l\u00e9gant au design organique et textur\u00e9. R\u00e9alis\u00e9e en m\u00e9tal dor\u00e9, elle apporte une touche lumineuse et raffin\u00e9e aux v\u00eatements, accessoires et cr\u00e9ations couture, id\u00e9ale pour sublimer des pi\u00e8ces haut de gamme.<\/p>\n<p>&nbsp;<\/p>\n<p><strong>Especificaciones t\u00e9cnicas:<\/strong><\/p>\n<p>R\u00e9f\u00e9rence : DY5040<br \/>\nMaterial(es): Metal<br \/>\nColor: dorado<br \/>\nFinition : dor\u00e9 brillant textur\u00e9<\/p>","protected":false},"featured_media":61269,"comment_status":"closed","ping_status":"closed","template":"","meta":[],"product_brand":[],"product_cat":[140,230],"product_tag":[379,380],"class_list":{"0":"post-65512","1":"product","2":"type-product","3":"status-publish","4":"has-post-thumbnail","6":"product_cat-accessoires","7":"product_cat-broches","8":"product_tag-broche","9":"product_tag-epingle","10":"product_shipping_class-1-a-2kg","12":"first","13":"instock","14":"taxable","15":"shipping-taxable","16":"purchasable","17":"product-type-simple"},"_links":{"self":[{"href":"https:\/\/staging.dyrsan.fr\/es\/wp-json\/wp\/v2\/product\/65512","targetHints":{"allow":["GET"]}}],"collection":[{"href":"https:\/\/staging.dyrsan.fr\/es\/wp-json\/wp\/v2\/product"}],"about":[{"href":"https:\/\/staging.dyrsan.fr\/es\/wp-json\/wp\/v2\/types\/product"}],"replies":[{"embeddable":true,"href":"https:\/\/staging.dyrsan.fr\/es\/wp-json\/wp\/v2\/comments?post=65512"}],"version-history":[{"count":4,"href":"https:\/\/staging.dyrsan.fr\/es\/wp-json\/wp\/v2\/product\/65512\/revisions"}],"predecessor-version":[{"id":73099,"href":"https:\/\/staging.dyrsan.fr\/es\/wp-json\/wp\/v2\/product\/65512\/revisions\/73099"}],"wp:featuredmedia":[{"embeddable":true,"href":"https:\/\/staging.dyrsan.fr\/es\/wp-json\/wp\/v2\/media\/61269"}],"wp:attachment":[{"href":"https:\/\/staging.dyrsan.fr\/es\/wp-json\/wp\/v2\/media?parent=65512"}],"wp:term":[{"taxonomy":"product_brand","embeddable":true,"href":"https:\/\/staging.dyrsan.fr\/es\/wp-json\/wp\/v2\/product_brand?post=65512"},{"taxonomy":"product_cat","embeddable":true,"href":"https:\/\/staging.dyrsan.fr\/es\/wp-json\/wp\/v2\/product_cat?post=65512"},{"taxonomy":"product_tag","embeddable":true,"href":"https:\/\/staging.dyrsan.fr\/es\/wp-json\/wp\/v2\/product_tag?post=65512"}],"curies":[{"name":"wp","href":"https:\/\/api.w.org\/{rel}","templated":true}]}}