{"id":65511,"date":"2025-08-29T20:31:59","date_gmt":"2025-08-29T20:31:59","guid":{"rendered":"https:\/\/www.2027.staging.dyrsan.fr\/?post_type=product&#038;p=65511"},"modified":"2026-04-14T10:31:15","modified_gmt":"2026-04-14T10:31:15","slug":"grande-broche-en-forme-detoile-a-perles","status":"publish","type":"product","link":"https:\/\/staging.dyrsan.fr\/es\/shop\/grande-broche-en-forme-detoile-a-perles\/","title":{"rendered":"Broche estrella grande"},"content":{"rendered":"<p>Cette grande broche en forme d\u2019\u00e9toile \u00e0 perles est un accessoire ornemental raffin\u00e9 qui apporte une touche pr\u00e9cieuse et lumineuse aux cr\u00e9ations textiles. Son design inspir\u00e9 de l\u2019\u00e9toile de mer, rehauss\u00e9 de perles d\u00e9licates sur une base dor\u00e9e, en fait une pi\u00e8ce id\u00e9ale pour les v\u00eatements, accessoires et cr\u00e9ations couture haut de gamme.<\/p>\n<p>&nbsp;<\/p>\n<p><strong>Especificaciones t\u00e9cnicas:<\/strong><\/p>\n<p>R\u00e9f\u00e9rence : DY8039<br \/>\nMat\u00e9riau(x) : M\u00e9tal et perles<br \/>\nCouleur : dor\u00e9 et blanc perl\u00e9<br \/>\nFinition : dor\u00e9 brillant<\/p>","protected":false},"excerpt":{"rendered":"<p>Cette grande broche en forme d\u2019\u00e9toile \u00e0 perles est un accessoire ornemental raffin\u00e9 qui apporte une touche pr\u00e9cieuse et lumineuse aux cr\u00e9ations textiles. Son design inspir\u00e9 de l\u2019\u00e9toile de mer, rehauss\u00e9 de perles d\u00e9licates sur une base dor\u00e9e, en fait une pi\u00e8ce id\u00e9ale pour les v\u00eatements, accessoires et cr\u00e9ations couture haut de gamme.<\/p>\n<p>&nbsp;<\/p>\n<p><strong>Especificaciones t\u00e9cnicas:<\/strong><\/p>\n<p>R\u00e9f\u00e9rence : DY8039<br \/>\nMat\u00e9riau(x) : M\u00e9tal et perles<br \/>\nCouleur : dor\u00e9 et blanc perl\u00e9<br \/>\nFinition : dor\u00e9 brillant<\/p>","protected":false},"featured_media":61266,"comment_status":"closed","ping_status":"closed","template":"","meta":[],"product_brand":[],"product_cat":[140,230],"product_tag":[379,380],"class_list":{"0":"post-65511","1":"product","2":"type-product","3":"status-publish","4":"has-post-thumbnail","6":"product_cat-accessoires","7":"product_cat-broches","8":"product_tag-broche","9":"product_tag-epingle","10":"product_shipping_class-1-a-2kg","12":"first","13":"instock","14":"taxable","15":"shipping-taxable","16":"purchasable","17":"product-type-simple"},"_links":{"self":[{"href":"https:\/\/staging.dyrsan.fr\/es\/wp-json\/wp\/v2\/product\/65511","targetHints":{"allow":["GET"]}}],"collection":[{"href":"https:\/\/staging.dyrsan.fr\/es\/wp-json\/wp\/v2\/product"}],"about":[{"href":"https:\/\/staging.dyrsan.fr\/es\/wp-json\/wp\/v2\/types\/product"}],"replies":[{"embeddable":true,"href":"https:\/\/staging.dyrsan.fr\/es\/wp-json\/wp\/v2\/comments?post=65511"}],"version-history":[{"count":4,"href":"https:\/\/staging.dyrsan.fr\/es\/wp-json\/wp\/v2\/product\/65511\/revisions"}],"predecessor-version":[{"id":73097,"href":"https:\/\/staging.dyrsan.fr\/es\/wp-json\/wp\/v2\/product\/65511\/revisions\/73097"}],"wp:featuredmedia":[{"embeddable":true,"href":"https:\/\/staging.dyrsan.fr\/es\/wp-json\/wp\/v2\/media\/61266"}],"wp:attachment":[{"href":"https:\/\/staging.dyrsan.fr\/es\/wp-json\/wp\/v2\/media?parent=65511"}],"wp:term":[{"taxonomy":"product_brand","embeddable":true,"href":"https:\/\/staging.dyrsan.fr\/es\/wp-json\/wp\/v2\/product_brand?post=65511"},{"taxonomy":"product_cat","embeddable":true,"href":"https:\/\/staging.dyrsan.fr\/es\/wp-json\/wp\/v2\/product_cat?post=65511"},{"taxonomy":"product_tag","embeddable":true,"href":"https:\/\/staging.dyrsan.fr\/es\/wp-json\/wp\/v2\/product_tag?post=65511"}],"curies":[{"name":"wp","href":"https:\/\/api.w.org\/{rel}","templated":true}]}}