{"id":65510,"date":"2025-08-29T20:31:59","date_gmt":"2025-08-29T20:31:59","guid":{"rendered":"https:\/\/www.2027.staging.dyrsan.fr\/?post_type=product&#038;p=65510"},"modified":"2026-04-14T10:31:26","modified_gmt":"2026-04-14T10:31:26","slug":"passant-detail-argent","status":"publish","type":"product","link":"https:\/\/staging.dyrsan.fr\/es\/shop\/passant-detail-argent\/","title":{"rendered":"Lazo con detalle plateado"},"content":{"rendered":"<p>Este detalle de lazo plateado es un accesorio met\u00e1lico decorativo dise\u00f1ado para a\u00f1adir un acabado elegante y contempor\u00e1neo a las creaciones textiles. Su aspecto liso y brillante es perfecto para trajes de ba\u00f1o, lencer\u00eda y prendas de alta gama.<\/p>\n<p>&nbsp;<\/p>\n<p><strong>Especificaciones t\u00e9cnicas:<\/strong><\/p>\n<p>N\u00famero de cat\u00e1logo : DY8098<br \/>\nMaterial(es): Metal<br \/>\nColor: plata<br \/>\nAcabado: plata brillante<\/p>","protected":false},"excerpt":{"rendered":"<p>Este detalle de lazo plateado es un accesorio met\u00e1lico decorativo dise\u00f1ado para a\u00f1adir un acabado elegante y contempor\u00e1neo a las creaciones textiles. Su aspecto liso y brillante es perfecto para trajes de ba\u00f1o, lencer\u00eda y prendas de alta gama.<\/p>\n<p>&nbsp;<\/p>\n<p><strong>Especificaciones t\u00e9cnicas:<\/strong><\/p>\n<p>N\u00famero de cat\u00e1logo : DY8098<br \/>\nMaterial(es): Metal<br \/>\nColor: plata<br \/>\nAcabado: plata brillante<\/p>","protected":false},"featured_media":61257,"comment_status":"closed","ping_status":"closed","template":"","meta":[],"product_brand":[],"product_cat":[212,140],"product_tag":[374],"class_list":{"0":"post-65510","1":"product","2":"type-product","3":"status-publish","4":"has-post-thumbnail","6":"product_cat-passants","7":"product_cat-accessoires","8":"product_tag-passant","9":"product_shipping_class-1-a-2kg","11":"first","12":"instock","13":"taxable","14":"shipping-taxable","15":"purchasable","16":"product-type-simple"},"_links":{"self":[{"href":"https:\/\/staging.dyrsan.fr\/es\/wp-json\/wp\/v2\/product\/65510","targetHints":{"allow":["GET"]}}],"collection":[{"href":"https:\/\/staging.dyrsan.fr\/es\/wp-json\/wp\/v2\/product"}],"about":[{"href":"https:\/\/staging.dyrsan.fr\/es\/wp-json\/wp\/v2\/types\/product"}],"replies":[{"embeddable":true,"href":"https:\/\/staging.dyrsan.fr\/es\/wp-json\/wp\/v2\/comments?post=65510"}],"version-history":[{"count":5,"href":"https:\/\/staging.dyrsan.fr\/es\/wp-json\/wp\/v2\/product\/65510\/revisions"}],"predecessor-version":[{"id":73535,"href":"https:\/\/staging.dyrsan.fr\/es\/wp-json\/wp\/v2\/product\/65510\/revisions\/73535"}],"wp:featuredmedia":[{"embeddable":true,"href":"https:\/\/staging.dyrsan.fr\/es\/wp-json\/wp\/v2\/media\/61257"}],"wp:attachment":[{"href":"https:\/\/staging.dyrsan.fr\/es\/wp-json\/wp\/v2\/media?parent=65510"}],"wp:term":[{"taxonomy":"product_brand","embeddable":true,"href":"https:\/\/staging.dyrsan.fr\/es\/wp-json\/wp\/v2\/product_brand?post=65510"},{"taxonomy":"product_cat","embeddable":true,"href":"https:\/\/staging.dyrsan.fr\/es\/wp-json\/wp\/v2\/product_cat?post=65510"},{"taxonomy":"product_tag","embeddable":true,"href":"https:\/\/staging.dyrsan.fr\/es\/wp-json\/wp\/v2\/product_tag?post=65510"}],"curies":[{"name":"wp","href":"https:\/\/api.w.org\/{rel}","templated":true}]}}