{"id":65506,"date":"2025-08-29T20:31:59","date_gmt":"2025-08-29T20:31:59","guid":{"rendered":"https:\/\/www.2027.staging.dyrsan.fr\/?post_type=product&#038;p=65506"},"modified":"2026-04-03T17:54:01","modified_gmt":"2026-04-03T17:54:01","slug":"fermoir-metal-dore-30-mm","status":"publish","type":"product","link":"https:\/\/staging.dyrsan.fr\/es\/shop\/fermoir-metal-dore-30-mm\/","title":{"rendered":"Cierre de metal dorado de 30 mm"},"content":{"rendered":"<p>Ce fermoir m\u00e9tal dor\u00e9 30 mm est con\u00e7u pour la fermeture des maillots de bain et bikinis. Il assure une fixation fiable et discr\u00e8te tout en apportant une finition \u00e9l\u00e9gante aux cr\u00e9ations baln\u00e9aires.<\/p>\n<p>&nbsp;<\/p>\n<p><strong>Especificaciones t\u00e9cnicas:<\/strong><\/p>\n<p>R\u00e9f\u00e9rence : DYD0109B-20<br \/>\nMaterial(es): Metal<br \/>\nColor: dorado<br \/>\nTama\u00f1o: 30 mm<\/p>\n<p>&nbsp;<\/p>\n<p><strong>Propiedades t\u00e9cnicas:<\/strong><\/p>\n<p>A medida: disponible en tama\u00f1os personalizados y en distintos acabados (oro amarillo, oro amarillo brillante, oro rosa, plata, gris acero, bronce dorado) para adaptarse a sus dise\u00f1os.<br \/>\nPedidos al por mayor: precios bajos y opciones flexibles para sus colecciones.<br \/>\nDurabilidad excepcional: resiste los lavados sin alterar su aspecto.<br \/>\nRendimiento garantizado: alta resistencia a la tracci\u00f3n para un uso fiable y duradero.<br \/>\nProtecci\u00f3n avanzada: Perfecta para entornos acu\u00e1ticos gracias a su resistencia al cloro, al agua de mar y a la corrosi\u00f3n.<br \/>\nNormas cumplidas: sin plomo, n\u00edquel ni cromo, conforme a OEKO y respetuoso con el medio ambiente.<br \/>\nCompromiso con la calidad: materiales cuidadosamente seleccionados para unos acabados elegantes y duraderos.<\/p>","protected":false},"excerpt":{"rendered":"<p>Ce fermoir m\u00e9tal dor\u00e9 30 mm est con\u00e7u pour la fermeture des maillots de bain et bikinis. Il assure une fixation fiable et discr\u00e8te tout en apportant une finition \u00e9l\u00e9gante aux cr\u00e9ations baln\u00e9aires.<\/p>\n<p>&nbsp;<\/p>\n<p><strong>Especificaciones t\u00e9cnicas:<\/strong><\/p>\n<p>R\u00e9f\u00e9rence : DYD0109B-20<br \/>\nMaterial(es): Metal<br \/>\nColor: dorado<br \/>\nTama\u00f1o: 30 mm<\/p>\n<p>&nbsp;<\/p>\n<p><strong>Propiedades t\u00e9cnicas:<\/strong><\/p>\n<p>A medida: disponible en tama\u00f1os personalizados y en distintos acabados (oro amarillo, oro amarillo brillante, oro rosa, plata, gris acero, bronce dorado) para adaptarse a sus dise\u00f1os.<br \/>\nPedidos al por mayor: precios bajos y opciones flexibles para sus colecciones.<br \/>\nDurabilidad excepcional: resiste los lavados sin alterar su aspecto.<br \/>\nRendimiento garantizado: alta resistencia a la tracci\u00f3n para un uso fiable y duradero.<br \/>\nProtecci\u00f3n avanzada: Perfecta para entornos acu\u00e1ticos gracias a su resistencia al cloro, al agua de mar y a la corrosi\u00f3n.<br \/>\nNormas cumplidas: sin plomo, n\u00edquel ni cromo, conforme a OEKO y respetuoso con el medio ambiente.<br \/>\nCompromiso con la calidad: materiales cuidadosamente seleccionados para unos acabados elegantes y duraderos.<\/p>","protected":false},"featured_media":61241,"comment_status":"closed","ping_status":"closed","template":"","meta":[],"product_brand":[],"product_cat":[140,147],"product_tag":[376,375],"class_list":{"0":"post-65506","1":"product","2":"type-product","3":"status-publish","4":"has-post-thumbnail","6":"product_cat-accessoires","7":"product_cat-fermoirs","8":"product_tag-attache","9":"product_tag-fermoir","10":"product_shipping_class-1-a-2kg","12":"first","13":"instock","14":"taxable","15":"shipping-taxable","16":"purchasable","17":"product-type-simple"},"_links":{"self":[{"href":"https:\/\/staging.dyrsan.fr\/es\/wp-json\/wp\/v2\/product\/65506","targetHints":{"allow":["GET"]}}],"collection":[{"href":"https:\/\/staging.dyrsan.fr\/es\/wp-json\/wp\/v2\/product"}],"about":[{"href":"https:\/\/staging.dyrsan.fr\/es\/wp-json\/wp\/v2\/types\/product"}],"replies":[{"embeddable":true,"href":"https:\/\/staging.dyrsan.fr\/es\/wp-json\/wp\/v2\/comments?post=65506"}],"version-history":[{"count":3,"href":"https:\/\/staging.dyrsan.fr\/es\/wp-json\/wp\/v2\/product\/65506\/revisions"}],"predecessor-version":[{"id":73112,"href":"https:\/\/staging.dyrsan.fr\/es\/wp-json\/wp\/v2\/product\/65506\/revisions\/73112"}],"wp:featuredmedia":[{"embeddable":true,"href":"https:\/\/staging.dyrsan.fr\/es\/wp-json\/wp\/v2\/media\/61241"}],"wp:attachment":[{"href":"https:\/\/staging.dyrsan.fr\/es\/wp-json\/wp\/v2\/media?parent=65506"}],"wp:term":[{"taxonomy":"product_brand","embeddable":true,"href":"https:\/\/staging.dyrsan.fr\/es\/wp-json\/wp\/v2\/product_brand?post=65506"},{"taxonomy":"product_cat","embeddable":true,"href":"https:\/\/staging.dyrsan.fr\/es\/wp-json\/wp\/v2\/product_cat?post=65506"},{"taxonomy":"product_tag","embeddable":true,"href":"https:\/\/staging.dyrsan.fr\/es\/wp-json\/wp\/v2\/product_tag?post=65506"}],"curies":[{"name":"wp","href":"https:\/\/api.w.org\/{rel}","templated":true}]}}