{"id":65501,"date":"2025-10-26T10:13:01","date_gmt":"2025-10-26T10:13:01","guid":{"rendered":"https:\/\/www.2027.staging.dyrsan.fr\/?post_type=product&#038;p=65501"},"modified":"2026-04-03T13:59:59","modified_gmt":"2026-04-03T13:59:59","slug":"tissu-jacquard-uni-brun-et-texture-a-petits-carreaux","status":"publish","type":"product","link":"https:\/\/staging.dyrsan.fr\/es\/shop\/tissu-jacquard-uni-brun-et-texture-a-petits-carreaux\/","title":{"rendered":"Tejido jacquard marr\u00f3n liso y texturizado con peque\u00f1os cuadros"},"content":{"rendered":"<p>Tejido jacquard liso marr\u00f3n y texturizado con peque\u00f1os cuadros. Este tejido de lycra el\u00e1stica se vende sin pedido m\u00ednimo.<\/p>\n<p>&nbsp;<\/p>\n<p><strong>Especificaciones t\u00e9cnicas:<\/strong><br \/>\nN\u00famero de cat\u00e1logo: 65501<br \/>\nComposici\u00f3n: 95 % poli\u00e9ster, 5 % elast\u00e1n<br \/>\nPeso: 240 g\/m\u00b2.<br \/>\nAnchura: 145 cm<br \/>\nColor: marr\u00f3n<br \/>\nAspecto: jacquard texturizado con peque\u00f1os cuadros<br \/>\nPropiedades: extensible<br \/>\nEmbalaje: se vende en unidades de 50 cm de longitud<br \/>\n(Para pedir 1 m, seleccione 2 unidades)<\/p>\n<p><b><img class=\"alignnone wp-image-67583\" src=\"https:\/\/staging.dyrsan.fr\/wp-content\/uploads\/2025\/08\/instru-1.jpeg\" alt=\"\" width=\"153\" height=\"42\" loading=\"lazy\" decoding=\"async\" title=\"\" srcset=\"https:\/\/staging.dyrsan.fr\/wp-content\/uploads\/2025\/08\/instru-1.jpeg 698w, https:\/\/staging.dyrsan.fr\/wp-content\/uploads\/2025\/08\/instru-1-18x5.jpeg 18w\" sizes=\"auto, (max-width: 153px) 100vw, 153px\" \/><\/b><\/p>\n<p><strong>Se venden en unidades de 50 cm de longitud<\/strong> (Para pedir 1m seleccione 2 unidades)<\/p>","protected":false},"excerpt":{"rendered":"<p>Tejido jacquard liso marr\u00f3n y texturizado con peque\u00f1os cuadros. Este tejido de lycra el\u00e1stica se vende sin pedido m\u00ednimo.<\/p>\n<p>&nbsp;<\/p>\n<p><strong>Especificaciones t\u00e9cnicas:<\/strong><br \/>\nN\u00famero de cat\u00e1logo: 65501<br \/>\nComposici\u00f3n: 95 % poli\u00e9ster, 5 % elast\u00e1n<br \/>\nPeso: 240 g\/m\u00b2.<br \/>\nAnchura: 145 cm<br \/>\nColor: marr\u00f3n<br \/>\nAspecto: jacquard texturizado con peque\u00f1os cuadros<br \/>\nPropiedades: extensible<br \/>\nEmbalaje: se vende en unidades de 50 cm de longitud<br \/>\n(Para pedir 1 m, seleccione 2 unidades)<\/p>\n<p><b><img loading=\"lazy\" decoding=\"async\" class=\"alignnone wp-image-67583\" src=\"https:\/\/staging.dyrsan.fr\/wp-content\/uploads\/2025\/08\/instru-1.jpeg\" alt=\"\" width=\"153\" height=\"42\" srcset=\"https:\/\/staging.dyrsan.fr\/wp-content\/uploads\/2025\/08\/instru-1.jpeg 698w, https:\/\/staging.dyrsan.fr\/wp-content\/uploads\/2025\/08\/instru-1-18x5.jpeg 18w\" sizes=\"auto, (max-width: 153px) 100vw, 153px\" \/><\/b><\/p>\n<p><strong>Se venden en unidades de 50 cm de longitud<\/strong> (Para pedir 1m seleccione 2 unidades)<\/p>","protected":false},"featured_media":61214,"comment_status":"closed","ping_status":"closed","template":"","meta":[],"product_brand":[370],"product_cat":[150,458,151,180,213],"product_tag":[190,465,154],"class_list":{"0":"post-65501","1":"product","2":"type-product","3":"status-publish","4":"has-post-thumbnail","6":"product_brand-dyrsan","7":"product_cat-tissus","8":"product_cat-dernieres-pieces","9":"product_cat-tissus-lycra-extensibles","10":"product_cat-tissus-mailles-jacquard","11":"product_cat-tissus-textures","12":"product_tag-tissu-jacquard","13":"product_tag-tissus-carreaux","14":"product_tag-tissus-maillot-de-bain","15":"product_shipping_class-stock-atelier","17":"first","18":"instock","19":"taxable","20":"shipping-taxable","21":"purchasable","22":"product-type-simple"},"_links":{"self":[{"href":"https:\/\/staging.dyrsan.fr\/es\/wp-json\/wp\/v2\/product\/65501","targetHints":{"allow":["GET"]}}],"collection":[{"href":"https:\/\/staging.dyrsan.fr\/es\/wp-json\/wp\/v2\/product"}],"about":[{"href":"https:\/\/staging.dyrsan.fr\/es\/wp-json\/wp\/v2\/types\/product"}],"replies":[{"embeddable":true,"href":"https:\/\/staging.dyrsan.fr\/es\/wp-json\/wp\/v2\/comments?post=65501"}],"version-history":[{"count":11,"href":"https:\/\/staging.dyrsan.fr\/es\/wp-json\/wp\/v2\/product\/65501\/revisions"}],"predecessor-version":[{"id":73289,"href":"https:\/\/staging.dyrsan.fr\/es\/wp-json\/wp\/v2\/product\/65501\/revisions\/73289"}],"wp:featuredmedia":[{"embeddable":true,"href":"https:\/\/staging.dyrsan.fr\/es\/wp-json\/wp\/v2\/media\/61214"}],"wp:attachment":[{"href":"https:\/\/staging.dyrsan.fr\/es\/wp-json\/wp\/v2\/media?parent=65501"}],"wp:term":[{"taxonomy":"product_brand","embeddable":true,"href":"https:\/\/staging.dyrsan.fr\/es\/wp-json\/wp\/v2\/product_brand?post=65501"},{"taxonomy":"product_cat","embeddable":true,"href":"https:\/\/staging.dyrsan.fr\/es\/wp-json\/wp\/v2\/product_cat?post=65501"},{"taxonomy":"product_tag","embeddable":true,"href":"https:\/\/staging.dyrsan.fr\/es\/wp-json\/wp\/v2\/product_tag?post=65501"}],"curies":[{"name":"wp","href":"https:\/\/api.w.org\/{rel}","templated":true}]}}