{"id":65499,"date":"2025-08-29T20:31:58","date_gmt":"2025-08-29T20:31:58","guid":{"rendered":"https:\/\/www.2027.staging.dyrsan.fr\/?post_type=product&#038;p=65499"},"modified":"2026-04-14T10:17:53","modified_gmt":"2026-04-14T10:17:53","slug":"tissu-en-lurex-couleur-or","status":"publish","type":"product","link":"https:\/\/staging.dyrsan.fr\/es\/shop\/tissu-en-lurex-couleur-or\/","title":{"rendered":"Tejido de l\u00farex dorado"},"content":{"rendered":"<p>Tissu en lurex couleur or, extensible et lumineux. Ce tissu lurex couleur or offre un effet scintillant \u00e9l\u00e9gant, id\u00e9al pour les cr\u00e9ations de maillots de bain, v\u00eatements de sc\u00e8ne et pi\u00e8ces mode \u00e0 l\u2019aspect brillant.<\/p>\n<p>&nbsp;<\/p>\n<p><strong>Especificaciones t\u00e9cnicas:<\/strong><br \/>\nR\u00e9f\u00e9rence : DY2501<br \/>\nComposition : 74 % nylon, 13 % \u00e9lasthanne<br \/>\nPoids : 150 g\/m\u00b2<br \/>\nLargeur : 143 cm<br \/>\nAspect : lurex brillant<br \/>\nPropri\u00e9t\u00e9s : extensible, l\u00e9ger, souple, effet scintillant<br \/>\nUtilisation : maillots de bain, beachwear, lingerie, tenues de danse, v\u00eatements de sc\u00e8ne, cr\u00e9ations mode<br \/>\nPrix indicatif : 24,70 \u20ac \/ m<\/p>\n<p><b style=\"font-family: wash; font-size: 30px;\"><img class=\"alignnone wp-image-67583\" src=\"https:\/\/staging.dyrsan.fr\/wp-content\/uploads\/2025\/08\/instru-1.jpeg\" alt=\"\" width=\"153\" height=\"42\" loading=\"lazy\" decoding=\"async\" title=\"\" srcset=\"https:\/\/staging.dyrsan.fr\/wp-content\/uploads\/2025\/08\/instru-1.jpeg 698w, https:\/\/staging.dyrsan.fr\/wp-content\/uploads\/2025\/08\/instru-1-18x5.jpeg 18w\" sizes=\"auto, (max-width: 153px) 100vw, 153px\" \/><\/b><\/p>\n<p>&nbsp;<\/p>","protected":false},"excerpt":{"rendered":"<p>Tissu en lurex couleur or, extensible et lumineux. Ce tissu lurex couleur or offre un effet scintillant \u00e9l\u00e9gant, id\u00e9al pour les cr\u00e9ations de maillots de bain, v\u00eatements de sc\u00e8ne et pi\u00e8ces mode \u00e0 l\u2019aspect brillant.<\/p>\n<p>&nbsp;<\/p>\n<p><strong>Especificaciones t\u00e9cnicas:<\/strong><br \/>\nR\u00e9f\u00e9rence : DY2501<br \/>\nComposition : 74 % nylon, 13 % \u00e9lasthanne<br \/>\nPoids : 150 g\/m\u00b2<br \/>\nLargeur : 143 cm<br \/>\nAspect : lurex brillant<br \/>\nPropri\u00e9t\u00e9s : extensible, l\u00e9ger, souple, effet scintillant<br \/>\nUtilisation : maillots de bain, beachwear, lingerie, tenues de danse, v\u00eatements de sc\u00e8ne, cr\u00e9ations mode<br \/>\nPrix indicatif : 24,70 \u20ac \/ m<\/p>\n<p><b style=\"font-family: wash; font-size: 30px;\"><img loading=\"lazy\" decoding=\"async\" class=\"alignnone wp-image-67583\" src=\"https:\/\/staging.dyrsan.fr\/wp-content\/uploads\/2025\/08\/instru-1.jpeg\" alt=\"\" width=\"153\" height=\"42\" srcset=\"https:\/\/staging.dyrsan.fr\/wp-content\/uploads\/2025\/08\/instru-1.jpeg 698w, https:\/\/staging.dyrsan.fr\/wp-content\/uploads\/2025\/08\/instru-1-18x5.jpeg 18w\" sizes=\"auto, (max-width: 153px) 100vw, 153px\" \/><\/b><\/p>","protected":false},"featured_media":61206,"comment_status":"closed","ping_status":"closed","template":"","meta":[],"product_brand":[370],"product_cat":[150,251,193],"product_tag":[194],"class_list":{"0":"post-65499","1":"product","2":"type-product","3":"status-publish","4":"has-post-thumbnail","6":"product_brand-dyrsan","7":"product_cat-tissus","8":"product_cat-tissus-jersey","9":"product_cat-tissus-lurex-brillants","10":"product_tag-tissu-brillant","12":"first","13":"instock","14":"taxable","15":"shipping-taxable","16":"purchasable","17":"product-type-variable","18":"has-default-attributes"},"_links":{"self":[{"href":"https:\/\/staging.dyrsan.fr\/es\/wp-json\/wp\/v2\/product\/65499","targetHints":{"allow":["GET"]}}],"collection":[{"href":"https:\/\/staging.dyrsan.fr\/es\/wp-json\/wp\/v2\/product"}],"about":[{"href":"https:\/\/staging.dyrsan.fr\/es\/wp-json\/wp\/v2\/types\/product"}],"replies":[{"embeddable":true,"href":"https:\/\/staging.dyrsan.fr\/es\/wp-json\/wp\/v2\/comments?post=65499"}],"version-history":[{"count":7,"href":"https:\/\/staging.dyrsan.fr\/es\/wp-json\/wp\/v2\/product\/65499\/revisions"}],"predecessor-version":[{"id":73347,"href":"https:\/\/staging.dyrsan.fr\/es\/wp-json\/wp\/v2\/product\/65499\/revisions\/73347"}],"wp:featuredmedia":[{"embeddable":true,"href":"https:\/\/staging.dyrsan.fr\/es\/wp-json\/wp\/v2\/media\/61206"}],"wp:attachment":[{"href":"https:\/\/staging.dyrsan.fr\/es\/wp-json\/wp\/v2\/media?parent=65499"}],"wp:term":[{"taxonomy":"product_brand","embeddable":true,"href":"https:\/\/staging.dyrsan.fr\/es\/wp-json\/wp\/v2\/product_brand?post=65499"},{"taxonomy":"product_cat","embeddable":true,"href":"https:\/\/staging.dyrsan.fr\/es\/wp-json\/wp\/v2\/product_cat?post=65499"},{"taxonomy":"product_tag","embeddable":true,"href":"https:\/\/staging.dyrsan.fr\/es\/wp-json\/wp\/v2\/product_tag?post=65499"}],"curies":[{"name":"wp","href":"https:\/\/api.w.org\/{rel}","templated":true}]}}