{"id":65466,"date":"2025-10-07T17:20:37","date_gmt":"2025-10-07T17:20:37","guid":{"rendered":"https:\/\/www.2027.staging.dyrsan.fr\/?post_type=product&#038;p=65466"},"modified":"2026-04-14T10:18:57","modified_gmt":"2026-04-14T10:18:57","slug":"tissu-en-maille-jacquard-bleu-roi-a-motifs-de-vagues","status":"publish","type":"product","link":"https:\/\/staging.dyrsan.fr\/es\/shop\/tissu-en-maille-jacquard-bleu-roi-a-motifs-de-vagues\/","title":{"rendered":"Punto jacquard azul real con motivo ondulado"},"content":{"rendered":"<p>Punto jacquard azul real con estampado ondulado, el\u00e1stico y certificado OEKO-TEX\u00ae. Este tejido jacquard ofrece una elegante textura gr\u00e1fica y una buena elasticidad, ideal para trajes de ba\u00f1o modernos y refinadas creaciones el\u00e1sticas.<\/p>\n<p>&nbsp;<\/p>\n<p><strong>Especificaciones t\u00e9cnicas:<\/strong><br \/>\nN\u00famero de cat\u00e1logo : DY2521<br \/>\nComposici\u00f3n: 93 % poli\u00e9ster, 7 % elast\u00e1n<br \/>\nPeso: 220 g\/m\u00b2.<br \/>\nAnchura: 132 cm<br \/>\nColor: personalizable seg\u00fan c\u00f3digo Pantone<br \/>\nCertificaci\u00f3n: OEKO-TEX<br \/>\nAspecto: punto jacquard con dibujo ondulado<br \/>\nPropiedades: extensible<br \/>\nPrecio orientativo: 21,00<\/p>\n<p><b style=\"font-family: wash;font-size: 30px\"><img class=\"alignnone wp-image-67583\" src=\"https:\/\/staging.dyrsan.fr\/wp-content\/uploads\/2025\/08\/instru-1.jpeg\" alt=\"\" width=\"153\" height=\"42\" loading=\"lazy\" decoding=\"async\" title=\"\" srcset=\"https:\/\/staging.dyrsan.fr\/wp-content\/uploads\/2025\/08\/instru-1.jpeg 698w, https:\/\/staging.dyrsan.fr\/wp-content\/uploads\/2025\/08\/instru-1-18x5.jpeg 18w\" sizes=\"auto, (max-width: 153px) 100vw, 153px\" \/><\/b><\/p>","protected":false},"excerpt":{"rendered":"<p>Punto jacquard azul real con estampado ondulado, el\u00e1stico y certificado OEKO-TEX\u00ae. Este tejido jacquard ofrece una elegante textura gr\u00e1fica y una buena elasticidad, ideal para trajes de ba\u00f1o modernos y refinadas creaciones el\u00e1sticas.<\/p>\n<p>&nbsp;<\/p>\n<p><strong>Especificaciones t\u00e9cnicas:<\/strong><br \/>\nN\u00famero de cat\u00e1logo : DY2521<br \/>\nComposici\u00f3n: 93 % poli\u00e9ster, 7 % elast\u00e1n<br \/>\nPeso: 220 g\/m\u00b2.<br \/>\nAnchura: 132 cm<br \/>\nColor: personalizable seg\u00fan c\u00f3digo Pantone<br \/>\nCertificaci\u00f3n: OEKO-TEX<br \/>\nAspecto: punto jacquard con dibujo ondulado<br \/>\nPropiedades: extensible<br \/>\nPrecio orientativo: 21,00<\/p>\n<p><b style=\"font-family: wash;font-size: 30px\"><img loading=\"lazy\" decoding=\"async\" class=\"alignnone wp-image-67583\" src=\"https:\/\/staging.dyrsan.fr\/wp-content\/uploads\/2025\/08\/instru-1.jpeg\" alt=\"\" width=\"153\" height=\"42\" srcset=\"https:\/\/staging.dyrsan.fr\/wp-content\/uploads\/2025\/08\/instru-1.jpeg 698w, https:\/\/staging.dyrsan.fr\/wp-content\/uploads\/2025\/08\/instru-1-18x5.jpeg 18w\" sizes=\"auto, (max-width: 153px) 100vw, 153px\" \/><\/b><\/p>","protected":false},"featured_media":61145,"comment_status":"closed","ping_status":"closed","template":"","meta":[],"product_brand":[370],"product_cat":[150,180,213],"product_tag":[154],"class_list":{"0":"post-65466","1":"product","2":"type-product","3":"status-publish","4":"has-post-thumbnail","6":"product_brand-dyrsan","7":"product_cat-tissus","8":"product_cat-tissus-mailles-jacquard","9":"product_cat-tissus-textures","10":"product_tag-tissus-maillot-de-bain","12":"first","13":"instock","14":"taxable","15":"shipping-taxable","16":"purchasable","17":"product-type-variable"},"_links":{"self":[{"href":"https:\/\/staging.dyrsan.fr\/es\/wp-json\/wp\/v2\/product\/65466","targetHints":{"allow":["GET"]}}],"collection":[{"href":"https:\/\/staging.dyrsan.fr\/es\/wp-json\/wp\/v2\/product"}],"about":[{"href":"https:\/\/staging.dyrsan.fr\/es\/wp-json\/wp\/v2\/types\/product"}],"replies":[{"embeddable":true,"href":"https:\/\/staging.dyrsan.fr\/es\/wp-json\/wp\/v2\/comments?post=65466"}],"version-history":[{"count":10,"href":"https:\/\/staging.dyrsan.fr\/es\/wp-json\/wp\/v2\/product\/65466\/revisions"}],"predecessor-version":[{"id":73921,"href":"https:\/\/staging.dyrsan.fr\/es\/wp-json\/wp\/v2\/product\/65466\/revisions\/73921"}],"wp:featuredmedia":[{"embeddable":true,"href":"https:\/\/staging.dyrsan.fr\/es\/wp-json\/wp\/v2\/media\/61145"}],"wp:attachment":[{"href":"https:\/\/staging.dyrsan.fr\/es\/wp-json\/wp\/v2\/media?parent=65466"}],"wp:term":[{"taxonomy":"product_brand","embeddable":true,"href":"https:\/\/staging.dyrsan.fr\/es\/wp-json\/wp\/v2\/product_brand?post=65466"},{"taxonomy":"product_cat","embeddable":true,"href":"https:\/\/staging.dyrsan.fr\/es\/wp-json\/wp\/v2\/product_cat?post=65466"},{"taxonomy":"product_tag","embeddable":true,"href":"https:\/\/staging.dyrsan.fr\/es\/wp-json\/wp\/v2\/product_tag?post=65466"}],"curies":[{"name":"wp","href":"https:\/\/api.w.org\/{rel}","templated":true}]}}