{"id":65464,"date":"2025-08-29T20:31:52","date_gmt":"2025-08-29T20:31:52","guid":{"rendered":"https:\/\/www.2027.staging.dyrsan.fr\/?post_type=product&#038;p=65464"},"modified":"2026-04-03T17:54:06","modified_gmt":"2026-04-03T17:54:06","slug":"fermoir-bikini-en-metal-20-mm","status":"publish","type":"product","link":"https:\/\/staging.dyrsan.fr\/es\/shop\/fermoir-bikini-en-metal-20-mm\/","title":{"rendered":"Cierre bikini de metal 20 mm"},"content":{"rendered":"<p>Ce fermoir bikini en m\u00e9tal 20 mm est con\u00e7u pour assurer une fermeture fiable et discr\u00e8te des maillots de bain. Il garantit une finition professionnelle adapt\u00e9e aux cr\u00e9ations baln\u00e9aires et lingerie.<\/p>\n<p>&nbsp;<\/p>\n<p><strong>Especificaciones t\u00e9cnicas:<\/strong><\/p>\n<p>R\u00e9f\u00e9rence : DYD0037<br \/>\nMaterial(es): Metal<br \/>\nColor: plata<br \/>\nTama\u00f1o: 20 mm<\/p>\n<p>&nbsp;<\/p>\n<p><strong>Propiedades t\u00e9cnicas:<\/strong><\/p>\n<p>A medida: disponible en tama\u00f1os personalizados y en distintos acabados (oro amarillo, oro amarillo brillante, oro rosa, plata, gris acero, bronce dorado) para adaptarse a sus dise\u00f1os.<br \/>\nPedidos al por mayor: precios bajos y opciones flexibles para sus colecciones.<br \/>\nDurabilidad excepcional: resiste los lavados sin alterar su aspecto.<br \/>\nRendimiento garantizado: alta resistencia a la tracci\u00f3n para un uso fiable y duradero.<br \/>\nProtecci\u00f3n avanzada: Perfecta para entornos acu\u00e1ticos gracias a su resistencia al cloro, al agua de mar y a la corrosi\u00f3n.<br \/>\nNormas cumplidas: sin plomo, n\u00edquel ni cromo, conforme a OEKO y respetuoso con el medio ambiente.<br \/>\nCompromiso con la calidad: materiales cuidadosamente seleccionados para unos acabados elegantes y duraderos.<\/p>\n<div id=\"simple-translate\" class=\"simple-translate-system-theme\">\n<div>\n<div class=\"simple-translate-button\" style=\"background-image: url('chrome-extension:\/\/cllnohpbfenopiakdcjmjcbaeapmkcdl\/icons\/512.png'); height: 22px; width: 22px; top: 10px; left: 10px;\"><\/div>\n<div class=\"simple-translate-panel\" style=\"width: 300px; height: 200px; top: 0px; left: 0px; font-size: 13px;\">\n<div class=\"simple-translate-result-wrapper\" style=\"overflow: hidden;\">\n<div class=\"simple-translate-move\" draggable=\"true\"><\/div>\n<div class=\"simple-translate-result-contents\">\n<p class=\"simple-translate-result\" dir=\"auto\">\n<p class=\"simple-translate-candidate\" dir=\"auto\">\n<\/div>\n<\/div>\n<\/div>\n<\/div>\n<\/div>","protected":false},"excerpt":{"rendered":"<p>Ce fermoir bikini en m\u00e9tal 20 mm est con\u00e7u pour assurer une fermeture fiable et discr\u00e8te des maillots de bain. Il garantit une finition professionnelle adapt\u00e9e aux cr\u00e9ations baln\u00e9aires et lingerie.<\/p>\n<p>&nbsp;<\/p>\n<p><strong>Especificaciones t\u00e9cnicas:<\/strong><\/p>\n<p>R\u00e9f\u00e9rence : DYD0037<br \/>\nMaterial(es): Metal<br \/>\nColor: plata<br \/>\nTama\u00f1o: 20 mm<\/p>\n<p>&nbsp;<\/p>\n<p><strong>Propiedades t\u00e9cnicas:<\/strong><\/p>\n<p>A medida: disponible en tama\u00f1os personalizados y en distintos acabados (oro amarillo, oro amarillo brillante, oro rosa, plata, gris acero, bronce dorado) para adaptarse a sus dise\u00f1os.<br \/>\nPedidos al por mayor: precios bajos y opciones flexibles para sus colecciones.<br \/>\nDurabilidad excepcional: resiste los lavados sin alterar su aspecto.<br \/>\nRendimiento garantizado: alta resistencia a la tracci\u00f3n para un uso fiable y duradero.<br \/>\nProtecci\u00f3n avanzada: Perfecta para entornos acu\u00e1ticos gracias a su resistencia al cloro, al agua de mar y a la corrosi\u00f3n.<br \/>\nNormas cumplidas: sin plomo, n\u00edquel ni cromo, conforme a OEKO y respetuoso con el medio ambiente.<br \/>\nCompromiso con la calidad: materiales cuidadosamente seleccionados para unos acabados elegantes y duraderos.<\/p>\n<div id=\"simple-translate\" class=\"simple-translate-system-theme\">\n<div>\n<div class=\"simple-translate-button\" style=\"background-image: url('chrome-extension:\/\/cllnohpbfenopiakdcjmjcbaeapmkcdl\/icons\/512.png'); height: 22px; width: 22px; top: 10px; left: 10px;\"><\/div>\n<div class=\"simple-translate-panel\" style=\"width: 300px; height: 200px; top: 0px; left: 0px; font-size: 13px;\">\n<div class=\"simple-translate-result-wrapper\" style=\"overflow: hidden;\">\n<div class=\"simple-translate-move\" draggable=\"true\"><\/div>\n<div class=\"simple-translate-result-contents\">\n<p class=\"simple-translate-result\" dir=\"auto\">\n<p class=\"simple-translate-candidate\" dir=\"auto\">\n<\/div>\n<\/div>\n<\/div>\n<\/div>\n<\/div>","protected":false},"featured_media":61127,"comment_status":"closed","ping_status":"closed","template":"","meta":[],"product_brand":[],"product_cat":[140,147],"product_tag":[376,375],"class_list":{"0":"post-65464","1":"product","2":"type-product","3":"status-publish","4":"has-post-thumbnail","6":"product_cat-accessoires","7":"product_cat-fermoirs","8":"product_tag-attache","9":"product_tag-fermoir","10":"product_shipping_class-1-a-2kg","12":"first","13":"instock","14":"taxable","15":"shipping-taxable","16":"purchasable","17":"product-type-simple"},"_links":{"self":[{"href":"https:\/\/staging.dyrsan.fr\/es\/wp-json\/wp\/v2\/product\/65464","targetHints":{"allow":["GET"]}}],"collection":[{"href":"https:\/\/staging.dyrsan.fr\/es\/wp-json\/wp\/v2\/product"}],"about":[{"href":"https:\/\/staging.dyrsan.fr\/es\/wp-json\/wp\/v2\/types\/product"}],"replies":[{"embeddable":true,"href":"https:\/\/staging.dyrsan.fr\/es\/wp-json\/wp\/v2\/comments?post=65464"}],"version-history":[{"count":5,"href":"https:\/\/staging.dyrsan.fr\/es\/wp-json\/wp\/v2\/product\/65464\/revisions"}],"predecessor-version":[{"id":73830,"href":"https:\/\/staging.dyrsan.fr\/es\/wp-json\/wp\/v2\/product\/65464\/revisions\/73830"}],"wp:featuredmedia":[{"embeddable":true,"href":"https:\/\/staging.dyrsan.fr\/es\/wp-json\/wp\/v2\/media\/61127"}],"wp:attachment":[{"href":"https:\/\/staging.dyrsan.fr\/es\/wp-json\/wp\/v2\/media?parent=65464"}],"wp:term":[{"taxonomy":"product_brand","embeddable":true,"href":"https:\/\/staging.dyrsan.fr\/es\/wp-json\/wp\/v2\/product_brand?post=65464"},{"taxonomy":"product_cat","embeddable":true,"href":"https:\/\/staging.dyrsan.fr\/es\/wp-json\/wp\/v2\/product_cat?post=65464"},{"taxonomy":"product_tag","embeddable":true,"href":"https:\/\/staging.dyrsan.fr\/es\/wp-json\/wp\/v2\/product_tag?post=65464"}],"curies":[{"name":"wp","href":"https:\/\/api.w.org\/{rel}","templated":true}]}}