{"id":65462,"date":"2025-08-29T20:31:52","date_gmt":"2025-08-29T20:31:52","guid":{"rendered":"https:\/\/www.2027.staging.dyrsan.fr\/?post_type=product&#038;p=65462"},"modified":"2026-04-03T17:54:11","modified_gmt":"2026-04-03T17:54:11","slug":"crochet-forme-g-en-metal","status":"publish","type":"product","link":"https:\/\/staging.dyrsan.fr\/es\/shop\/crochet-forme-g-en-metal\/","title":{"rendered":"Gancho G met\u00e1lico"},"content":{"rendered":"<p>Ce crochet forme G en m\u00e9tal est un accessoire de mercerie con\u00e7u pour l\u2019assemblage et la fixation de cordons et \u00e9l\u00e9ments textiles. Sa forme fonctionnelle garantit une liaison fiable et une finition professionnelle pour les cr\u00e9ations de maillots de bain, lingerie et accessoires.<\/p>\n<p>&nbsp;<\/p>\n<p><strong>Especificaciones t\u00e9cnicas:<\/strong><\/p>\n<p>R\u00e9f\u00e9rence : 65462<br \/>\nMaterial(es): Metal<br \/>\nColor: dorado<br \/>\nTaille : 12 mm<br \/>\nPoids : 2 g<\/p>\n<p>&nbsp;<\/p>\n<p><strong>Propiedades t\u00e9cnicas:<\/strong><\/p>\n<p>Acabado(s) disponible(s): Plata \/ Oro amarillo \/ Oro amarillo brillante \/ Oro rosa \/ Gris acero \/ Bronce dorado<\/p>\n<p>Taille\u00a0 : 12mm<br \/>\nPoids : 2g<br \/>\nTratamiento de superficie: Pulido espejo y galvanoplastia<br \/>\nMaterial(es): Metal<br \/>\nPedido personalizado - Entrega en un plazo m\u00e1ximo de 4 semanas<\/p>\n<p>Se vende por 100 unidades<\/p>","protected":false},"excerpt":{"rendered":"<p>Ce crochet forme G en m\u00e9tal est un accessoire de mercerie con\u00e7u pour l\u2019assemblage et la fixation de cordons et \u00e9l\u00e9ments textiles. Sa forme fonctionnelle garantit une liaison fiable et une finition professionnelle pour les cr\u00e9ations de maillots de bain, lingerie et accessoires.<\/p>\n<p>&nbsp;<\/p>\n<p><strong>Especificaciones t\u00e9cnicas:<\/strong><\/p>\n<p>R\u00e9f\u00e9rence : 65462<br \/>\nMaterial(es): Metal<br \/>\nColor: dorado<br \/>\nTaille : 12 mm<br \/>\nPoids : 2 g<\/p>\n<p>&nbsp;<\/p>\n<p><strong>Propiedades t\u00e9cnicas:<\/strong><\/p>\n<p>Acabado(s) disponible(s): Plata \/ Oro amarillo \/ Oro amarillo brillante \/ Oro rosa \/ Gris acero \/ Bronce dorado<\/p>\n<p>Taille\u00a0 : 12mm<br \/>\nPoids : 2g<br \/>\nTratamiento de superficie: Pulido espejo y galvanoplastia<br \/>\nMaterial(es): Metal<br \/>\nPedido personalizado - Entrega en un plazo m\u00e1ximo de 4 semanas<\/p>\n<p>Se vende por 100 unidades<\/p>","protected":false},"featured_media":60900,"comment_status":"closed","ping_status":"closed","template":"","meta":[],"product_brand":[],"product_cat":[140,160],"product_tag":[377,378],"class_list":{"0":"post-65462","1":"product","2":"type-product","3":"status-publish","4":"has-post-thumbnail","6":"product_cat-accessoires","7":"product_cat-crochets","8":"product_tag-crochet","9":"product_tag-g-hook-2","10":"product_shipping_class-1-a-2kg","12":"first","13":"instock","14":"taxable","15":"shipping-taxable","16":"purchasable","17":"product-type-simple"},"_links":{"self":[{"href":"https:\/\/staging.dyrsan.fr\/es\/wp-json\/wp\/v2\/product\/65462","targetHints":{"allow":["GET"]}}],"collection":[{"href":"https:\/\/staging.dyrsan.fr\/es\/wp-json\/wp\/v2\/product"}],"about":[{"href":"https:\/\/staging.dyrsan.fr\/es\/wp-json\/wp\/v2\/types\/product"}],"replies":[{"embeddable":true,"href":"https:\/\/staging.dyrsan.fr\/es\/wp-json\/wp\/v2\/comments?post=65462"}],"version-history":[{"count":5,"href":"https:\/\/staging.dyrsan.fr\/es\/wp-json\/wp\/v2\/product\/65462\/revisions"}],"predecessor-version":[{"id":73826,"href":"https:\/\/staging.dyrsan.fr\/es\/wp-json\/wp\/v2\/product\/65462\/revisions\/73826"}],"wp:featuredmedia":[{"embeddable":true,"href":"https:\/\/staging.dyrsan.fr\/es\/wp-json\/wp\/v2\/media\/60900"}],"wp:attachment":[{"href":"https:\/\/staging.dyrsan.fr\/es\/wp-json\/wp\/v2\/media?parent=65462"}],"wp:term":[{"taxonomy":"product_brand","embeddable":true,"href":"https:\/\/staging.dyrsan.fr\/es\/wp-json\/wp\/v2\/product_brand?post=65462"},{"taxonomy":"product_cat","embeddable":true,"href":"https:\/\/staging.dyrsan.fr\/es\/wp-json\/wp\/v2\/product_cat?post=65462"},{"taxonomy":"product_tag","embeddable":true,"href":"https:\/\/staging.dyrsan.fr\/es\/wp-json\/wp\/v2\/product_tag?post=65462"}],"curies":[{"name":"wp","href":"https:\/\/api.w.org\/{rel}","templated":true}]}}