{"id":65461,"date":"2025-08-29T20:31:52","date_gmt":"2025-08-29T20:31:52","guid":{"rendered":"https:\/\/www.2027.staging.dyrsan.fr\/?post_type=product&#038;p=65461"},"modified":"2026-04-03T17:54:13","modified_gmt":"2026-04-03T17:54:13","slug":"embout-a-cordon-en-metal-dore-brillant","status":"publish","type":"product","link":"https:\/\/staging.dyrsan.fr\/es\/shop\/embout-a-cordon-en-metal-dore-brillant\/","title":{"rendered":"Terminal de cord\u00f3n de metal dorado brillante"},"content":{"rendered":"<p>Este terminal de cord\u00f3n de metal dorado brillante garantiza un acabado limpio y elegante para los cordones textiles. Dise\u00f1ado para ropa de ba\u00f1o, lencer\u00eda y accesorios, a\u00f1ade un toque profesional y pulido.<\/p>\n<p>&nbsp;<\/p>\n<p><strong>Especificaciones t\u00e9cnicas:<\/strong><\/p>\n<p>N\u00famero de cat\u00e1logo : DY2748<br \/>\nMaterial(es): Metal<br \/>\nColor: dorado<br \/>\nTama\u00f1o: 6,5 \u00d7 12 \u00d7 4 mm<br \/>\nPeso : 1 g<\/p>\n<p>&nbsp;<\/p>\n<p><strong>Propiedades t\u00e9cnicas:<\/strong><\/p>\n<p>Acabado(s) disponible(s): Plata \/ Oro amarillo \/ Oro amarillo brillante \/ Oro rosa \/ Gris acero \/ Bronce dorado<\/p>\n<p>Tama\u00f1o: 6,5 x 12 x 4 mm<br \/>\nPeso : 1g<br \/>\nTratamiento de superficie: Pulido espejo y galvanoplastia<br \/>\nMaterial(es): Metal<br \/>\nPedido personalizado - Entrega en un plazo m\u00e1ximo de 4 semanas<\/p>\n<p>Se vende por 100 unidades<\/p>","protected":false},"excerpt":{"rendered":"<p>Este terminal de cord\u00f3n de metal dorado brillante garantiza un acabado limpio y elegante para los cordones textiles. Dise\u00f1ado para ropa de ba\u00f1o, lencer\u00eda y accesorios, a\u00f1ade un toque profesional y pulido.<\/p>\n<p>&nbsp;<\/p>\n<p><strong>Especificaciones t\u00e9cnicas:<\/strong><\/p>\n<p>N\u00famero de cat\u00e1logo : DY2748<br \/>\nMaterial(es): Metal<br \/>\nColor: dorado<br \/>\nTama\u00f1o: 6,5 \u00d7 12 \u00d7 4 mm<br \/>\nPeso : 1 g<\/p>\n<p>&nbsp;<\/p>\n<p><strong>Propiedades t\u00e9cnicas:<\/strong><\/p>\n<p>Acabado(s) disponible(s): Plata \/ Oro amarillo \/ Oro amarillo brillante \/ Oro rosa \/ Gris acero \/ Bronce dorado<\/p>\n<p>Tama\u00f1o: 6,5 x 12 x 4 mm<br \/>\nPeso : 1g<br \/>\nTratamiento de superficie: Pulido espejo y galvanoplastia<br \/>\nMaterial(es): Metal<br \/>\nPedido personalizado - Entrega en un plazo m\u00e1ximo de 4 semanas<\/p>\n<p>Se vende por 100 unidades<\/p>","protected":false},"featured_media":61115,"comment_status":"closed","ping_status":"closed","template":"","meta":[],"product_brand":[],"product_cat":[140,211],"product_tag":[387,388,386],"class_list":{"0":"post-65461","1":"product","2":"type-product","3":"status-publish","4":"has-post-thumbnail","6":"product_cat-accessoires","7":"product_cat-embouts","8":"product_tag-embout","9":"product_tag-embout-en-metal","10":"product_tag-embouts-pour-cordon","11":"product_shipping_class-1-a-2kg","13":"first","14":"instock","15":"taxable","16":"shipping-taxable","17":"purchasable","18":"product-type-simple"},"_links":{"self":[{"href":"https:\/\/staging.dyrsan.fr\/es\/wp-json\/wp\/v2\/product\/65461","targetHints":{"allow":["GET"]}}],"collection":[{"href":"https:\/\/staging.dyrsan.fr\/es\/wp-json\/wp\/v2\/product"}],"about":[{"href":"https:\/\/staging.dyrsan.fr\/es\/wp-json\/wp\/v2\/types\/product"}],"replies":[{"embeddable":true,"href":"https:\/\/staging.dyrsan.fr\/es\/wp-json\/wp\/v2\/comments?post=65461"}],"version-history":[{"count":3,"href":"https:\/\/staging.dyrsan.fr\/es\/wp-json\/wp\/v2\/product\/65461\/revisions"}],"predecessor-version":[{"id":73114,"href":"https:\/\/staging.dyrsan.fr\/es\/wp-json\/wp\/v2\/product\/65461\/revisions\/73114"}],"wp:featuredmedia":[{"embeddable":true,"href":"https:\/\/staging.dyrsan.fr\/es\/wp-json\/wp\/v2\/media\/61115"}],"wp:attachment":[{"href":"https:\/\/staging.dyrsan.fr\/es\/wp-json\/wp\/v2\/media?parent=65461"}],"wp:term":[{"taxonomy":"product_brand","embeddable":true,"href":"https:\/\/staging.dyrsan.fr\/es\/wp-json\/wp\/v2\/product_brand?post=65461"},{"taxonomy":"product_cat","embeddable":true,"href":"https:\/\/staging.dyrsan.fr\/es\/wp-json\/wp\/v2\/product_cat?post=65461"},{"taxonomy":"product_tag","embeddable":true,"href":"https:\/\/staging.dyrsan.fr\/es\/wp-json\/wp\/v2\/product_tag?post=65461"}],"curies":[{"name":"wp","href":"https:\/\/api.w.org\/{rel}","templated":true}]}}