{"id":65460,"date":"2025-08-29T20:31:51","date_gmt":"2025-08-29T20:31:51","guid":{"rendered":"https:\/\/www.2027.staging.dyrsan.fr\/?post_type=product&#038;p=65460"},"modified":"2026-04-03T17:54:16","modified_gmt":"2026-04-03T17:54:16","slug":"boucle-depaule-en-metal-dore-brillant","status":"publish","type":"product","link":"https:\/\/staging.dyrsan.fr\/es\/shop\/boucle-depaule-en-metal-dore-brillant\/","title":{"rendered":"Cierre de hombro chapado en oro brillante"},"content":{"rendered":"<p>Cette boucle d\u2019\u00e9paule en m\u00e9tal dor\u00e9 brillant est id\u00e9ale pour l\u2019ajustement et la finition des maillots de bain, bikinis et v\u00eatements. Sa finition brillante apporte une touche \u00e9l\u00e9gante tout en garantissant solidit\u00e9 et durabilit\u00e9 pour un usage professionnel.<\/p>\n<p>&nbsp;<\/p>\n<p><strong>Especificaciones t\u00e9cnicas:<\/strong><\/p>\n<p>R\u00e9f\u00e9rence : DY1868<\/p>\n<p>Material(es): Metal<\/p>\n<p>Couleur : Dor\u00e9 brillant<\/p>\n<p>Taille : 17 mm<\/p>\n<p>Peso : 4 g<\/p>\n<p>Tratamiento de superficie: Pulido espejo y galvanoplastia<\/p>\n<p>Conditionnement : Article vendu par 100 pi\u00e8ces<\/p>\n<p>Commande personnalis\u00e9e : Livraison sous 4 semaines max<\/p>","protected":false},"excerpt":{"rendered":"<p>Cette boucle d\u2019\u00e9paule en m\u00e9tal dor\u00e9 brillant est id\u00e9ale pour l\u2019ajustement et la finition des maillots de bain, bikinis et v\u00eatements. Sa finition brillante apporte une touche \u00e9l\u00e9gante tout en garantissant solidit\u00e9 et durabilit\u00e9 pour un usage professionnel.<\/p>\n<p>&nbsp;<\/p>\n<p><strong>Especificaciones t\u00e9cnicas:<\/strong><\/p>\n<p>R\u00e9f\u00e9rence : DY1868<\/p>\n<p>Material(es): Metal<\/p>\n<p>Couleur : Dor\u00e9 brillant<\/p>\n<p>Taille : 17 mm<\/p>\n<p>Peso : 4 g<\/p>\n<p>Tratamiento de superficie: Pulido espejo y galvanoplastia<\/p>\n<p>Conditionnement : Article vendu par 100 pi\u00e8ces<\/p>\n<p>Commande personnalis\u00e9e : Livraison sous 4 semaines max<\/p>","protected":false},"featured_media":61109,"comment_status":"closed","ping_status":"closed","template":"","meta":[],"product_brand":[],"product_cat":[140,148,212],"product_tag":[374],"class_list":{"0":"post-65460","1":"product","2":"type-product","3":"status-publish","4":"has-post-thumbnail","6":"product_cat-accessoires","7":"product_cat-boucles","8":"product_cat-passants","9":"product_tag-passant","10":"product_shipping_class-1-a-2kg","12":"first","13":"instock","14":"taxable","15":"shipping-taxable","16":"purchasable","17":"product-type-simple"},"_links":{"self":[{"href":"https:\/\/staging.dyrsan.fr\/es\/wp-json\/wp\/v2\/product\/65460","targetHints":{"allow":["GET"]}}],"collection":[{"href":"https:\/\/staging.dyrsan.fr\/es\/wp-json\/wp\/v2\/product"}],"about":[{"href":"https:\/\/staging.dyrsan.fr\/es\/wp-json\/wp\/v2\/types\/product"}],"replies":[{"embeddable":true,"href":"https:\/\/staging.dyrsan.fr\/es\/wp-json\/wp\/v2\/comments?post=65460"}],"version-history":[{"count":5,"href":"https:\/\/staging.dyrsan.fr\/es\/wp-json\/wp\/v2\/product\/65460\/revisions"}],"predecessor-version":[{"id":73737,"href":"https:\/\/staging.dyrsan.fr\/es\/wp-json\/wp\/v2\/product\/65460\/revisions\/73737"}],"wp:featuredmedia":[{"embeddable":true,"href":"https:\/\/staging.dyrsan.fr\/es\/wp-json\/wp\/v2\/media\/61109"}],"wp:attachment":[{"href":"https:\/\/staging.dyrsan.fr\/es\/wp-json\/wp\/v2\/media?parent=65460"}],"wp:term":[{"taxonomy":"product_brand","embeddable":true,"href":"https:\/\/staging.dyrsan.fr\/es\/wp-json\/wp\/v2\/product_brand?post=65460"},{"taxonomy":"product_cat","embeddable":true,"href":"https:\/\/staging.dyrsan.fr\/es\/wp-json\/wp\/v2\/product_cat?post=65460"},{"taxonomy":"product_tag","embeddable":true,"href":"https:\/\/staging.dyrsan.fr\/es\/wp-json\/wp\/v2\/product_tag?post=65460"}],"curies":[{"name":"wp","href":"https:\/\/api.w.org\/{rel}","templated":true}]}}