{"id":65458,"date":"2025-08-29T20:31:51","date_gmt":"2025-08-29T20:31:51","guid":{"rendered":"https:\/\/www.2027.staging.dyrsan.fr\/?post_type=product&#038;p=65458"},"modified":"2026-04-03T17:54:20","modified_gmt":"2026-04-03T17:54:20","slug":"boucle-depaule-en-metal-or-rose","status":"publish","type":"product","link":"https:\/\/staging.dyrsan.fr\/es\/shop\/boucle-depaule-en-metal-or-rose\/","title":{"rendered":"Cierre de metal dorado rosa para el hombro"},"content":{"rendered":"<p>Cette boucle d\u2019\u00e9paule en m\u00e9tal or rose est id\u00e9ale pour le r\u00e9glage et la finition des bretelles de lingerie, maillots de bain et v\u00eatements. Elle offre une fixation fiable et une finition \u00e9l\u00e9gante pour les cr\u00e9ations textiles professionnelles.<\/p>\n<p>&nbsp;<\/p>\n<p><strong>Especificaciones t\u00e9cnicas:<\/strong><\/p>\n<p>R\u00e9f\u00e9rence : 65458<br \/>\nMaterial(es): Metal<br \/>\nCouleur : Or rose<br \/>\nTaille : 17 \u00d7 12 mm<br \/>\nPeso : 5 g<br \/>\nTratamiento de superficie: Pulido espejo y galvanoplastia<\/p>","protected":false},"excerpt":{"rendered":"<p>Cette boucle d\u2019\u00e9paule en m\u00e9tal or rose est id\u00e9ale pour le r\u00e9glage et la finition des bretelles de lingerie, maillots de bain et v\u00eatements. Elle offre une fixation fiable et une finition \u00e9l\u00e9gante pour les cr\u00e9ations textiles professionnelles.<\/p>\n<p>&nbsp;<\/p>\n<p><strong>Especificaciones t\u00e9cnicas:<\/strong><\/p>\n<p>R\u00e9f\u00e9rence : 65458<br \/>\nMaterial(es): Metal<br \/>\nCouleur : Or rose<br \/>\nTaille : 17 \u00d7 12 mm<br \/>\nPeso : 5 g<br \/>\nTratamiento de superficie: Pulido espejo y galvanoplastia<\/p>","protected":false},"featured_media":61101,"comment_status":"closed","ping_status":"closed","template":"","meta":[],"product_brand":[],"product_cat":[140,148,212],"product_tag":[374],"class_list":{"0":"post-65458","1":"product","2":"type-product","3":"status-publish","4":"has-post-thumbnail","6":"product_cat-accessoires","7":"product_cat-boucles","8":"product_cat-passants","9":"product_tag-passant","10":"product_shipping_class-1-a-2kg","12":"first","13":"instock","14":"taxable","15":"shipping-taxable","16":"purchasable","17":"product-type-simple"},"_links":{"self":[{"href":"https:\/\/staging.dyrsan.fr\/es\/wp-json\/wp\/v2\/product\/65458","targetHints":{"allow":["GET"]}}],"collection":[{"href":"https:\/\/staging.dyrsan.fr\/es\/wp-json\/wp\/v2\/product"}],"about":[{"href":"https:\/\/staging.dyrsan.fr\/es\/wp-json\/wp\/v2\/types\/product"}],"replies":[{"embeddable":true,"href":"https:\/\/staging.dyrsan.fr\/es\/wp-json\/wp\/v2\/comments?post=65458"}],"version-history":[{"count":4,"href":"https:\/\/staging.dyrsan.fr\/es\/wp-json\/wp\/v2\/product\/65458\/revisions"}],"predecessor-version":[{"id":73145,"href":"https:\/\/staging.dyrsan.fr\/es\/wp-json\/wp\/v2\/product\/65458\/revisions\/73145"}],"wp:featuredmedia":[{"embeddable":true,"href":"https:\/\/staging.dyrsan.fr\/es\/wp-json\/wp\/v2\/media\/61101"}],"wp:attachment":[{"href":"https:\/\/staging.dyrsan.fr\/es\/wp-json\/wp\/v2\/media?parent=65458"}],"wp:term":[{"taxonomy":"product_brand","embeddable":true,"href":"https:\/\/staging.dyrsan.fr\/es\/wp-json\/wp\/v2\/product_brand?post=65458"},{"taxonomy":"product_cat","embeddable":true,"href":"https:\/\/staging.dyrsan.fr\/es\/wp-json\/wp\/v2\/product_cat?post=65458"},{"taxonomy":"product_tag","embeddable":true,"href":"https:\/\/staging.dyrsan.fr\/es\/wp-json\/wp\/v2\/product_tag?post=65458"}],"curies":[{"name":"wp","href":"https:\/\/api.w.org\/{rel}","templated":true}]}}