{"id":65457,"date":"2025-08-29T20:31:51","date_gmt":"2025-08-29T20:31:51","guid":{"rendered":"https:\/\/www.2027.staging.dyrsan.fr\/?post_type=product&#038;p=65457"},"modified":"2026-04-03T17:54:22","modified_gmt":"2026-04-03T17:54:22","slug":"embout-a-cordon-en-metal-dore-brillant-2","status":"publish","type":"product","link":"https:\/\/staging.dyrsan.fr\/es\/shop\/embout-a-cordon-en-metal-dore-brillant-2\/","title":{"rendered":"Terminal de cord\u00f3n de metal dorado brillante"},"content":{"rendered":"<p>Cet embout \u00e0 cordon en m\u00e9tal dor\u00e9 brillant est con\u00e7u pour assurer une finition soign\u00e9e et \u00e9l\u00e9gante aux cordons fins. Id\u00e9al pour les cr\u00e9ations de maillots de bain, lingerie et accessoires textiles n\u00e9cessitant pr\u00e9cision et esth\u00e9tisme.<\/p>\n<p>&nbsp;<\/p>\n<p><strong>Especificaciones t\u00e9cnicas:<\/strong><\/p>\n<p>R\u00e9f\u00e9rence : DY0911<br \/>\nMaterial(es): Metal<br \/>\nCouleur : dor\u00e9 brillant<br \/>\nTaille : 0,7 mm<br \/>\nPeso : 1 g<br \/>\nTratamiento de superficie: Pulido espejo y galvanoplastia<br \/>\nPresentaci\u00f3n : Vendido en paquetes de 100<br \/>\nPlazo de entrega: Pedido personalizado - Entrega en un plazo m\u00e1ximo de 4 semanas<\/p>","protected":false},"excerpt":{"rendered":"<p>Cet embout \u00e0 cordon en m\u00e9tal dor\u00e9 brillant est con\u00e7u pour assurer une finition soign\u00e9e et \u00e9l\u00e9gante aux cordons fins. Id\u00e9al pour les cr\u00e9ations de maillots de bain, lingerie et accessoires textiles n\u00e9cessitant pr\u00e9cision et esth\u00e9tisme.<\/p>\n<p>&nbsp;<\/p>\n<p><strong>Especificaciones t\u00e9cnicas:<\/strong><\/p>\n<p>R\u00e9f\u00e9rence : DY0911<br \/>\nMaterial(es): Metal<br \/>\nCouleur : dor\u00e9 brillant<br \/>\nTaille : 0,7 mm<br \/>\nPeso : 1 g<br \/>\nTratamiento de superficie: Pulido espejo y galvanoplastia<br \/>\nPresentaci\u00f3n : Vendido en paquetes de 100<br \/>\nPlazo de entrega: Pedido personalizado - Entrega en un plazo m\u00e1ximo de 4 semanas<\/p>","protected":false},"featured_media":61095,"comment_status":"closed","ping_status":"closed","template":"","meta":[],"product_brand":[],"product_cat":[140,211],"product_tag":[387,388,386],"class_list":{"0":"post-65457","1":"product","2":"type-product","3":"status-publish","4":"has-post-thumbnail","6":"product_cat-accessoires","7":"product_cat-embouts","8":"product_tag-embout","9":"product_tag-embout-en-metal","10":"product_tag-embouts-pour-cordon","11":"product_shipping_class-1-a-2kg","13":"first","14":"instock","15":"taxable","16":"shipping-taxable","17":"purchasable","18":"product-type-simple"},"_links":{"self":[{"href":"https:\/\/staging.dyrsan.fr\/es\/wp-json\/wp\/v2\/product\/65457","targetHints":{"allow":["GET"]}}],"collection":[{"href":"https:\/\/staging.dyrsan.fr\/es\/wp-json\/wp\/v2\/product"}],"about":[{"href":"https:\/\/staging.dyrsan.fr\/es\/wp-json\/wp\/v2\/types\/product"}],"replies":[{"embeddable":true,"href":"https:\/\/staging.dyrsan.fr\/es\/wp-json\/wp\/v2\/comments?post=65457"}],"version-history":[{"count":3,"href":"https:\/\/staging.dyrsan.fr\/es\/wp-json\/wp\/v2\/product\/65457\/revisions"}],"predecessor-version":[{"id":73143,"href":"https:\/\/staging.dyrsan.fr\/es\/wp-json\/wp\/v2\/product\/65457\/revisions\/73143"}],"wp:featuredmedia":[{"embeddable":true,"href":"https:\/\/staging.dyrsan.fr\/es\/wp-json\/wp\/v2\/media\/61095"}],"wp:attachment":[{"href":"https:\/\/staging.dyrsan.fr\/es\/wp-json\/wp\/v2\/media?parent=65457"}],"wp:term":[{"taxonomy":"product_brand","embeddable":true,"href":"https:\/\/staging.dyrsan.fr\/es\/wp-json\/wp\/v2\/product_brand?post=65457"},{"taxonomy":"product_cat","embeddable":true,"href":"https:\/\/staging.dyrsan.fr\/es\/wp-json\/wp\/v2\/product_cat?post=65457"},{"taxonomy":"product_tag","embeddable":true,"href":"https:\/\/staging.dyrsan.fr\/es\/wp-json\/wp\/v2\/product_tag?post=65457"}],"curies":[{"name":"wp","href":"https:\/\/api.w.org\/{rel}","templated":true}]}}