{"id":65455,"date":"2025-08-29T20:31:51","date_gmt":"2025-08-29T20:31:51","guid":{"rendered":"https:\/\/www.2027.staging.dyrsan.fr\/?post_type=product&#038;p=65455"},"modified":"2026-04-03T17:54:27","modified_gmt":"2026-04-03T17:54:27","slug":"embout-a-cordon-en-metal-dore-8-mm","status":"publish","type":"product","link":"https:\/\/staging.dyrsan.fr\/es\/shop\/embout-a-cordon-en-metal-dore-8-mm\/","title":{"rendered":"Terminal de cord\u00f3n met\u00e1lico dorado de 8 mm"},"content":{"rendered":"<p>Cet embout \u00e0 cordon en m\u00e9tal dor\u00e9 8 mm est con\u00e7u pour la finition des cordons et liens textiles. Il garantit une fermeture propre, r\u00e9sistante et esth\u00e9tique, id\u00e9ale pour les cr\u00e9ations de maillots de bain, lingerie et accessoires.<\/p>\n<p>&nbsp;<\/p>\n<p><strong>Especificaciones t\u00e9cnicas:<\/strong><\/p>\n<p>R\u00e9f\u00e9rence : 65455<br \/>\nMaterial(es): Metal<br \/>\nColor: dorado<br \/>\nTaille : 8 mm<br \/>\nPoids : 7 g<br \/>\nTratamiento de superficie: Pulido espejo y galvanoplastia<br \/>\nFinitions disponibles : Argent\u00e9 \/ Or jaune \/ Or jaune brillant \/ Or rose \/ Gris acier \/ Bronze dor\u00e9<br \/>\nPresentaci\u00f3n : Vendido en paquetes de 100<br \/>\nCommande personnalis\u00e9e : Livraison sous 4 semaines maximum<\/p>","protected":false},"excerpt":{"rendered":"<p>Cet embout \u00e0 cordon en m\u00e9tal dor\u00e9 8 mm est con\u00e7u pour la finition des cordons et liens textiles. Il garantit une fermeture propre, r\u00e9sistante et esth\u00e9tique, id\u00e9ale pour les cr\u00e9ations de maillots de bain, lingerie et accessoires.<\/p>\n<p>&nbsp;<\/p>\n<p><strong>Especificaciones t\u00e9cnicas:<\/strong><\/p>\n<p>R\u00e9f\u00e9rence : 65455<br \/>\nMaterial(es): Metal<br \/>\nColor: dorado<br \/>\nTaille : 8 mm<br \/>\nPoids : 7 g<br \/>\nTratamiento de superficie: Pulido espejo y galvanoplastia<br \/>\nFinitions disponibles : Argent\u00e9 \/ Or jaune \/ Or jaune brillant \/ Or rose \/ Gris acier \/ Bronze dor\u00e9<br \/>\nPresentaci\u00f3n : Vendido en paquetes de 100<br \/>\nCommande personnalis\u00e9e : Livraison sous 4 semaines maximum<\/p>","protected":false},"featured_media":61080,"comment_status":"closed","ping_status":"closed","template":"","meta":[],"product_brand":[],"product_cat":[140,211],"product_tag":[387,388,386],"class_list":{"0":"post-65455","1":"product","2":"type-product","3":"status-publish","4":"has-post-thumbnail","6":"product_cat-accessoires","7":"product_cat-embouts","8":"product_tag-embout","9":"product_tag-embout-en-metal","10":"product_tag-embouts-pour-cordon","11":"product_shipping_class-1-a-2kg","13":"first","14":"instock","15":"taxable","16":"shipping-taxable","17":"purchasable","18":"product-type-simple"},"_links":{"self":[{"href":"https:\/\/staging.dyrsan.fr\/es\/wp-json\/wp\/v2\/product\/65455","targetHints":{"allow":["GET"]}}],"collection":[{"href":"https:\/\/staging.dyrsan.fr\/es\/wp-json\/wp\/v2\/product"}],"about":[{"href":"https:\/\/staging.dyrsan.fr\/es\/wp-json\/wp\/v2\/types\/product"}],"replies":[{"embeddable":true,"href":"https:\/\/staging.dyrsan.fr\/es\/wp-json\/wp\/v2\/comments?post=65455"}],"version-history":[{"count":3,"href":"https:\/\/staging.dyrsan.fr\/es\/wp-json\/wp\/v2\/product\/65455\/revisions"}],"predecessor-version":[{"id":73128,"href":"https:\/\/staging.dyrsan.fr\/es\/wp-json\/wp\/v2\/product\/65455\/revisions\/73128"}],"wp:featuredmedia":[{"embeddable":true,"href":"https:\/\/staging.dyrsan.fr\/es\/wp-json\/wp\/v2\/media\/61080"}],"wp:attachment":[{"href":"https:\/\/staging.dyrsan.fr\/es\/wp-json\/wp\/v2\/media?parent=65455"}],"wp:term":[{"taxonomy":"product_brand","embeddable":true,"href":"https:\/\/staging.dyrsan.fr\/es\/wp-json\/wp\/v2\/product_brand?post=65455"},{"taxonomy":"product_cat","embeddable":true,"href":"https:\/\/staging.dyrsan.fr\/es\/wp-json\/wp\/v2\/product_cat?post=65455"},{"taxonomy":"product_tag","embeddable":true,"href":"https:\/\/staging.dyrsan.fr\/es\/wp-json\/wp\/v2\/product_tag?post=65455"}],"curies":[{"name":"wp","href":"https:\/\/api.w.org\/{rel}","templated":true}]}}