{"id":65443,"date":"2025-11-07T17:20:33","date_gmt":"2025-11-07T17:20:33","guid":{"rendered":"https:\/\/www.2027.staging.dyrsan.fr\/?post_type=product&#038;p=65443"},"modified":"2026-04-14T10:15:32","modified_gmt":"2026-04-14T10:15:32","slug":"tissu-en-resille-extensible-avec-flocage-coeur-velours","status":"publish","type":"product","link":"https:\/\/staging.dyrsan.fr\/es\/shop\/tissu-en-resille-extensible-avec-flocage-coeur-velours\/","title":{"rendered":"Tejido de rejilla el\u00e1stico con flocado de terciopelo en forma de coraz\u00f3n"},"content":{"rendered":"<p>Tissu en r\u00e9sille extensible avec flocage c\u0153ur velours, certifi\u00e9 OEKO-TEX\u00ae. L\u00e9ger et extensible, ce tissu r\u00e9sille d\u00e9coratif est id\u00e9al pour la confection de lingerie d\u00e9licate, de maillots de bain \u00e9l\u00e9gants et de cr\u00e9ations raffin\u00e9es n\u00e9cessitant transparence et confort.<\/p>\n<p>&nbsp;<\/p>\n<p><strong>Especificaciones t\u00e9cnicas:<\/strong><br \/>\nR\u00e9f\u00e9rence : DY68109<br \/>\nComposition : 83 % nylon, 17 % spandex<br \/>\nPeso: 67 g\/m\u00b2.<br \/>\nAnchura: 152 cm<br \/>\nLongitud del rollo: 147 cm<br \/>\nCouleur : blanc (personnalisable selon code Pantone)<br \/>\nCertificaci\u00f3n: OEKO-TEX<br \/>\nAspect : r\u00e9sille avec flocage c\u0153ur velours<br \/>\nPropiedades: extensible<br \/>\nUtilisation : lingerie, d\u00e9tails d\u00e9coratifs, maillots de bain<\/p>","protected":false},"excerpt":{"rendered":"<p>Tissu en r\u00e9sille extensible avec flocage c\u0153ur velours, certifi\u00e9 OEKO-TEX\u00ae. L\u00e9ger et extensible, ce tissu r\u00e9sille d\u00e9coratif est id\u00e9al pour la confection de lingerie d\u00e9licate, de maillots de bain \u00e9l\u00e9gants et de cr\u00e9ations raffin\u00e9es n\u00e9cessitant transparence et confort.<\/p>\n<p>&nbsp;<\/p>\n<p><strong>Especificaciones t\u00e9cnicas:<\/strong><br \/>\nR\u00e9f\u00e9rence : DY68109<br \/>\nComposition : 83 % nylon, 17 % spandex<br \/>\nPeso: 67 g\/m\u00b2.<br \/>\nAnchura: 152 cm<br \/>\nLongitud del rollo: 147 cm<br \/>\nCouleur : blanc (personnalisable selon code Pantone)<br \/>\nCertificaci\u00f3n: OEKO-TEX<br \/>\nAspect : r\u00e9sille avec flocage c\u0153ur velours<br \/>\nPropiedades: extensible<br \/>\nUtilisation : lingerie, d\u00e9tails d\u00e9coratifs, maillots de bain<\/p>","protected":false},"featured_media":61065,"comment_status":"closed","ping_status":"closed","template":"","meta":[],"product_brand":[370],"product_cat":[150,184,179],"product_tag":[154],"class_list":{"0":"post-65443","1":"product","2":"type-product","3":"status-publish","4":"has-post-thumbnail","6":"product_brand-dyrsan","7":"product_cat-tissus","8":"product_cat-tissus-eco-responsables","9":"product_cat-tissus-resilles","10":"product_tag-tissus-maillot-de-bain","12":"first","13":"instock","14":"taxable","15":"shipping-taxable","16":"purchasable","17":"product-type-simple"},"_links":{"self":[{"href":"https:\/\/staging.dyrsan.fr\/es\/wp-json\/wp\/v2\/product\/65443","targetHints":{"allow":["GET"]}}],"collection":[{"href":"https:\/\/staging.dyrsan.fr\/es\/wp-json\/wp\/v2\/product"}],"about":[{"href":"https:\/\/staging.dyrsan.fr\/es\/wp-json\/wp\/v2\/types\/product"}],"replies":[{"embeddable":true,"href":"https:\/\/staging.dyrsan.fr\/es\/wp-json\/wp\/v2\/comments?post=65443"}],"version-history":[{"count":5,"href":"https:\/\/staging.dyrsan.fr\/es\/wp-json\/wp\/v2\/product\/65443\/revisions"}],"predecessor-version":[{"id":74033,"href":"https:\/\/staging.dyrsan.fr\/es\/wp-json\/wp\/v2\/product\/65443\/revisions\/74033"}],"wp:featuredmedia":[{"embeddable":true,"href":"https:\/\/staging.dyrsan.fr\/es\/wp-json\/wp\/v2\/media\/61065"}],"wp:attachment":[{"href":"https:\/\/staging.dyrsan.fr\/es\/wp-json\/wp\/v2\/media?parent=65443"}],"wp:term":[{"taxonomy":"product_brand","embeddable":true,"href":"https:\/\/staging.dyrsan.fr\/es\/wp-json\/wp\/v2\/product_brand?post=65443"},{"taxonomy":"product_cat","embeddable":true,"href":"https:\/\/staging.dyrsan.fr\/es\/wp-json\/wp\/v2\/product_cat?post=65443"},{"taxonomy":"product_tag","embeddable":true,"href":"https:\/\/staging.dyrsan.fr\/es\/wp-json\/wp\/v2\/product_tag?post=65443"}],"curies":[{"name":"wp","href":"https:\/\/api.w.org\/{rel}","templated":true}]}}