{"id":65401,"date":"2025-08-29T20:31:38","date_gmt":"2025-08-29T20:31:38","guid":{"rendered":"https:\/\/www.2027.staging.dyrsan.fr\/?post_type=product&#038;p=65401"},"modified":"2026-04-14T10:14:38","modified_gmt":"2026-04-14T10:14:38","slug":"tissu-en-microfibre-recycle-lisse-et-doux","status":"publish","type":"product","link":"https:\/\/staging.dyrsan.fr\/es\/shop\/tissu-en-microfibre-recycle-lisse-et-doux\/","title":{"rendered":"Tejido de microfibra reciclada suave y liso"},"content":{"rendered":"<p>Tissu en microfibre recycl\u00e9 lisse et doux, extensible et confortable. Ce tissu microfibre recycl\u00e9 offre un toucher soyeux, une excellente \u00e9lasticit\u00e9 et un bon maintien, id\u00e9al pour la confection de maillots de bain \u00e9l\u00e9gants, durables et performants.<\/p>\n<p>&nbsp;<\/p>\n<p><strong>Especificaciones t\u00e9cnicas:<\/strong><br \/>\nR\u00e9f\u00e9rence : DY92085BR<br \/>\nComposition : 66 % nylon recycl\u00e9, 34 % spandex<br \/>\nPeso: 200 g\/m\u00b2.<br \/>\nAnchura: 150 cm<br \/>\nColor: personalizable seg\u00fan c\u00f3digo Pantone<br \/>\nCertification : OEKO-TEX\u00ae \u2013 GRS<br \/>\nAspect : microfibre lisse et douce<br \/>\nPropri\u00e9t\u00e9s : extensible, doux au toucher, respirant, r\u00e9sistant, s\u00e9chage rapide<br \/>\nUtilisation : maillots de bain, lingerie, v\u00eatements de sport, beachwear<br \/>\nPrix indicatif : \u00e0 partir de 20,30 \u20ac \/ m<\/p>","protected":false},"excerpt":{"rendered":"<p>Tissu en microfibre recycl\u00e9 lisse et doux, extensible et confortable. Ce tissu microfibre recycl\u00e9 offre un toucher soyeux, une excellente \u00e9lasticit\u00e9 et un bon maintien, id\u00e9al pour la confection de maillots de bain \u00e9l\u00e9gants, durables et performants.<\/p>\n<p>&nbsp;<\/p>\n<p><strong>Especificaciones t\u00e9cnicas:<\/strong><br \/>\nR\u00e9f\u00e9rence : DY92085BR<br \/>\nComposition : 66 % nylon recycl\u00e9, 34 % spandex<br \/>\nPeso: 200 g\/m\u00b2.<br \/>\nAnchura: 150 cm<br \/>\nColor: personalizable seg\u00fan c\u00f3digo Pantone<br \/>\nCertification : OEKO-TEX\u00ae \u2013 GRS<br \/>\nAspect : microfibre lisse et douce<br \/>\nPropri\u00e9t\u00e9s : extensible, doux au toucher, respirant, r\u00e9sistant, s\u00e9chage rapide<br \/>\nUtilisation : maillots de bain, lingerie, v\u00eatements de sport, beachwear<br \/>\nPrix indicatif : \u00e0 partir de 20,30 \u20ac \/ m<\/p>\n<div id=\"simple-translate\" class=\"simple-translate-system-theme\">\n<div>\n<div class=\"simple-translate-button isShow\" style=\"background-image: url('chrome-extension:\/\/cllnohpbfenopiakdcjmjcbaeapmkcdl\/icons\/512.png'); height: 22px; width: 22px; top: 115px; left: 196px;\"><\/div>\n<div class=\"simple-translate-panel\" style=\"width: 300px; height: 200px; top: 0px; left: 0px; font-size: 13px;\">\n<div class=\"simple-translate-result-wrapper\" style=\"overflow: hidden;\">\n<div class=\"simple-translate-move\" draggable=\"true\"><\/div>\n<div class=\"simple-translate-result-contents\">\n<p class=\"simple-translate-result\" dir=\"auto\">\n<p class=\"simple-translate-candidate\" dir=\"auto\">\n<\/div>\n<\/div>\n<\/div>\n<\/div>\n<\/div>","protected":false},"featured_media":61035,"comment_status":"closed","ping_status":"closed","template":"","meta":[],"product_brand":[370],"product_cat":[150,184,151,178,197],"product_tag":[181,199],"class_list":{"0":"post-65401","1":"product","2":"type-product","3":"status-publish","4":"has-post-thumbnail","6":"product_brand-dyrsan","7":"product_cat-tissus","8":"product_cat-tissus-eco-responsables","9":"product_cat-tissus-lycra-extensibles","10":"product_cat-tissus-microfibres","11":"product_cat-tissus-recycles","12":"product_tag-maille-jacquard","13":"product_tag-tissu-leger","15":"first","16":"instock","17":"taxable","18":"shipping-taxable","19":"purchasable","20":"product-type-variable","21":"has-default-attributes"},"_links":{"self":[{"href":"https:\/\/staging.dyrsan.fr\/es\/wp-json\/wp\/v2\/product\/65401","targetHints":{"allow":["GET"]}}],"collection":[{"href":"https:\/\/staging.dyrsan.fr\/es\/wp-json\/wp\/v2\/product"}],"about":[{"href":"https:\/\/staging.dyrsan.fr\/es\/wp-json\/wp\/v2\/types\/product"}],"replies":[{"embeddable":true,"href":"https:\/\/staging.dyrsan.fr\/es\/wp-json\/wp\/v2\/comments?post=65401"}],"version-history":[{"count":8,"href":"https:\/\/staging.dyrsan.fr\/es\/wp-json\/wp\/v2\/product\/65401\/revisions"}],"predecessor-version":[{"id":74932,"href":"https:\/\/staging.dyrsan.fr\/es\/wp-json\/wp\/v2\/product\/65401\/revisions\/74932"}],"wp:featuredmedia":[{"embeddable":true,"href":"https:\/\/staging.dyrsan.fr\/es\/wp-json\/wp\/v2\/media\/61035"}],"wp:attachment":[{"href":"https:\/\/staging.dyrsan.fr\/es\/wp-json\/wp\/v2\/media?parent=65401"}],"wp:term":[{"taxonomy":"product_brand","embeddable":true,"href":"https:\/\/staging.dyrsan.fr\/es\/wp-json\/wp\/v2\/product_brand?post=65401"},{"taxonomy":"product_cat","embeddable":true,"href":"https:\/\/staging.dyrsan.fr\/es\/wp-json\/wp\/v2\/product_cat?post=65401"},{"taxonomy":"product_tag","embeddable":true,"href":"https:\/\/staging.dyrsan.fr\/es\/wp-json\/wp\/v2\/product_tag?post=65401"}],"curies":[{"name":"wp","href":"https:\/\/api.w.org\/{rel}","templated":true}]}}