{"id":65398,"date":"2025-08-29T20:31:38","date_gmt":"2025-08-29T20:31:38","guid":{"rendered":"https:\/\/www.2027.staging.dyrsan.fr\/?post_type=product&#038;p=65398"},"modified":"2026-04-14T10:17:48","modified_gmt":"2026-04-14T10:17:48","slug":"tissu-en-lurex-metallise-leger-stretch-et-brillant","status":"publish","type":"product","link":"https:\/\/staging.dyrsan.fr\/es\/shop\/tissu-en-lurex-metallise-leger-stretch-et-brillant\/","title":{"rendered":"Tejido ligero de l\u00farex metalizado con elasticidad y brillo"},"content":{"rendered":"<p>Tissu en lurex m\u00e9tallis\u00e9 l\u00e9ger stretch et brillant, extensible et certifi\u00e9 OEKO-TEX\u00ae. Ce tissu lurex m\u00e9tallis\u00e9 offre un rendu lumineux et \u00e9l\u00e9gant, id\u00e9al pour la cr\u00e9ation de maillots de bain, v\u00eatements de sc\u00e8ne et pi\u00e8ces mode brillantes.<\/p>\n<p>&nbsp;<\/p>\n<p><strong>Especificaciones t\u00e9cnicas:<\/strong><br \/>\nN\u00famero de cat\u00e1logo : DY98276<br \/>\nComposition : 72 % nylon, 15 % spandex, 13 % metallic<br \/>\nPeso: 170 g\/m\u00b2.<br \/>\nAnchura: 150 cm<br \/>\nCouleur : m\u00e9tallis\u00e9 (personnalisable selon le code Pantone)<br \/>\nCertificaci\u00f3n: OEKO-TEX<br \/>\nAspect : lurex m\u00e9tallis\u00e9 fin, brillant et uniforme<br \/>\nPropri\u00e9t\u00e9s : extensible, l\u00e9ger, brillant, confortable<br \/>\nUtilisation : maillots de bain, beachwear, v\u00eatements de sc\u00e8ne, lingerie, pi\u00e8ces mode<\/p>","protected":false},"excerpt":{"rendered":"<p>Tissu en lurex m\u00e9tallis\u00e9 l\u00e9ger stretch et brillant, extensible et certifi\u00e9 OEKO-TEX\u00ae. Ce tissu lurex m\u00e9tallis\u00e9 offre un rendu lumineux et \u00e9l\u00e9gant, id\u00e9al pour la cr\u00e9ation de maillots de bain, v\u00eatements de sc\u00e8ne et pi\u00e8ces mode brillantes.<\/p>\n<p>&nbsp;<\/p>\n<p><strong>Especificaciones t\u00e9cnicas:<\/strong><br \/>\nN\u00famero de cat\u00e1logo : DY98276<br \/>\nComposition : 72 % nylon, 15 % spandex, 13 % metallic<br \/>\nPeso: 170 g\/m\u00b2.<br \/>\nAnchura: 150 cm<br \/>\nCouleur : m\u00e9tallis\u00e9 (personnalisable selon le code Pantone)<br \/>\nCertificaci\u00f3n: OEKO-TEX<br \/>\nAspect : lurex m\u00e9tallis\u00e9 fin, brillant et uniforme<br \/>\nPropri\u00e9t\u00e9s : extensible, l\u00e9ger, brillant, confortable<br \/>\nUtilisation : maillots de bain, beachwear, v\u00eatements de sc\u00e8ne, lingerie, pi\u00e8ces mode<\/p>","protected":false},"featured_media":61023,"comment_status":"closed","ping_status":"closed","template":"","meta":[],"product_brand":[370],"product_cat":[150,193],"product_tag":[194,154],"class_list":{"0":"post-65398","1":"product","2":"type-product","3":"status-publish","4":"has-post-thumbnail","6":"product_brand-dyrsan","7":"product_cat-tissus","8":"product_cat-tissus-lurex-brillants","9":"product_tag-tissu-brillant","10":"product_tag-tissus-maillot-de-bain","12":"first","13":"instock","14":"taxable","15":"shipping-taxable","16":"purchasable","17":"product-type-simple"},"_links":{"self":[{"href":"https:\/\/staging.dyrsan.fr\/es\/wp-json\/wp\/v2\/product\/65398","targetHints":{"allow":["GET"]}}],"collection":[{"href":"https:\/\/staging.dyrsan.fr\/es\/wp-json\/wp\/v2\/product"}],"about":[{"href":"https:\/\/staging.dyrsan.fr\/es\/wp-json\/wp\/v2\/types\/product"}],"replies":[{"embeddable":true,"href":"https:\/\/staging.dyrsan.fr\/es\/wp-json\/wp\/v2\/comments?post=65398"}],"version-history":[{"count":8,"href":"https:\/\/staging.dyrsan.fr\/es\/wp-json\/wp\/v2\/product\/65398\/revisions"}],"predecessor-version":[{"id":74887,"href":"https:\/\/staging.dyrsan.fr\/es\/wp-json\/wp\/v2\/product\/65398\/revisions\/74887"}],"wp:featuredmedia":[{"embeddable":true,"href":"https:\/\/staging.dyrsan.fr\/es\/wp-json\/wp\/v2\/media\/61023"}],"wp:attachment":[{"href":"https:\/\/staging.dyrsan.fr\/es\/wp-json\/wp\/v2\/media?parent=65398"}],"wp:term":[{"taxonomy":"product_brand","embeddable":true,"href":"https:\/\/staging.dyrsan.fr\/es\/wp-json\/wp\/v2\/product_brand?post=65398"},{"taxonomy":"product_cat","embeddable":true,"href":"https:\/\/staging.dyrsan.fr\/es\/wp-json\/wp\/v2\/product_cat?post=65398"},{"taxonomy":"product_tag","embeddable":true,"href":"https:\/\/staging.dyrsan.fr\/es\/wp-json\/wp\/v2\/product_tag?post=65398"}],"curies":[{"name":"wp","href":"https:\/\/api.w.org\/{rel}","templated":true}]}}