{"id":65390,"date":"2025-08-29T20:31:37","date_gmt":"2025-08-29T20:31:37","guid":{"rendered":"https:\/\/www.2027.staging.dyrsan.fr\/?post_type=product&#038;p=65390"},"modified":"2026-04-14T10:13:49","modified_gmt":"2026-04-14T10:13:49","slug":"maille-jacquard-extensible-rose-certifiee-oeko-tex","status":"publish","type":"product","link":"https:\/\/staging.dyrsan.fr\/es\/shop\/maille-jacquard-extensible-rose-certifiee-oeko-tex\/","title":{"rendered":"Punto jacquard el\u00e1stico rosa certificado OEKO-TEX"},"content":{"rendered":"<p>Maille jacquard extensible rose certifi\u00e9e OEKO-TEX\u00ae. Cette maille jacquard offre un relief ray\u00e9 d\u00e9licat et une excellente \u00e9lasticit\u00e9, id\u00e9ale pour la confection de maillots de bain, lingerie et v\u00eatements stretch. Sa structure souple et confortable assure un rendu esth\u00e9tique et technique.<\/p>\n<p>&nbsp;<\/p>\n<p><strong>Especificaciones t\u00e9cnicas:<\/strong><br \/>\nR\u00e9f\u00e9rence : DY96293<br \/>\nComposici\u00f3n: 84 % nailon, 16 % elast\u00e1n<br \/>\nPoids : 156 g\/m\u00b2, 113 g\/m\u00b2<br \/>\nAnchura: 155 cm<br \/>\nLongueur du rouleau : 150 cm<br \/>\nCouleur : rose (personnalisable selon code Pantone)<br \/>\nCertificaci\u00f3n: OEKO-TEX<br \/>\nAspect : maille jacquard \u00e0 rayures textur\u00e9es<br \/>\nPropiedades: extensible<br \/>\nUtilisation : maillots de bain, lingerie, v\u00eatements stretch<\/p>","protected":false},"excerpt":{"rendered":"<p>Maille jacquard extensible rose certifi\u00e9e OEKO-TEX\u00ae. Cette maille jacquard offre un relief ray\u00e9 d\u00e9licat et une excellente \u00e9lasticit\u00e9, id\u00e9ale pour la confection de maillots de bain, lingerie et v\u00eatements stretch. Sa structure souple et confortable assure un rendu esth\u00e9tique et technique.<\/p>\n<p>&nbsp;<\/p>\n<p><strong>Especificaciones t\u00e9cnicas:<\/strong><br \/>\nR\u00e9f\u00e9rence : DY96293<br \/>\nComposici\u00f3n: 84 % nailon, 16 % elast\u00e1n<br \/>\nPoids : 156 g\/m\u00b2, 113 g\/m\u00b2<br \/>\nAnchura: 155 cm<br \/>\nLongueur du rouleau : 150 cm<br \/>\nCouleur : rose (personnalisable selon code Pantone)<br \/>\nCertificaci\u00f3n: OEKO-TEX<br \/>\nAspect : maille jacquard \u00e0 rayures textur\u00e9es<br \/>\nPropiedades: extensible<br \/>\nUtilisation : maillots de bain, lingerie, v\u00eatements stretch<\/p>","protected":false},"featured_media":60994,"comment_status":"closed","ping_status":"closed","template":"","meta":[],"product_brand":[370],"product_cat":[150,180,455,456],"product_tag":[181,182,154],"class_list":{"0":"post-65390","1":"product","2":"type-product","3":"status-publish","4":"has-post-thumbnail","6":"product_brand-dyrsan","7":"product_cat-tissus","8":"product_cat-tissus-mailles-jacquard","9":"product_cat-tissus-maillots-de-bain","10":"product_cat-tissus-pour-lingerie","11":"product_tag-maille-jacquard","12":"product_tag-tissu-a-rayures","13":"product_tag-tissus-maillot-de-bain","15":"first","16":"instock","17":"taxable","18":"shipping-taxable","19":"purchasable","20":"product-type-simple"},"_links":{"self":[{"href":"https:\/\/staging.dyrsan.fr\/es\/wp-json\/wp\/v2\/product\/65390","targetHints":{"allow":["GET"]}}],"collection":[{"href":"https:\/\/staging.dyrsan.fr\/es\/wp-json\/wp\/v2\/product"}],"about":[{"href":"https:\/\/staging.dyrsan.fr\/es\/wp-json\/wp\/v2\/types\/product"}],"replies":[{"embeddable":true,"href":"https:\/\/staging.dyrsan.fr\/es\/wp-json\/wp\/v2\/comments?post=65390"}],"version-history":[{"count":5,"href":"https:\/\/staging.dyrsan.fr\/es\/wp-json\/wp\/v2\/product\/65390\/revisions"}],"predecessor-version":[{"id":74923,"href":"https:\/\/staging.dyrsan.fr\/es\/wp-json\/wp\/v2\/product\/65390\/revisions\/74923"}],"wp:featuredmedia":[{"embeddable":true,"href":"https:\/\/staging.dyrsan.fr\/es\/wp-json\/wp\/v2\/media\/60994"}],"wp:attachment":[{"href":"https:\/\/staging.dyrsan.fr\/es\/wp-json\/wp\/v2\/media?parent=65390"}],"wp:term":[{"taxonomy":"product_brand","embeddable":true,"href":"https:\/\/staging.dyrsan.fr\/es\/wp-json\/wp\/v2\/product_brand?post=65390"},{"taxonomy":"product_cat","embeddable":true,"href":"https:\/\/staging.dyrsan.fr\/es\/wp-json\/wp\/v2\/product_cat?post=65390"},{"taxonomy":"product_tag","embeddable":true,"href":"https:\/\/staging.dyrsan.fr\/es\/wp-json\/wp\/v2\/product_tag?post=65390"}],"curies":[{"name":"wp","href":"https:\/\/api.w.org\/{rel}","templated":true}]}}