{"id":65379,"date":"2025-08-29T20:31:36","date_gmt":"2025-08-29T20:31:36","guid":{"rendered":"https:\/\/www.2027.staging.dyrsan.fr\/?post_type=product&#038;p=65379"},"modified":"2026-04-03T17:54:48","modified_gmt":"2026-04-03T17:54:48","slug":"fermoir-attache-en-metal-couleur-argent-38-mm","status":"publish","type":"product","link":"https:\/\/staging.dyrsan.fr\/es\/shop\/fermoir-attache-en-metal-couleur-argent-38-mm\/","title":{"rendered":"Cierre met\u00e1lico plateado de 38 mm"},"content":{"rendered":"<p>Este cierre met\u00e1lico plateado de 38 mm es ideal para sujetar prendas, trajes de ba\u00f1o, lencer\u00eda y accesorios textiles. S\u00f3lido y atractivo, garantiza un cierre fiable con un acabado profesional.<\/p>\n<p>&nbsp;<\/p>\n<p><strong>Especificaciones t\u00e9cnicas:<\/strong><br \/>\nReferencia : DYD4590B<br \/>\nMaterial(es): Metal<br \/>\nColor: plata<br \/>\nTama\u00f1o: 38 mm<br \/>\nPeso : 14 g<br \/>\nTratamiento de superficie: Pulido espejo y galvanoplastia<br \/>\nPresentaci\u00f3n : Vendido en paquetes de 100<br \/>\nDisponibilidad: Por encargo<br \/>\nEntrega: Entrega en un plazo m\u00e1ximo de 4 semanas<\/p>","protected":false},"excerpt":{"rendered":"<p>Este cierre met\u00e1lico plateado de 38 mm es ideal para sujetar prendas, trajes de ba\u00f1o, lencer\u00eda y accesorios textiles. S\u00f3lido y atractivo, garantiza un cierre fiable con un acabado profesional.<\/p>\n<p>&nbsp;<\/p>\n<p><strong>Especificaciones t\u00e9cnicas:<\/strong><br \/>\nReferencia : DYD4590B<br \/>\nMaterial(es): Metal<br \/>\nColor: plata<br \/>\nTama\u00f1o: 38 mm<br \/>\nPeso : 14 g<br \/>\nTratamiento de superficie: Pulido espejo y galvanoplastia<br \/>\nPresentaci\u00f3n : Vendido en paquetes de 100<br \/>\nDisponibilidad: Por encargo<br \/>\nEntrega: Entrega en un plazo m\u00e1ximo de 4 semanas<\/p>","protected":false},"featured_media":60957,"comment_status":"closed","ping_status":"closed","template":"","meta":[],"product_brand":[],"product_cat":[140,147],"product_tag":[376,375],"class_list":{"0":"post-65379","1":"product","2":"type-product","3":"status-publish","4":"has-post-thumbnail","6":"product_cat-accessoires","7":"product_cat-fermoirs","8":"product_tag-attache","9":"product_tag-fermoir","10":"product_shipping_class-1-a-2kg","12":"first","13":"instock","14":"taxable","15":"shipping-taxable","16":"purchasable","17":"product-type-simple"},"_links":{"self":[{"href":"https:\/\/staging.dyrsan.fr\/es\/wp-json\/wp\/v2\/product\/65379","targetHints":{"allow":["GET"]}}],"collection":[{"href":"https:\/\/staging.dyrsan.fr\/es\/wp-json\/wp\/v2\/product"}],"about":[{"href":"https:\/\/staging.dyrsan.fr\/es\/wp-json\/wp\/v2\/types\/product"}],"replies":[{"embeddable":true,"href":"https:\/\/staging.dyrsan.fr\/es\/wp-json\/wp\/v2\/comments?post=65379"}],"version-history":[{"count":5,"href":"https:\/\/staging.dyrsan.fr\/es\/wp-json\/wp\/v2\/product\/65379\/revisions"}],"predecessor-version":[{"id":73734,"href":"https:\/\/staging.dyrsan.fr\/es\/wp-json\/wp\/v2\/product\/65379\/revisions\/73734"}],"wp:featuredmedia":[{"embeddable":true,"href":"https:\/\/staging.dyrsan.fr\/es\/wp-json\/wp\/v2\/media\/60957"}],"wp:attachment":[{"href":"https:\/\/staging.dyrsan.fr\/es\/wp-json\/wp\/v2\/media?parent=65379"}],"wp:term":[{"taxonomy":"product_brand","embeddable":true,"href":"https:\/\/staging.dyrsan.fr\/es\/wp-json\/wp\/v2\/product_brand?post=65379"},{"taxonomy":"product_cat","embeddable":true,"href":"https:\/\/staging.dyrsan.fr\/es\/wp-json\/wp\/v2\/product_cat?post=65379"},{"taxonomy":"product_tag","embeddable":true,"href":"https:\/\/staging.dyrsan.fr\/es\/wp-json\/wp\/v2\/product_tag?post=65379"}],"curies":[{"name":"wp","href":"https:\/\/api.w.org\/{rel}","templated":true}]}}