{"id":65346,"date":"2025-08-29T20:31:30","date_gmt":"2025-08-29T20:31:30","guid":{"rendered":"https:\/\/www.2027.staging.dyrsan.fr\/?post_type=product&#038;p=65346"},"modified":"2026-04-03T17:54:55","modified_gmt":"2026-04-03T17:54:55","slug":"grand-separateur-en-metal-dore-75-mm","status":"publish","type":"product","link":"https:\/\/staging.dyrsan.fr\/es\/shop\/grand-separateur-en-metal-dore-75-mm\/","title":{"rendered":"Divisor grande de 75 mm de metal chapado en oro"},"content":{"rendered":"<p>Este gran separador met\u00e1lico dorado de 75 mm es ideal para creaciones textiles de alta gama, trajes de ba\u00f1o, lencer\u00eda y accesorios. S\u00f3lido y elegante, ofrece una excelente resistencia al agua y a la corrosi\u00f3n, al tiempo que proporciona un acabado refinado y profesional.<\/p>\n<p>&nbsp;<\/p>\n<p><strong>Especificaciones t\u00e9cnicas:<\/strong><br \/>\nN\u00famero de cat\u00e1logo : DY1745<br \/>\nMaterial(es): Metal<br \/>\nColor: dorado<br \/>\nTama\u00f1o: 75 mm<br \/>\nPeso : 54 g<\/p>\n<p>&nbsp;<\/p>\n<p><strong>Propiedades t\u00e9cnicas:<\/strong><br \/>\nTratamiento de superficie: Pulido espejo y galvanoplastia<br \/>\nPresentaci\u00f3n : Vendido en paquetes de 100<br \/>\nPlazo de entrega: Pedido personalizado - Entrega en un plazo m\u00e1ximo de 4 semanas<br \/>\nNormas cumplidas: sin plomo, n\u00edquel ni cromo - conforme a las normas OEKO<br \/>\nResistencia: Apto para entornos acu\u00e1ticos (cloro, agua de mar, corrosi\u00f3n)<\/p>","protected":false},"excerpt":{"rendered":"<p>Este gran separador met\u00e1lico dorado de 75 mm es ideal para creaciones textiles de alta gama, trajes de ba\u00f1o, lencer\u00eda y accesorios. S\u00f3lido y elegante, ofrece una excelente resistencia al agua y a la corrosi\u00f3n, al tiempo que proporciona un acabado refinado y profesional.<\/p>\n<p>&nbsp;<\/p>\n<p><strong>Especificaciones t\u00e9cnicas:<\/strong><br \/>\nN\u00famero de cat\u00e1logo : DY1745<br \/>\nMaterial(es): Metal<br \/>\nColor: dorado<br \/>\nTama\u00f1o: 75 mm<br \/>\nPeso : 54 g<\/p>\n<p>&nbsp;<\/p>\n<p><strong>Propiedades t\u00e9cnicas:<\/strong><br \/>\nTratamiento de superficie: Pulido espejo y galvanoplastia<br \/>\nPresentaci\u00f3n : Vendido en paquetes de 100<br \/>\nPlazo de entrega: Pedido personalizado - Entrega en un plazo m\u00e1ximo de 4 semanas<br \/>\nNormas cumplidas: sin plomo, n\u00edquel ni cromo - conforme a las normas OEKO<br \/>\nResistencia: Apto para entornos acu\u00e1ticos (cloro, agua de mar, corrosi\u00f3n)<\/p>","protected":false},"featured_media":60943,"comment_status":"closed","ping_status":"closed","template":"","meta":[],"product_brand":[],"product_cat":[156,140],"product_tag":[373],"class_list":{"0":"post-65346","1":"product","2":"type-product","3":"status-publish","4":"has-post-thumbnail","6":"product_cat-separateurs","7":"product_cat-accessoires","8":"product_tag-separateur","9":"product_shipping_class-1-a-2kg","11":"first","12":"instock","13":"taxable","14":"shipping-taxable","15":"purchasable","16":"product-type-simple"},"_links":{"self":[{"href":"https:\/\/staging.dyrsan.fr\/es\/wp-json\/wp\/v2\/product\/65346","targetHints":{"allow":["GET"]}}],"collection":[{"href":"https:\/\/staging.dyrsan.fr\/es\/wp-json\/wp\/v2\/product"}],"about":[{"href":"https:\/\/staging.dyrsan.fr\/es\/wp-json\/wp\/v2\/types\/product"}],"replies":[{"embeddable":true,"href":"https:\/\/staging.dyrsan.fr\/es\/wp-json\/wp\/v2\/comments?post=65346"}],"version-history":[{"count":5,"href":"https:\/\/staging.dyrsan.fr\/es\/wp-json\/wp\/v2\/product\/65346\/revisions"}],"predecessor-version":[{"id":73177,"href":"https:\/\/staging.dyrsan.fr\/es\/wp-json\/wp\/v2\/product\/65346\/revisions\/73177"}],"wp:featuredmedia":[{"embeddable":true,"href":"https:\/\/staging.dyrsan.fr\/es\/wp-json\/wp\/v2\/media\/60943"}],"wp:attachment":[{"href":"https:\/\/staging.dyrsan.fr\/es\/wp-json\/wp\/v2\/media?parent=65346"}],"wp:term":[{"taxonomy":"product_brand","embeddable":true,"href":"https:\/\/staging.dyrsan.fr\/es\/wp-json\/wp\/v2\/product_brand?post=65346"},{"taxonomy":"product_cat","embeddable":true,"href":"https:\/\/staging.dyrsan.fr\/es\/wp-json\/wp\/v2\/product_cat?post=65346"},{"taxonomy":"product_tag","embeddable":true,"href":"https:\/\/staging.dyrsan.fr\/es\/wp-json\/wp\/v2\/product_tag?post=65346"}],"curies":[{"name":"wp","href":"https:\/\/api.w.org\/{rel}","templated":true}]}}