{"id":65345,"date":"2025-08-29T20:31:30","date_gmt":"2025-08-29T20:31:30","guid":{"rendered":"https:\/\/www.2027.staging.dyrsan.fr\/?post_type=product&#038;p=65345"},"modified":"2026-04-03T17:54:58","modified_gmt":"2026-04-03T17:54:58","slug":"separateur-en-metal-dore-en-forme-de-u","status":"publish","type":"product","link":"https:\/\/staging.dyrsan.fr\/es\/shop\/separateur-en-metal-dore-en-forme-de-u\/","title":{"rendered":"Divisor met\u00e1lico dorado en forma de U"},"content":{"rendered":"<p>Este separador dorado en forma de U es ideal para estructurar y sujetar tirantes en ba\u00f1adores, bikinis, lencer\u00eda y prendas de vestir. Su acabado dorado a\u00f1ade un toque elegante y profesional a las creaciones textiles.<\/p>\n<p>&nbsp;<\/p>\n<p><strong>Especificaciones t\u00e9cnicas:<\/strong><br \/>\nN\u00famero de cat\u00e1logo : DY0295<br \/>\nMaterial(es): Metal<br \/>\nColor: dorado<br \/>\nForma: U<\/p>\n<p>&nbsp;<\/p>\n<p><strong>Propiedades t\u00e9cnicas:<\/strong><\/p>\n<p>A medida: disponible en tama\u00f1os personalizados y en distintos acabados (oro amarillo, oro amarillo brillante, oro rosa, plata, gris acero, bronce dorado) para adaptarse a sus dise\u00f1os.<br \/>\nPedidos al por mayor: precios bajos y opciones flexibles para sus colecciones.<br \/>\nDurabilidad excepcional: resiste los lavados sin alterar su aspecto.<br \/>\nRendimiento garantizado: alta resistencia a la tracci\u00f3n para un uso fiable y duradero.<br \/>\nProtecci\u00f3n avanzada: Perfecta para entornos acu\u00e1ticos gracias a su resistencia al cloro, al agua de mar y a la corrosi\u00f3n.<br \/>\nNormas cumplidas: sin plomo, n\u00edquel ni cromo, conforme a OEKO y respetuoso con el medio ambiente.<br \/>\nCompromiso con la calidad: materiales cuidadosamente seleccionados para unos acabados elegantes y duraderos.<\/p>","protected":false},"excerpt":{"rendered":"<p>Este separador dorado en forma de U es ideal para estructurar y sujetar tirantes en ba\u00f1adores, bikinis, lencer\u00eda y prendas de vestir. Su acabado dorado a\u00f1ade un toque elegante y profesional a las creaciones textiles.<\/p>\n<p>&nbsp;<\/p>\n<p><strong>Especificaciones t\u00e9cnicas:<\/strong><br \/>\nN\u00famero de cat\u00e1logo : DY0295<br \/>\nMaterial(es): Metal<br \/>\nColor: dorado<br \/>\nForma: U<\/p>\n<p>&nbsp;<\/p>\n<p><strong>Propiedades t\u00e9cnicas:<\/strong><\/p>\n<p>A medida: disponible en tama\u00f1os personalizados y en distintos acabados (oro amarillo, oro amarillo brillante, oro rosa, plata, gris acero, bronce dorado) para adaptarse a sus dise\u00f1os.<br \/>\nPedidos al por mayor: precios bajos y opciones flexibles para sus colecciones.<br \/>\nDurabilidad excepcional: resiste los lavados sin alterar su aspecto.<br \/>\nRendimiento garantizado: alta resistencia a la tracci\u00f3n para un uso fiable y duradero.<br \/>\nProtecci\u00f3n avanzada: Perfecta para entornos acu\u00e1ticos gracias a su resistencia al cloro, al agua de mar y a la corrosi\u00f3n.<br \/>\nNormas cumplidas: sin plomo, n\u00edquel ni cromo, conforme a OEKO y respetuoso con el medio ambiente.<br \/>\nCompromiso con la calidad: materiales cuidadosamente seleccionados para unos acabados elegantes y duraderos.<\/p>","protected":false},"featured_media":60936,"comment_status":"closed","ping_status":"closed","template":"","meta":[],"product_brand":[],"product_cat":[156,140,149],"product_tag":[373],"class_list":{"0":"post-65345","1":"product","2":"type-product","3":"status-publish","4":"has-post-thumbnail","6":"product_cat-separateurs","7":"product_cat-accessoires","8":"product_cat-connecteurs","9":"product_tag-separateur","10":"product_shipping_class-1-a-2kg","12":"first","13":"instock","14":"taxable","15":"shipping-taxable","16":"purchasable","17":"product-type-simple"},"_links":{"self":[{"href":"https:\/\/staging.dyrsan.fr\/es\/wp-json\/wp\/v2\/product\/65345","targetHints":{"allow":["GET"]}}],"collection":[{"href":"https:\/\/staging.dyrsan.fr\/es\/wp-json\/wp\/v2\/product"}],"about":[{"href":"https:\/\/staging.dyrsan.fr\/es\/wp-json\/wp\/v2\/types\/product"}],"replies":[{"embeddable":true,"href":"https:\/\/staging.dyrsan.fr\/es\/wp-json\/wp\/v2\/comments?post=65345"}],"version-history":[{"count":3,"href":"https:\/\/staging.dyrsan.fr\/es\/wp-json\/wp\/v2\/product\/65345\/revisions"}],"predecessor-version":[{"id":73175,"href":"https:\/\/staging.dyrsan.fr\/es\/wp-json\/wp\/v2\/product\/65345\/revisions\/73175"}],"wp:featuredmedia":[{"embeddable":true,"href":"https:\/\/staging.dyrsan.fr\/es\/wp-json\/wp\/v2\/media\/60936"}],"wp:attachment":[{"href":"https:\/\/staging.dyrsan.fr\/es\/wp-json\/wp\/v2\/media?parent=65345"}],"wp:term":[{"taxonomy":"product_brand","embeddable":true,"href":"https:\/\/staging.dyrsan.fr\/es\/wp-json\/wp\/v2\/product_brand?post=65345"},{"taxonomy":"product_cat","embeddable":true,"href":"https:\/\/staging.dyrsan.fr\/es\/wp-json\/wp\/v2\/product_cat?post=65345"},{"taxonomy":"product_tag","embeddable":true,"href":"https:\/\/staging.dyrsan.fr\/es\/wp-json\/wp\/v2\/product_tag?post=65345"}],"curies":[{"name":"wp","href":"https:\/\/api.w.org\/{rel}","templated":true}]}}