{"id":65340,"date":"2025-08-29T20:31:29","date_gmt":"2025-08-29T20:31:29","guid":{"rendered":"https:\/\/www.2027.staging.dyrsan.fr\/?post_type=product&#038;p=65340"},"modified":"2026-04-03T17:55:08","modified_gmt":"2026-04-03T17:55:08","slug":"grand-passant-en-metal-dore","status":"publish","type":"product","link":"https:\/\/staging.dyrsan.fr\/es\/shop\/grand-passant-en-metal-dore\/","title":{"rendered":"Gran lazo de metal dorado"},"content":{"rendered":"<p>Este gran lazo met\u00e1lico dorado es ideal para pasar y sujetar tirantes, cinchas y cintas textiles. S\u00f3lido y elegante, da un acabado de alta gama a trajes de ba\u00f1o, bikinis, lencer\u00eda y creaciones textiles profesionales.<\/p>\n<p>&nbsp;<\/p>\n<p><strong>Especificaciones t\u00e9cnicas:<\/strong><br \/>\nReferencia : DYG0169<br \/>\nMaterial(es): Metal<br \/>\nColor: dorado<\/p>\n<p>&nbsp;<\/p>\n<p><strong>Propiedades t\u00e9cnicas:<\/strong><br \/>\nA medida: disponible en tama\u00f1os personalizados y en distintos acabados (oro amarillo, oro amarillo brillante, oro rosa, plata, gris acero, bronce dorado) para adaptarse a sus dise\u00f1os.<br \/>\nPedidos al por mayor: precios bajos y opciones flexibles para sus colecciones.<br \/>\nDurabilidad excepcional: resiste los lavados sin alterar su aspecto.<br \/>\nRendimiento garantizado: alta resistencia a la tracci\u00f3n para un uso fiable y duradero.<br \/>\nProtecci\u00f3n avanzada: Perfecta para entornos acu\u00e1ticos gracias a su resistencia al cloro, al agua de mar y a la corrosi\u00f3n.<br \/>\nNormas cumplidas: sin plomo, n\u00edquel ni cromo, conforme a OEKO y respetuoso con el medio ambiente.<br \/>\nCompromiso con la calidad: materiales cuidadosamente seleccionados para unos acabados elegantes y duraderos.<\/p>","protected":false},"excerpt":{"rendered":"<p>Este gran lazo met\u00e1lico dorado es ideal para pasar y sujetar tirantes, cinchas y cintas textiles. S\u00f3lido y elegante, da un acabado de alta gama a trajes de ba\u00f1o, bikinis, lencer\u00eda y creaciones textiles profesionales.<\/p>\n<p>&nbsp;<\/p>\n<p><strong>Especificaciones t\u00e9cnicas:<\/strong><br \/>\nReferencia : DYG0169<br \/>\nMaterial(es): Metal<br \/>\nColor: dorado<\/p>\n<p>&nbsp;<\/p>\n<p><strong>Propiedades t\u00e9cnicas:<\/strong><br \/>\nA medida: disponible en tama\u00f1os personalizados y en distintos acabados (oro amarillo, oro amarillo brillante, oro rosa, plata, gris acero, bronce dorado) para adaptarse a sus dise\u00f1os.<br \/>\nPedidos al por mayor: precios bajos y opciones flexibles para sus colecciones.<br \/>\nDurabilidad excepcional: resiste los lavados sin alterar su aspecto.<br \/>\nRendimiento garantizado: alta resistencia a la tracci\u00f3n para un uso fiable y duradero.<br \/>\nProtecci\u00f3n avanzada: Perfecta para entornos acu\u00e1ticos gracias a su resistencia al cloro, al agua de mar y a la corrosi\u00f3n.<br \/>\nNormas cumplidas: sin plomo, n\u00edquel ni cromo, conforme a OEKO y respetuoso con el medio ambiente.<br \/>\nCompromiso con la calidad: materiales cuidadosamente seleccionados para unos acabados elegantes y duraderos.<\/p>","protected":false},"featured_media":60915,"comment_status":"closed","ping_status":"closed","template":"","meta":[],"product_brand":[],"product_cat":[212,140],"product_tag":[374],"class_list":{"0":"post-65340","1":"product","2":"type-product","3":"status-publish","4":"has-post-thumbnail","6":"product_cat-passants","7":"product_cat-accessoires","8":"product_tag-passant","9":"product_shipping_class-1-a-2kg","11":"first","12":"instock","13":"taxable","14":"shipping-taxable","15":"purchasable","16":"product-type-simple"},"_links":{"self":[{"href":"https:\/\/staging.dyrsan.fr\/es\/wp-json\/wp\/v2\/product\/65340","targetHints":{"allow":["GET"]}}],"collection":[{"href":"https:\/\/staging.dyrsan.fr\/es\/wp-json\/wp\/v2\/product"}],"about":[{"href":"https:\/\/staging.dyrsan.fr\/es\/wp-json\/wp\/v2\/types\/product"}],"replies":[{"embeddable":true,"href":"https:\/\/staging.dyrsan.fr\/es\/wp-json\/wp\/v2\/comments?post=65340"}],"version-history":[{"count":3,"href":"https:\/\/staging.dyrsan.fr\/es\/wp-json\/wp\/v2\/product\/65340\/revisions"}],"predecessor-version":[{"id":73186,"href":"https:\/\/staging.dyrsan.fr\/es\/wp-json\/wp\/v2\/product\/65340\/revisions\/73186"}],"wp:featuredmedia":[{"embeddable":true,"href":"https:\/\/staging.dyrsan.fr\/es\/wp-json\/wp\/v2\/media\/60915"}],"wp:attachment":[{"href":"https:\/\/staging.dyrsan.fr\/es\/wp-json\/wp\/v2\/media?parent=65340"}],"wp:term":[{"taxonomy":"product_brand","embeddable":true,"href":"https:\/\/staging.dyrsan.fr\/es\/wp-json\/wp\/v2\/product_brand?post=65340"},{"taxonomy":"product_cat","embeddable":true,"href":"https:\/\/staging.dyrsan.fr\/es\/wp-json\/wp\/v2\/product_cat?post=65340"},{"taxonomy":"product_tag","embeddable":true,"href":"https:\/\/staging.dyrsan.fr\/es\/wp-json\/wp\/v2\/product_tag?post=65340"}],"curies":[{"name":"wp","href":"https:\/\/api.w.org\/{rel}","templated":true}]}}